{"id":19914,"date":"2025-10-04T21:26:19","date_gmt":"2025-10-04T21:26:19","guid":{"rendered":"https:\/\/moodbudz.com\/product\/afghan-hash\/"},"modified":"2025-10-11T12:28:24","modified_gmt":"2025-10-11T12:28:24","slug":"afghanisches-haschisch","status":"publish","type":"product","link":"https:\/\/moodbudz.com\/de\/product\/afghan-hash\/","title":{"rendered":"Afghanisches Haschisch"},"content":{"rendered":"<h3 data-start=\"483\" data-end=\"515\"><strong data-start=\"487\" data-end=\"515\">\u00a0Was ist afghanisches Hasch?<\/strong><\/h3>\n<p data-start=\"516\" data-end=\"806\"><strong data-start=\"516\" data-end=\"531\">Afghanisches Haschisch<\/strong>, auch bekannt als <strong data-start=\"547\" data-end=\"568\">Afghanisches Schwarzes Haschisch<\/strong>, ist eine der bekanntesten Haschischsorten der Welt. Hergestellt aus <strong data-start=\"634\" data-end=\"701\">Premium-Indica-Cannabis, angebaut in den Bergregionen Afghanistans<\/strong>, ist dieser Hash <strong data-start=\"716\" data-end=\"753\">handgepresst mit Hitze und Geschick<\/strong>, und verwandelt sie in eine <strong data-start=\"773\" data-end=\"803\">dunkler, weicher und \u00f6liger Block<\/strong>.<\/p>\n<p data-start=\"808\" data-end=\"936\">Es ist seit Jahrzehnten ein Favorit unter Haschischliebhabern, weil es <strong data-start=\"874\" data-end=\"933\">starkes Aroma, schwerer K\u00f6rper, hoher und weicher, w\u00fcrziger Geschmack<\/strong>.<\/p>\n<p data-start=\"938\" data-end=\"1100\">Diese Raute ist ein echtes Symbol f\u00fcr <strong data-start=\"968\" data-end=\"997\">traditionelle Handwerkskunst<\/strong>, \u00fcberliefert durch <a href=\"https:\/\/moodbudz.com\/de\/product\/duke-nukem-sativa-dominante-hybrid-sorte\/\">Generationen<\/a> von afghanischen Bauern, die den Prozess mit Sorgfalt und Erfahrung perfektionieren.<\/p>\n<h3 data-start=\"1107\" data-end=\"1142\"><strong data-start=\"1111\" data-end=\"1142\">\u00a0Geschmack, Aroma und Wirkung<\/strong><\/h3>\n<ul data-start=\"1143\" data-end=\"1365\">\n<li data-start=\"1143\" data-end=\"1177\">\n<p data-start=\"1145\" data-end=\"1177\"><strong data-start=\"1145\" data-end=\"1155\">Farbe:<\/strong> Dunkelbraun bis schwarz<\/p>\n<\/li>\n<li data-start=\"1178\" data-end=\"1221\">\n<p data-start=\"1180\" data-end=\"1221\"><strong data-start=\"1180\" data-end=\"1192\">Textur:<\/strong> Weich, klebrig und flexibel<\/p>\n<\/li>\n<li data-start=\"1222\" data-end=\"1270\">\n<p data-start=\"1224\" data-end=\"1270\"><strong data-start=\"1224\" data-end=\"1234\">Aroma:<\/strong> Erdig, w\u00fcrzig und leicht s\u00fc\u00df<\/p>\n<\/li>\n<li data-start=\"1271\" data-end=\"1319\">\n<p data-start=\"1273\" data-end=\"1319\"><strong data-start=\"1273\" data-end=\"1284\">Geschmack:<\/strong> Tiefes Haschischgew\u00fcrz mit holzigen Noten<\/p>\n<\/li>\n<li data-start=\"1320\" data-end=\"1365\">\n<p data-start=\"1322\" data-end=\"1365\"><strong data-start=\"1322\" data-end=\"1334\">Auswirkungen:<\/strong> Ruhig, schwer, tief entspannend<\/p>\n<\/li>\n<\/ul>\n<h4 data-start=\"1367\" data-end=\"1394\"><strong data-start=\"1372\" data-end=\"1394\">Die Erfahrung<\/strong><\/h4>\n<p data-start=\"1395\" data-end=\"1572\">Wenn Sie rauchen <strong data-start=\"1410\" data-end=\"1425\">Afghanisches Haschisch<\/strong>, werden Sie ein Gef\u00fchl von <strong data-start=\"1442\" data-end=\"1472\">sofortige Welle der Entspannung<\/strong> die sich in Ihrem K\u00f6rper ausbreiten. Der Geschmack ist <strong data-start=\"1516\" data-end=\"1533\">reich und voll<\/strong>, mit dem klassischen Gew\u00fcrz der alten Schule.<\/p>\n<p data-start=\"1574\" data-end=\"1775\">Der H\u00f6hepunkt ist <strong data-start=\"1586\" data-end=\"1615\">leistungsstark und langlebig<\/strong>, und damit perfekt f\u00fcr <strong data-start=\"1639\" data-end=\"1654\">abendliche Nutzung<\/strong> oder wenn Sie <strong data-start=\"1675\" data-end=\"1696\">sich vollst\u00e4ndig entspannen<\/strong>. Erwarten Sie <strong data-start=\"1705\" data-end=\"1728\">einen starken Indica-Sto\u00df<\/strong> das den Geist beruhigt und Spannungen abbaut.<\/p>\n<h3 data-start=\"1782\" data-end=\"1821\"><strong data-start=\"1786\" data-end=\"1821\">Warum Sie Afghan Hash lieben werden<\/strong><\/h3>\n<ul data-start=\"1822\" data-end=\"2094\">\n<li data-start=\"1822\" data-end=\"1887\">\n<p data-start=\"1824\" data-end=\"1887\"><strong data-start=\"1824\" data-end=\"1851\">Authentischer afghanischer Import<\/strong>, hergestellt mit traditionellen Techniken<\/p>\n<\/li>\n<li data-start=\"1888\" data-end=\"1942\">\n<p data-start=\"1890\" data-end=\"1942\"><strong data-start=\"1890\" data-end=\"1919\">Hochwertiges Indica-Harz<\/strong>, weich und aromatisch<\/p>\n<\/li>\n<li data-start=\"1943\" data-end=\"1999\">\n<p data-start=\"1945\" data-end=\"1999\"><strong data-start=\"1945\" data-end=\"1965\">Starker K\u00f6rper hoch<\/strong>, ideal f\u00fcr Entspannung und Schlaf<\/p>\n<\/li>\n<li data-start=\"2000\" data-end=\"2045\">\n<p data-start=\"2002\" data-end=\"2045\"><strong data-start=\"2002\" data-end=\"2018\">Weiche Textur<\/strong>, leicht zu zerbr\u00f6seln und zu verwenden<\/p>\n<\/li>\n<li data-start=\"2046\" data-end=\"2094\">\n<p data-start=\"2048\" data-end=\"2094\"><strong data-start=\"2048\" data-end=\"2092\">Perfekt f\u00fcr Fugen, Rohre oder hei\u00dfe Messer<\/strong><\/p>\n<\/li>\n<\/ul>\n<p data-start=\"2096\" data-end=\"2208\">Jede Charge ist <strong data-start=\"2110\" data-end=\"2132\">sorgf\u00e4ltig ausgew\u00e4hlt<\/strong> f\u00fcr Konsistenz und Reinheit, damit Sie <strong data-start=\"2172\" data-end=\"2205\">Premiumqualit\u00e4t in jedem Gramm<\/strong>.<\/p>\n<h3 data-start=\"2215\" data-end=\"2242\"><strong data-start=\"2219\" data-end=\"2242\">\u00a0Details zum Produkt<\/strong><\/h3>\n<ul data-start=\"2243\" data-end=\"2516\">\n<li data-start=\"2243\" data-end=\"2286\">\n<p data-start=\"2245\" data-end=\"2286\"><strong data-start=\"2245\" data-end=\"2254\">Typ:<\/strong> Traditionelles afghanisches schwarzes Haschisch<\/p>\n<\/li>\n<li data-start=\"2287\" data-end=\"2314\">\n<p data-start=\"2289\" data-end=\"2314\"><strong data-start=\"2289\" data-end=\"2300\">Herkunft:<\/strong> Afghanistan<\/p>\n<\/li>\n<li data-start=\"2315\" data-end=\"2352\">\n<p data-start=\"2317\" data-end=\"2352\"><strong data-start=\"2317\" data-end=\"2333\">THC-Gehalt:<\/strong> 45-65% (ca.)<\/p>\n<\/li>\n<li data-start=\"2353\" data-end=\"2369\">\n<p data-start=\"2355\" data-end=\"2369\"><strong data-start=\"2355\" data-end=\"2363\">CBD:<\/strong> Niedrig<\/p>\n<\/li>\n<li data-start=\"2370\" data-end=\"2406\">\n<p data-start=\"2372\" data-end=\"2406\"><strong data-start=\"2372\" data-end=\"2388\">St\u00e4mme Typ:<\/strong> Indica dominant<\/p>\n<\/li>\n<li data-start=\"2407\" data-end=\"2440\">\n<p data-start=\"2409\" data-end=\"2440\"><strong data-start=\"2409\" data-end=\"2421\">Textur:<\/strong> Weich und biegsam<\/p>\n<\/li>\n<li data-start=\"2441\" data-end=\"2475\">\n<p data-start=\"2443\" data-end=\"2475\"><strong data-start=\"2443\" data-end=\"2451\">Verwendung:<\/strong> Rauchen oder Verdampfen<\/p>\n<\/li>\n<li data-start=\"2476\" data-end=\"2516\">\n<p data-start=\"2478\" data-end=\"2516\"><strong data-start=\"2478\" data-end=\"2492\">Verpackung:<\/strong> Luftdicht und diskret<\/p>\n<\/li>\n<\/ul>\n<h3 data-start=\"2523\" data-end=\"2553\"><strong data-start=\"2527\" data-end=\"2553\">\u00a0FAQs - Afghanisches Haschisch<\/strong><\/h3>\n<p data-start=\"2555\" data-end=\"2716\"><strong data-start=\"2555\" data-end=\"2594\">F1: Was ist das Besondere an Afghan Hash?<\/strong><br data-start=\"2594\" data-end=\"2597\" \/>Es ist <strong data-start=\"2602\" data-end=\"2637\">handgefertigt aus reinem Indica-Harz<\/strong> durch Hitze und Druck, wodurch es seine ber\u00fchmte <strong data-start=\"2684\" data-end=\"2713\">dunkle Farbe und reiches Aroma<\/strong>.<\/p>\n<p data-start=\"2718\" data-end=\"2830\"><strong data-start=\"2718\" data-end=\"2739\">F2: Ist sie stark?<\/strong><br data-start=\"2739\" data-end=\"2742\" \/>Ja. Afghan Hash bietet eine <strong data-start=\"2768\" data-end=\"2793\">starker, entspannender Rausch<\/strong> Das ist gro\u00dfartig f\u00fcr abendliche Sitzungen.<\/p>\n<p data-start=\"2832\" data-end=\"2944\"><strong data-start=\"2832\" data-end=\"2864\">F3: Wie schmeckt es?<\/strong><br data-start=\"2864\" data-end=\"2867\" \/>Sie hat eine <strong data-start=\"2876\" data-end=\"2900\">w\u00fcrziger, erdiger Geschmack<\/strong> mit sanften Untert\u00f6nen von Holz und Kr\u00e4utern.<\/p>\n<p data-start=\"2946\" data-end=\"3074\"><strong data-start=\"2946\" data-end=\"2985\">F4: Wie sollte ich afghanisches Haschisch aufbewahren?<\/strong><br data-start=\"2985\" data-end=\"2988\" \/>Behalten Sie es <strong data-start=\"2996\" data-end=\"3034\">in einem k\u00fchlen, trockenen, luftdichten Beh\u00e4lter<\/strong> um seine Weichheit und Wirksamkeit zu erhalten.<\/p>\n<p data-start=\"3076\" data-end=\"3179\"><strong data-start=\"3076\" data-end=\"3111\">F5: Ist das f\u00fcr Anf\u00e4nger geeignet?<\/strong><br data-start=\"3111\" data-end=\"3114\" \/>Ja - nur <strong data-start=\"3125\" data-end=\"3140\">klein anfangen<\/strong>, da die Auswirkungen sehr stark sein k\u00f6nnen.<\/p>","protected":false},"excerpt":{"rendered":"<p data-start=\"243\" data-end=\"406\"><strong data-start=\"243\" data-end=\"258\">Afghanisches Haschisch<\/strong> - rein, stark und traditionell. Handgefertigt in Afghanistan mit alten Methoden, die ein tiefes Aroma, einen sanften Rauch und ein starkes k\u00f6rperliches High erzeugen.<\/p>","protected":false},"featured_media":19913,"comment_status":"open","ping_status":"closed","template":"","meta":[],"product_brand":[],"product_cat":[86],"product_tag":[],"class_list":{"0":"post-19914","1":"product","2":"type-product","3":"status-publish","4":"has-post-thumbnail","6":"product_cat-hash","8":"first","9":"instock","10":"shipping-taxable","11":"purchasable","12":"product-type-simple"},"yoast_head":"<!-- This site is optimized with the Yoast SEO Premium plugin v26.0 (Yoast SEO v27.3) - https:\/\/yoast.com\/product\/yoast-seo-premium-wordpress\/ -->\n<title>Buy Afghan Hash Online | Authentic Black Hash from Afghanistan<\/title>\n<meta name=\"description\" content=\"Pure, strong, and traditional \u2014 Afghan Hash delivers a classic body high and smooth smoke. Imported from Afghanistan and packaged fresh for worldwide delivery.\" \/>\n<meta name=\"robots\" content=\"index, follow, max-snippet:-1, max-image-preview:large, max-video-preview:-1\" \/>\n<link rel=\"canonical\" href=\"https:\/\/moodbudz.com\/de\/product\/afghanisches-haschisch\/\" \/>\n<meta property=\"og:locale\" content=\"de_DE\" \/>\n<meta property=\"og:type\" content=\"article\" \/>\n<meta property=\"og:title\" content=\"Afghan Hash\" \/>\n<meta property=\"og:description\" content=\"Pure, strong, and traditional \u2014 Afghan Hash delivers a classic body high and smooth smoke. Imported from Afghanistan and packaged fresh for worldwide delivery.\" \/>\n<meta property=\"og:url\" content=\"https:\/\/moodbudz.com\/de\/product\/afghanisches-haschisch\/\" \/>\n<meta property=\"og:site_name\" content=\"MoodBudz\" \/>\n<meta property=\"article:modified_time\" content=\"2025-10-11T12:28:24+00:00\" \/>\n<meta property=\"og:image\" content=\"https:\/\/moodbudz.com\/wp-content\/uploads\/2025\/10\/afghan-hash.jpg\" \/>\n\t<meta property=\"og:image:width\" content=\"600\" \/>\n\t<meta property=\"og:image:height\" content=\"600\" \/>\n\t<meta property=\"og:image:type\" content=\"image\/jpeg\" \/>\n<meta name=\"twitter:card\" content=\"summary_large_image\" \/>\n<meta name=\"twitter:label1\" content=\"Preis\" \/>\n\t<meta name=\"twitter:data1\" content=\"&#036;8.00\" \/>\n\t<meta name=\"twitter:label2\" content=\"Verf\u00fcgbarkeit\" \/>\n\t<meta name=\"twitter:data2\" content=\"Auf Lager\" \/>\n<script type=\"application\/ld+json\" class=\"yoast-schema-graph\">{\"@context\":\"https:\\\/\\\/schema.org\",\"@graph\":[{\"@type\":\"WebPage\",\"@id\":\"https:\\\/\\\/moodbudz.com\\\/product\\\/afghan-hash\\\/\",\"url\":\"https:\\\/\\\/moodbudz.com\\\/product\\\/afghan-hash\\\/\",\"name\":\"Buy Afghan Hash Online | Authentic Black Hash from Afghanistan\",\"isPartOf\":{\"@id\":\"https:\\\/\\\/moodbudz.com\\\/#website\"},\"primaryImageOfPage\":{\"@id\":\"https:\\\/\\\/moodbudz.com\\\/product\\\/afghan-hash\\\/#primaryimage\"},\"image\":{\"@id\":\"https:\\\/\\\/moodbudz.com\\\/product\\\/afghan-hash\\\/#primaryimage\"},\"thumbnailUrl\":\"https:\\\/\\\/moodbudz.com\\\/wp-content\\\/uploads\\\/2025\\\/10\\\/afghan-hash.jpg\",\"datePublished\":\"2025-10-04T21:26:19+00:00\",\"dateModified\":\"2025-10-11T12:28:24+00:00\",\"description\":\"Pure, strong, and traditional \u2014 Afghan Hash delivers a classic body high and smooth smoke. Imported from Afghanistan and packaged fresh for worldwide delivery.\",\"breadcrumb\":{\"@id\":\"https:\\\/\\\/moodbudz.com\\\/product\\\/afghan-hash\\\/#breadcrumb\"},\"inLanguage\":\"de\",\"potentialAction\":[{\"@type\":\"ReadAction\",\"target\":[\"https:\\\/\\\/moodbudz.com\\\/product\\\/afghan-hash\\\/\"]}]},{\"@type\":\"ImageObject\",\"inLanguage\":\"de\",\"@id\":\"https:\\\/\\\/moodbudz.com\\\/product\\\/afghan-hash\\\/#primaryimage\",\"url\":\"https:\\\/\\\/moodbudz.com\\\/wp-content\\\/uploads\\\/2025\\\/10\\\/afghan-hash.jpg\",\"contentUrl\":\"https:\\\/\\\/moodbudz.com\\\/wp-content\\\/uploads\\\/2025\\\/10\\\/afghan-hash.jpg\",\"width\":600,\"height\":600,\"caption\":\"Afghan Hash\"},{\"@type\":\"BreadcrumbList\",\"@id\":\"https:\\\/\\\/moodbudz.com\\\/product\\\/afghan-hash\\\/#breadcrumb\",\"itemListElement\":[{\"@type\":\"ListItem\",\"position\":1,\"name\":\"Home\",\"item\":\"https:\\\/\\\/moodbudz.com\\\/\"},{\"@type\":\"ListItem\",\"position\":2,\"name\":\"Shop\",\"item\":\"https:\\\/\\\/moodbudz.com\\\/shop\\\/\"},{\"@type\":\"ListItem\",\"position\":3,\"name\":\"Afghan Hash\"}]},{\"@type\":\"WebSite\",\"@id\":\"https:\\\/\\\/moodbudz.com\\\/#website\",\"url\":\"https:\\\/\\\/moodbudz.com\\\/\",\"name\":\"MoodBudz\",\"description\":\"Buy Premium Cannabis Online Safely and Legally\",\"publisher\":{\"@id\":\"https:\\\/\\\/moodbudz.com\\\/#organization\"},\"alternateName\":\"MBudz\",\"potentialAction\":[{\"@type\":\"SearchAction\",\"target\":{\"@type\":\"EntryPoint\",\"urlTemplate\":\"https:\\\/\\\/moodbudz.com\\\/?s={search_term_string}\"},\"query-input\":{\"@type\":\"PropertyValueSpecification\",\"valueRequired\":true,\"valueName\":\"search_term_string\"}}],\"inLanguage\":\"de\"},{\"@type\":\"Organization\",\"@id\":\"https:\\\/\\\/moodbudz.com\\\/#organization\",\"name\":\"MoodBudz\",\"alternateName\":\"WeedBudz\",\"url\":\"https:\\\/\\\/moodbudz.com\\\/\",\"logo\":{\"@type\":\"ImageObject\",\"inLanguage\":\"de\",\"@id\":\"https:\\\/\\\/moodbudz.com\\\/#\\\/schema\\\/logo\\\/image\\\/\",\"url\":\"https:\\\/\\\/moodbudz.com\\\/wp-content\\\/uploads\\\/2025\\\/08\\\/Add-a-heading-1.png\",\"contentUrl\":\"https:\\\/\\\/moodbudz.com\\\/wp-content\\\/uploads\\\/2025\\\/08\\\/Add-a-heading-1.png\",\"width\":186,\"height\":65,\"caption\":\"MoodBudz\"},\"image\":{\"@id\":\"https:\\\/\\\/moodbudz.com\\\/#\\\/schema\\\/logo\\\/image\\\/\"},\"hasMerchantReturnPolicy\":{\"@type\":\"MerchantReturnPolicy\",\"merchantReturnLink\":\"https:\\\/\\\/moodbudz.com\\\/de\\\/refund_returns\\\/\"}}]}<\/script>\n<meta property=\"product:brand\" content=\"simple\" \/>\n<meta property=\"product:price:amount\" content=\"8.00\" \/>\n<meta property=\"product:price:currency\" content=\"USD\" \/>\n<meta property=\"og:availability\" content=\"instock\" \/>\n<meta property=\"product:availability\" content=\"instock\" \/>\n<meta property=\"product:condition\" content=\"new\" \/>\n<!-- \/ Yoast SEO Premium plugin. -->","yoast_head_json":{"title":"Afghanisches Hasch online kaufen | Authentisches schwarzes Hasch aus Afghanistan","description":"Rein, stark und traditionell - Afghan Hash liefert ein klassisches K\u00f6rper-High und einen weichen Rauch. Importiert aus Afghanistan und frisch verpackt f\u00fcr den weltweiten Versand.","robots":{"index":"index","follow":"follow","max-snippet":"max-snippet:-1","max-image-preview":"max-image-preview:large","max-video-preview":"max-video-preview:-1"},"canonical":"https:\/\/moodbudz.com\/de\/product\/afghanisches-haschisch\/","og_locale":"de_DE","og_type":"article","og_title":"Afghan Hash","og_description":"Pure, strong, and traditional \u2014 Afghan Hash delivers a classic body high and smooth smoke. Imported from Afghanistan and packaged fresh for worldwide delivery.","og_url":"https:\/\/moodbudz.com\/de\/product\/afghanisches-haschisch\/","og_site_name":"MoodBudz","article_modified_time":"2025-10-11T12:28:24+00:00","og_image":[{"width":600,"height":600,"url":"https:\/\/moodbudz.com\/wp-content\/uploads\/2025\/10\/afghan-hash.jpg","type":"image\/jpeg"}],"twitter_card":"summary_large_image","twitter_misc":{"Preis":"&#36;8.00","Verf\u00fcgbarkeit":"Auf Lager"},"schema":{"@context":"https:\/\/schema.org","@graph":[{"@type":"WebPage","@id":"https:\/\/moodbudz.com\/product\/afghan-hash\/","url":"https:\/\/moodbudz.com\/product\/afghan-hash\/","name":"Afghanisches Hasch online kaufen | Authentisches schwarzes Hasch aus Afghanistan","isPartOf":{"@id":"https:\/\/moodbudz.com\/#website"},"primaryImageOfPage":{"@id":"https:\/\/moodbudz.com\/product\/afghan-hash\/#primaryimage"},"image":{"@id":"https:\/\/moodbudz.com\/product\/afghan-hash\/#primaryimage"},"thumbnailUrl":"https:\/\/moodbudz.com\/wp-content\/uploads\/2025\/10\/afghan-hash.jpg","datePublished":"2025-10-04T21:26:19+00:00","dateModified":"2025-10-11T12:28:24+00:00","description":"Rein, stark und traditionell - Afghan Hash liefert ein klassisches K\u00f6rper-High und einen weichen Rauch. Importiert aus Afghanistan und frisch verpackt f\u00fcr den weltweiten Versand.","breadcrumb":{"@id":"https:\/\/moodbudz.com\/product\/afghan-hash\/#breadcrumb"},"inLanguage":"de","potentialAction":[{"@type":"ReadAction","target":["https:\/\/moodbudz.com\/product\/afghan-hash\/"]}]},{"@type":"ImageObject","inLanguage":"de","@id":"https:\/\/moodbudz.com\/product\/afghan-hash\/#primaryimage","url":"https:\/\/moodbudz.com\/wp-content\/uploads\/2025\/10\/afghan-hash.jpg","contentUrl":"https:\/\/moodbudz.com\/wp-content\/uploads\/2025\/10\/afghan-hash.jpg","width":600,"height":600,"caption":"Afghan Hash"},{"@type":"BreadcrumbList","@id":"https:\/\/moodbudz.com\/product\/afghan-hash\/#breadcrumb","itemListElement":[{"@type":"ListItem","position":1,"name":"Home","item":"https:\/\/moodbudz.com\/"},{"@type":"ListItem","position":2,"name":"Shop","item":"https:\/\/moodbudz.com\/shop\/"},{"@type":"ListItem","position":3,"name":"Afghan Hash"}]},{"@type":"WebSite","@id":"https:\/\/moodbudz.com\/#website","url":"https:\/\/moodbudz.com\/","name":"MoodBudz","description":"Kaufen Sie Premium-Cannabis sicher und legal online","publisher":{"@id":"https:\/\/moodbudz.com\/#organization"},"alternateName":"MBudz","potentialAction":[{"@type":"SearchAction","target":{"@type":"EntryPoint","urlTemplate":"https:\/\/moodbudz.com\/?s={search_term_string}"},"query-input":{"@type":"PropertyValueSpecification","valueRequired":true,"valueName":"search_term_string"}}],"inLanguage":"de"},{"@type":"Organization","@id":"https:\/\/moodbudz.com\/#organization","name":"MoodBudz","alternateName":"WeedBudz","url":"https:\/\/moodbudz.com\/","logo":{"@type":"ImageObject","inLanguage":"de","@id":"https:\/\/moodbudz.com\/#\/schema\/logo\/image\/","url":"https:\/\/moodbudz.com\/wp-content\/uploads\/2025\/08\/Add-a-heading-1.png","contentUrl":"https:\/\/moodbudz.com\/wp-content\/uploads\/2025\/08\/Add-a-heading-1.png","width":186,"height":65,"caption":"MoodBudz"},"image":{"@id":"https:\/\/moodbudz.com\/#\/schema\/logo\/image\/"},"hasMerchantReturnPolicy":{"@type":"MerchantReturnPolicy","merchantReturnLink":"https:\/\/moodbudz.com\/de\/refund_returns\/"}}]},"product_brand":"simple","product_price_amount":"8.00","product_price_currency":"USD","og_availability":"instock","product_availability":"instock","product_condition":"new"},"_links":{"self":[{"href":"https:\/\/moodbudz.com\/de\/wp-json\/wp\/v2\/product\/19914","targetHints":{"allow":["GET"]}}],"collection":[{"href":"https:\/\/moodbudz.com\/de\/wp-json\/wp\/v2\/product"}],"about":[{"href":"https:\/\/moodbudz.com\/de\/wp-json\/wp\/v2\/types\/product"}],"replies":[{"embeddable":true,"href":"https:\/\/moodbudz.com\/de\/wp-json\/wp\/v2\/comments?post=19914"}],"version-history":[{"count":2,"href":"https:\/\/moodbudz.com\/de\/wp-json\/wp\/v2\/product\/19914\/revisions"}],"predecessor-version":[{"id":19995,"href":"https:\/\/moodbudz.com\/de\/wp-json\/wp\/v2\/product\/19914\/revisions\/19995"}],"wp:featuredmedia":[{"embeddable":true,"href":"https:\/\/moodbudz.com\/de\/wp-json\/wp\/v2\/media\/19913"}],"wp:attachment":[{"href":"https:\/\/moodbudz.com\/de\/wp-json\/wp\/v2\/media?parent=19914"}],"wp:term":[{"taxonomy":"product_brand","embeddable":true,"href":"https:\/\/moodbudz.com\/de\/wp-json\/wp\/v2\/product_brand?post=19914"},{"taxonomy":"product_cat","embeddable":true,"href":"https:\/\/moodbudz.com\/de\/wp-json\/wp\/v2\/product_cat?post=19914"},{"taxonomy":"product_tag","embeddable":true,"href":"https:\/\/moodbudz.com\/de\/wp-json\/wp\/v2\/product_tag?post=19914"}],"curies":[{"name":"wp","href":"https:\/\/api.w.org\/{rel}","templated":true}]}}