{"id":255,"date":"2025-08-08T19:52:06","date_gmt":"2025-08-08T19:52:06","guid":{"rendered":"https:\/\/moodbudz.com\/product\/raspberry-soda-cali-weed-cali-packs\/"},"modified":"2026-03-15T16:20:39","modified_gmt":"2026-03-15T16:20:39","slug":"himbeerlimonade","status":"publish","type":"product","link":"https:\/\/moodbudz.com\/de\/product\/raspberry-soda\/","title":{"rendered":"Himbeer-Soda"},"content":{"rendered":"<h3 data-start=\"562\" data-end=\"610\"><strong data-start=\"566\" data-end=\"608\">Warum Raspberry Soda Weed Strain kaufen<\/strong><\/h3>\n<p data-start=\"611\" data-end=\"902\">Wenn Sie <strong data-start=\"620\" data-end=\"649\">Raspberry Soda Stamm kaufen<\/strong>, w\u00e4hlen Sie eine <a href=\"https:\/\/moodbudz.com\/de\/product\/scout-master-sorte\/\"><strong data-start=\"669\" data-end=\"687\">Premium-Hybrid<\/strong><\/a> der die <strong data-start=\"702\" data-end=\"759\">s\u00fc\u00dfer Himbeergeschmack mit sanfter, ausgewogener Wirkung.<\/strong> Ideal f\u00fcr <strong data-start=\"770\" data-end=\"827\">Kreativit\u00e4t am Tag, geselliges Beisammensein oder Stressabbau<\/strong>, liefert sie eine <strong data-start=\"843\" data-end=\"900\">Angenehmer, erhebender Rausch mit sanfter K\u00f6rperentspannung.<\/strong><\/p>\n<p data-start=\"904\" data-end=\"1113\">Im Gegensatz zu gew\u00f6hnlichen Hybriden, die sich hart oder unausgewogen anf\u00fchlen k\u00f6nnen, bietet Raspberry Soda <strong data-start=\"985\" data-end=\"1050\">weicher, aromatischer Rauch mit gleichm\u00e4\u00dfiger und angenehmer Wirkung<\/strong>, und ist damit sowohl f\u00fcr Einsteiger als auch f\u00fcr erfahrene Benutzer geeignet.<\/p>\n<h3 data-start=\"1120\" data-end=\"1157\"><strong data-start=\"1124\" data-end=\"1155\">\u00a0Geschmack, Aroma und Wirkung<\/strong><\/h3>\n<ul>\n<li data-start=\"1160\" data-end=\"1226\"><strong data-start=\"1160\" data-end=\"1170\">Geschmack:<\/strong> S\u00fc\u00dfe Himbeere, fruchtig, mit subtilen Bonbonuntert\u00f6nen<\/li>\n<li data-start=\"1229\" data-end=\"1282\"><strong data-start=\"1229\" data-end=\"1239\">Aroma:<\/strong> Fruchtige Himbeere mit leicht erdigen Noten<\/li>\n<li data-start=\"1285\" data-end=\"1353\"><strong data-start=\"1285\" data-end=\"1297\">Auswirkungen:<\/strong> Aufmunternd, entspannend, stimmungsaufhellend, sanfte K\u00f6rperberuhigung<\/li>\n<li data-start=\"1356\" data-end=\"1430\"><strong data-start=\"1356\" data-end=\"1369\">Beste Verwendung:<\/strong> Tags\u00fcber, soziale Treffen, kreative Projekte, Stressabbau<\/li>\n<\/ul>\n<p data-start=\"1432\" data-end=\"1460\"><strong data-start=\"1432\" data-end=\"1458\">\u00a0Schmerzpunkte behoben<\/strong><\/p>\n<ul>\n<li data-start=\"1463\" data-end=\"1545\">Lust auf s\u00fc\u00dfe, fruchtige Hybridknospen? Raspberry Soda liefert <strong data-start=\"1519\" data-end=\"1543\">Hits mit Beerengeschmack.<\/strong><\/li>\n<li data-start=\"1548\" data-end=\"1655\">Sie brauchen einen ausgewogenen Rausch ohne starke Sedierung? Sanfte Effekte<a href=\"https:\/\/moodbudz.com\/de\/product\/variety-allen-wrench-sativa\/\"> anbieten.<\/a> <strong data-start=\"1616\" data-end=\"1653\">ruhiges K\u00f6rpergef\u00fchl und leichte Euphorie.<\/strong><\/li>\n<li data-start=\"1658\" data-end=\"1748\">Haben Sie genug von hartem Rauch? Die dichten, trichomenreichen Knospen produzieren <strong data-start=\"1714\" data-end=\"1746\">weiche und gleichm\u00e4\u00dfige Z\u00fcge.<\/strong><\/li>\n<\/ul>\n<h3 data-start=\"2136\" data-end=\"2181\"><strong data-start=\"2140\" data-end=\"2179\">\u00a0Warum Raucher Himbeer-Soda lieben<\/strong><\/h3>\n<p data-start=\"2182\" data-end=\"2419\">Himbeer-Soda ist beliebt f\u00fcr seine <strong data-start=\"2214\" data-end=\"2278\">s\u00fc\u00dfer fruchtiger Geschmack, sanfter Rauch und ausgewogenes Hybrid-High.<\/strong> Perfekt f\u00fcr <strong data-start=\"2291\" data-end=\"2313\">Einsatz tags\u00fcber oder abends<\/strong>, liefert er <strong data-start=\"2327\" data-end=\"2389\">gehobene Stimmung, sanfte K\u00f6rperentspannung und aromatischer Rauch<\/strong> ohne \u00fcberw\u00e4ltigend zu sein.<\/p>\n<p data-start=\"2421\" data-end=\"2483\">Wenn Sie <strong data-start=\"2430\" data-end=\"2464\">Raspberry Soda kaufen Unkraut Stamm<\/strong>, erhalten Sie:<\/p>\n<ul>\n<li data-start=\"2486\" data-end=\"2543\"><strong data-start=\"2486\" data-end=\"2512\">S\u00fc\u00dfer Himbeergeschmack<\/strong> mit dezenten Bonbonuntert\u00f6nen<\/li>\n<li data-start=\"2546\" data-end=\"2593\"><strong data-start=\"2546\" data-end=\"2573\">Ausgewogene Hybrideffekte<\/strong> f\u00fcr Geist und K\u00f6rper<\/li>\n<li data-start=\"2596\" data-end=\"2630\"><strong data-start=\"2596\" data-end=\"2628\">Hochwertige trichombeschichtete Knospen<\/strong><\/li>\n<li data-start=\"2633\" data-end=\"2666\"><strong data-start=\"2633\" data-end=\"2664\">Diskreter weltweiter Versand<\/strong><\/li>\n<\/ul>\n<h3 data-start=\"2673\" data-end=\"2709\"><strong data-start=\"2677\" data-end=\"2707\">\u00a0FAQs - Fragen des K\u00e4ufers<\/strong><\/h3>\n<p data-start=\"2711\" data-end=\"2830\"><strong data-start=\"2711\" data-end=\"2755\">F1: Ist Raspberry Soda anf\u00e4ngerfreundlich?<\/strong><br data-start=\"2755\" data-end=\"2758\" \/>Ja - sanft und geschmackvoll, aber beginnen Sie aufgrund der Potenz mit kleinen Dosen.<\/p>\n<p data-start=\"2832\" data-end=\"2914\"><strong data-start=\"2832\" data-end=\"2864\">F2: Wie schmeckt es?<\/strong><br data-start=\"2864\" data-end=\"2867\" \/>S\u00fc\u00dfe Himbeere mit subtilen Bonbonuntert\u00f6nen.<\/p>\n<p data-start=\"2916\" data-end=\"2998\"><strong data-start=\"2916\" data-end=\"2949\">F3: Wie lange halten die Wirkungen an?<\/strong><br data-start=\"2949\" data-end=\"2952\" \/>2-4 Stunden je nach Dosierung und Vertr\u00e4glichkeit.<\/p>\n<p data-start=\"3000\" data-end=\"3123\"><strong data-start=\"3000\" data-end=\"3044\">F4: Ist es besser f\u00fcr den Tag oder den Abend geeignet?<\/strong><br data-start=\"3044\" data-end=\"3047\" \/>Beides - kleine Mengen f\u00fcr den Tag, gr\u00f6\u00dfere Mengen f\u00fcr die Entspannung am Abend.<\/p>\n<p data-start=\"3125\" data-end=\"3221\"><strong data-start=\"3125\" data-end=\"3154\">F5: Ist der Versand diskret?<\/strong><br data-start=\"3154\" data-end=\"3157\" \/>Immer - vakuumversiegelt, geruchssicher, heimlich weltweit verschickt.<\/p>","protected":false},"excerpt":{"rendered":"<p data-start=\"317\" data-end=\"524\">S\u00fc\u00df, fruchtig und lebendig - <strong data-start=\"346\" data-end=\"376\">Himbeere Soda Unkrautstamm<\/strong> liefert geschmackvolle Hybrid-Knospen mit erhebender und entspannender Wirkung. Perfekt f\u00fcr tags\u00fcber Kreativit\u00e4t oder Abend Chill, diskreten weltweiten Versand.<\/p>","protected":false},"featured_media":20169,"comment_status":"open","ping_status":"closed","template":"","meta":[],"product_brand":[],"product_cat":[18],"product_tag":[],"class_list":{"0":"post-255","1":"product","2":"type-product","3":"status-publish","4":"has-post-thumbnail","6":"product_cat-cannabis-varieties","8":"first","9":"instock","10":"shipping-taxable","11":"purchasable","12":"product-type-simple"},"yoast_head":"<!-- This site is optimized with the Yoast SEO Premium plugin v26.0 (Yoast SEO v27.3) - https:\/\/yoast.com\/product\/yoast-seo-premium-wordpress\/ -->\n<title>Buy Raspberry Soda Strain | Hybrid Weed<\/title>\n<meta name=\"description\" content=\"Sweet and fruity \u2014 buy Raspberry Soda weed strain for balanced hybrid effects, premium buds, and discreet worldwide shipping.\" \/>\n<meta name=\"robots\" content=\"index, follow, max-snippet:-1, max-image-preview:large, max-video-preview:-1\" \/>\n<link rel=\"canonical\" href=\"https:\/\/moodbudz.com\/de\/product\/himbeerlimonade\/\" \/>\n<meta property=\"og:locale\" content=\"de_DE\" \/>\n<meta property=\"og:type\" content=\"article\" \/>\n<meta property=\"og:title\" content=\"Raspberry Soda\" \/>\n<meta property=\"og:description\" content=\"Sweet and fruity \u2014 buy Raspberry Soda weed strain for balanced hybrid effects, premium buds, and discreet worldwide shipping.\" \/>\n<meta property=\"og:url\" content=\"https:\/\/moodbudz.com\/de\/product\/himbeerlimonade\/\" \/>\n<meta property=\"og:site_name\" content=\"MoodBudz\" \/>\n<meta property=\"article:modified_time\" content=\"2026-03-15T16:20:39+00:00\" \/>\n<meta property=\"og:image\" content=\"https:\/\/moodbudz.com\/wp-content\/uploads\/2025\/08\/Raspberry-Soda-Strain-Hybrid-Weed.jpg\" \/>\n\t<meta property=\"og:image:width\" content=\"500\" \/>\n\t<meta property=\"og:image:height\" content=\"500\" \/>\n\t<meta property=\"og:image:type\" content=\"image\/jpeg\" \/>\n<meta name=\"twitter:card\" content=\"summary_large_image\" \/>\n<meta name=\"twitter:label1\" content=\"Preis\" \/>\n\t<meta name=\"twitter:data1\" content=\"&#036;120.00\" \/>\n\t<meta name=\"twitter:label2\" content=\"Verf\u00fcgbarkeit\" \/>\n\t<meta name=\"twitter:data2\" content=\"Auf Lager\" \/>\n<script type=\"application\/ld+json\" class=\"yoast-schema-graph\">{\"@context\":\"https:\\\/\\\/schema.org\",\"@graph\":[{\"@type\":\"WebPage\",\"@id\":\"https:\\\/\\\/moodbudz.com\\\/product\\\/raspberry-soda\\\/\",\"url\":\"https:\\\/\\\/moodbudz.com\\\/product\\\/raspberry-soda\\\/\",\"name\":\"Buy Raspberry Soda Strain | Hybrid Weed\",\"isPartOf\":{\"@id\":\"https:\\\/\\\/moodbudz.com\\\/#website\"},\"primaryImageOfPage\":{\"@id\":\"https:\\\/\\\/moodbudz.com\\\/product\\\/raspberry-soda\\\/#primaryimage\"},\"image\":{\"@id\":\"https:\\\/\\\/moodbudz.com\\\/product\\\/raspberry-soda\\\/#primaryimage\"},\"thumbnailUrl\":\"https:\\\/\\\/moodbudz.com\\\/wp-content\\\/uploads\\\/2025\\\/08\\\/Raspberry-Soda-Strain-Hybrid-Weed.jpg\",\"datePublished\":\"2025-08-08T19:52:06+00:00\",\"dateModified\":\"2026-03-15T16:20:39+00:00\",\"description\":\"Sweet and fruity \u2014 buy Raspberry Soda weed strain for balanced hybrid effects, premium buds, and discreet worldwide shipping.\",\"breadcrumb\":{\"@id\":\"https:\\\/\\\/moodbudz.com\\\/product\\\/raspberry-soda\\\/#breadcrumb\"},\"inLanguage\":\"de\",\"potentialAction\":[{\"@type\":\"ReadAction\",\"target\":[\"https:\\\/\\\/moodbudz.com\\\/product\\\/raspberry-soda\\\/\"]}]},{\"@type\":\"ImageObject\",\"inLanguage\":\"de\",\"@id\":\"https:\\\/\\\/moodbudz.com\\\/product\\\/raspberry-soda\\\/#primaryimage\",\"url\":\"https:\\\/\\\/moodbudz.com\\\/wp-content\\\/uploads\\\/2025\\\/08\\\/Raspberry-Soda-Strain-Hybrid-Weed.jpg\",\"contentUrl\":\"https:\\\/\\\/moodbudz.com\\\/wp-content\\\/uploads\\\/2025\\\/08\\\/Raspberry-Soda-Strain-Hybrid-Weed.jpg\",\"width\":500,\"height\":500,\"caption\":\"Buy Raspberry Soda Strain Hybrid Weed\"},{\"@type\":\"BreadcrumbList\",\"@id\":\"https:\\\/\\\/moodbudz.com\\\/product\\\/raspberry-soda\\\/#breadcrumb\",\"itemListElement\":[{\"@type\":\"ListItem\",\"position\":1,\"name\":\"Home\",\"item\":\"https:\\\/\\\/moodbudz.com\\\/\"},{\"@type\":\"ListItem\",\"position\":2,\"name\":\"Shop\",\"item\":\"https:\\\/\\\/moodbudz.com\\\/shop\\\/\"},{\"@type\":\"ListItem\",\"position\":3,\"name\":\"Raspberry Soda\"}]},{\"@type\":\"WebSite\",\"@id\":\"https:\\\/\\\/moodbudz.com\\\/#website\",\"url\":\"https:\\\/\\\/moodbudz.com\\\/\",\"name\":\"MoodBudz\",\"description\":\"Buy Premium Cannabis Online Safely and Legally\",\"publisher\":{\"@id\":\"https:\\\/\\\/moodbudz.com\\\/#organization\"},\"alternateName\":\"MBudz\",\"potentialAction\":[{\"@type\":\"SearchAction\",\"target\":{\"@type\":\"EntryPoint\",\"urlTemplate\":\"https:\\\/\\\/moodbudz.com\\\/?s={search_term_string}\"},\"query-input\":{\"@type\":\"PropertyValueSpecification\",\"valueRequired\":true,\"valueName\":\"search_term_string\"}}],\"inLanguage\":\"de\"},{\"@type\":\"Organization\",\"@id\":\"https:\\\/\\\/moodbudz.com\\\/#organization\",\"name\":\"MoodBudz\",\"alternateName\":\"WeedBudz\",\"url\":\"https:\\\/\\\/moodbudz.com\\\/\",\"logo\":{\"@type\":\"ImageObject\",\"inLanguage\":\"de\",\"@id\":\"https:\\\/\\\/moodbudz.com\\\/#\\\/schema\\\/logo\\\/image\\\/\",\"url\":\"https:\\\/\\\/moodbudz.com\\\/wp-content\\\/uploads\\\/2025\\\/08\\\/Add-a-heading-1.png\",\"contentUrl\":\"https:\\\/\\\/moodbudz.com\\\/wp-content\\\/uploads\\\/2025\\\/08\\\/Add-a-heading-1.png\",\"width\":186,\"height\":65,\"caption\":\"MoodBudz\"},\"image\":{\"@id\":\"https:\\\/\\\/moodbudz.com\\\/#\\\/schema\\\/logo\\\/image\\\/\"},\"hasMerchantReturnPolicy\":{\"@type\":\"MerchantReturnPolicy\",\"merchantReturnLink\":\"https:\\\/\\\/moodbudz.com\\\/de\\\/refund_returns\\\/\"}}]}<\/script>\n<meta property=\"product:brand\" content=\"simple\" \/>\n<meta property=\"product:price:amount\" content=\"120.00\" \/>\n<meta property=\"product:price:currency\" content=\"USD\" \/>\n<meta property=\"og:availability\" content=\"instock\" \/>\n<meta property=\"product:availability\" content=\"instock\" \/>\n<meta property=\"product:condition\" content=\"new\" \/>\n<!-- \/ Yoast SEO Premium plugin. -->","yoast_head_json":{"title":"Kaufen Raspberry Soda Strain | Hybrid Weed","description":"S\u00fc\u00df und fruchtig - kaufen Sie Raspberry Soda f\u00fcr eine ausgewogene Hybrid-Wirkung, Premium-Knospen und diskreten weltweiten Versand.","robots":{"index":"index","follow":"follow","max-snippet":"max-snippet:-1","max-image-preview":"max-image-preview:large","max-video-preview":"max-video-preview:-1"},"canonical":"https:\/\/moodbudz.com\/de\/product\/himbeerlimonade\/","og_locale":"de_DE","og_type":"article","og_title":"Raspberry Soda","og_description":"Sweet and fruity \u2014 buy Raspberry Soda weed strain for balanced hybrid effects, premium buds, and discreet worldwide shipping.","og_url":"https:\/\/moodbudz.com\/de\/product\/himbeerlimonade\/","og_site_name":"MoodBudz","article_modified_time":"2026-03-15T16:20:39+00:00","og_image":[{"width":500,"height":500,"url":"https:\/\/moodbudz.com\/wp-content\/uploads\/2025\/08\/Raspberry-Soda-Strain-Hybrid-Weed.jpg","type":"image\/jpeg"}],"twitter_card":"summary_large_image","twitter_misc":{"Preis":"&#36;120.00","Verf\u00fcgbarkeit":"Auf Lager"},"schema":{"@context":"https:\/\/schema.org","@graph":[{"@type":"WebPage","@id":"https:\/\/moodbudz.com\/product\/raspberry-soda\/","url":"https:\/\/moodbudz.com\/product\/raspberry-soda\/","name":"Kaufen Raspberry Soda Strain | Hybrid Weed","isPartOf":{"@id":"https:\/\/moodbudz.com\/#website"},"primaryImageOfPage":{"@id":"https:\/\/moodbudz.com\/product\/raspberry-soda\/#primaryimage"},"image":{"@id":"https:\/\/moodbudz.com\/product\/raspberry-soda\/#primaryimage"},"thumbnailUrl":"https:\/\/moodbudz.com\/wp-content\/uploads\/2025\/08\/Raspberry-Soda-Strain-Hybrid-Weed.jpg","datePublished":"2025-08-08T19:52:06+00:00","dateModified":"2026-03-15T16:20:39+00:00","description":"S\u00fc\u00df und fruchtig - kaufen Sie Raspberry Soda f\u00fcr eine ausgewogene Hybrid-Wirkung, Premium-Knospen und diskreten weltweiten Versand.","breadcrumb":{"@id":"https:\/\/moodbudz.com\/product\/raspberry-soda\/#breadcrumb"},"inLanguage":"de","potentialAction":[{"@type":"ReadAction","target":["https:\/\/moodbudz.com\/product\/raspberry-soda\/"]}]},{"@type":"ImageObject","inLanguage":"de","@id":"https:\/\/moodbudz.com\/product\/raspberry-soda\/#primaryimage","url":"https:\/\/moodbudz.com\/wp-content\/uploads\/2025\/08\/Raspberry-Soda-Strain-Hybrid-Weed.jpg","contentUrl":"https:\/\/moodbudz.com\/wp-content\/uploads\/2025\/08\/Raspberry-Soda-Strain-Hybrid-Weed.jpg","width":500,"height":500,"caption":"Buy Raspberry Soda Strain Hybrid Weed"},{"@type":"BreadcrumbList","@id":"https:\/\/moodbudz.com\/product\/raspberry-soda\/#breadcrumb","itemListElement":[{"@type":"ListItem","position":1,"name":"Home","item":"https:\/\/moodbudz.com\/"},{"@type":"ListItem","position":2,"name":"Shop","item":"https:\/\/moodbudz.com\/shop\/"},{"@type":"ListItem","position":3,"name":"Raspberry Soda"}]},{"@type":"WebSite","@id":"https:\/\/moodbudz.com\/#website","url":"https:\/\/moodbudz.com\/","name":"MoodBudz","description":"Kaufen Sie Premium-Cannabis sicher und legal online","publisher":{"@id":"https:\/\/moodbudz.com\/#organization"},"alternateName":"MBudz","potentialAction":[{"@type":"SearchAction","target":{"@type":"EntryPoint","urlTemplate":"https:\/\/moodbudz.com\/?s={search_term_string}"},"query-input":{"@type":"PropertyValueSpecification","valueRequired":true,"valueName":"search_term_string"}}],"inLanguage":"de"},{"@type":"Organization","@id":"https:\/\/moodbudz.com\/#organization","name":"MoodBudz","alternateName":"WeedBudz","url":"https:\/\/moodbudz.com\/","logo":{"@type":"ImageObject","inLanguage":"de","@id":"https:\/\/moodbudz.com\/#\/schema\/logo\/image\/","url":"https:\/\/moodbudz.com\/wp-content\/uploads\/2025\/08\/Add-a-heading-1.png","contentUrl":"https:\/\/moodbudz.com\/wp-content\/uploads\/2025\/08\/Add-a-heading-1.png","width":186,"height":65,"caption":"MoodBudz"},"image":{"@id":"https:\/\/moodbudz.com\/#\/schema\/logo\/image\/"},"hasMerchantReturnPolicy":{"@type":"MerchantReturnPolicy","merchantReturnLink":"https:\/\/moodbudz.com\/de\/refund_returns\/"}}]},"product_brand":"simple","product_price_amount":"120.00","product_price_currency":"USD","og_availability":"instock","product_availability":"instock","product_condition":"new"},"_links":{"self":[{"href":"https:\/\/moodbudz.com\/de\/wp-json\/wp\/v2\/product\/255","targetHints":{"allow":["GET"]}}],"collection":[{"href":"https:\/\/moodbudz.com\/de\/wp-json\/wp\/v2\/product"}],"about":[{"href":"https:\/\/moodbudz.com\/de\/wp-json\/wp\/v2\/types\/product"}],"replies":[{"embeddable":true,"href":"https:\/\/moodbudz.com\/de\/wp-json\/wp\/v2\/comments?post=255"}],"version-history":[{"count":3,"href":"https:\/\/moodbudz.com\/de\/wp-json\/wp\/v2\/product\/255\/revisions"}],"predecessor-version":[{"id":20170,"href":"https:\/\/moodbudz.com\/de\/wp-json\/wp\/v2\/product\/255\/revisions\/20170"}],"wp:featuredmedia":[{"embeddable":true,"href":"https:\/\/moodbudz.com\/de\/wp-json\/wp\/v2\/media\/20169"}],"wp:attachment":[{"href":"https:\/\/moodbudz.com\/de\/wp-json\/wp\/v2\/media?parent=255"}],"wp:term":[{"taxonomy":"product_brand","embeddable":true,"href":"https:\/\/moodbudz.com\/de\/wp-json\/wp\/v2\/product_brand?post=255"},{"taxonomy":"product_cat","embeddable":true,"href":"https:\/\/moodbudz.com\/de\/wp-json\/wp\/v2\/product_cat?post=255"},{"taxonomy":"product_tag","embeddable":true,"href":"https:\/\/moodbudz.com\/de\/wp-json\/wp\/v2\/product_tag?post=255"}],"curies":[{"name":"wp","href":"https:\/\/api.w.org\/{rel}","templated":true}]}}