{"id":302,"date":"2025-08-08T19:53:10","date_gmt":"2025-08-08T19:53:10","guid":{"rendered":"https:\/\/moodbudz.com\/product\/white-gushers-cali-weed-cali-packs\/"},"modified":"2025-10-02T14:59:00","modified_gmt":"2025-10-02T14:59:00","slug":"weisse-gushers","status":"publish","type":"product","link":"https:\/\/moodbudz.com\/de\/product\/white-gushers\/","title":{"rendered":"Wei\u00dfe Font\u00e4nen"},"content":{"rendered":"<h3 data-start=\"536\" data-end=\"578\"><strong data-start=\"540\" data-end=\"576\">Why Buy White Gushers Strain<\/strong><\/h3>\n<p data-start=\"579\" data-end=\"863\">Wenn Sie <strong data-start=\"588\" data-end=\"616\">buy White Gushers strain<\/strong>, w\u00e4hlen Sie eine <strong data-start=\"636\" data-end=\"654\">Premium-Hybrid<\/strong> known for its <strong data-start=\"669\" data-end=\"723\">sweet, fruity flavor and smooth, balanced effects.<\/strong> Ideal f\u00fcr <strong data-start=\"734\" data-end=\"790\">stress relief, creative projects, or social sessions<\/strong>, it provides a <strong data-start=\"806\" data-end=\"861\">pleasant euphoric high with gentle body relaxation.<\/strong><\/p>\n<p data-start=\"865\" data-end=\"1063\">Unlike ordinary hybrids that may feel harsh or uneven, White Gushers offers <strong data-start=\"941\" data-end=\"1006\">weicher, aromatischer Rauch mit gleichm\u00e4\u00dfiger und angenehmer Wirkung<\/strong>, making it perfect for both new and experienced users.<\/p>\n<h3 data-start=\"1070\" data-end=\"1107\"><strong data-start=\"1074\" data-end=\"1105\">\u00a0Geschmack, Aroma und Wirkung<\/strong><\/h3>\n<ul data-start=\"1108\" data-end=\"1383\">\n<li data-start=\"1108\" data-end=\"1182\">\n<p data-start=\"1110\" data-end=\"1182\"><strong data-start=\"1110\" data-end=\"1120\">Geschmack:<\/strong> Sweet berries, fruity candy undertones, subtle earthy notes<\/p>\n<\/li>\n<li data-start=\"1183\" data-end=\"1241\">\n<p data-start=\"1185\" data-end=\"1241\"><strong data-start=\"1185\" data-end=\"1195\">Aroma:<\/strong> Fruity, candy-like, with light herbal hints<\/p>\n<\/li>\n<li data-start=\"1242\" data-end=\"1312\">\n<p data-start=\"1244\" data-end=\"1312\"><strong data-start=\"1244\" data-end=\"1256\">Auswirkungen:<\/strong> Aufmunternd, entspannend, stimmungsaufhellend, sanfte K\u00f6rperberuhigung<\/p>\n<\/li>\n<li data-start=\"1313\" data-end=\"1383\">\n<p data-start=\"1315\" data-end=\"1383\"><strong data-start=\"1315\" data-end=\"1328\">Beste Verwendung:<\/strong> Daytime, evening, social sessions, creative projects<\/p>\n<\/li>\n<\/ul>\n<p data-start=\"1385\" data-end=\"1413\"><strong data-start=\"1385\" data-end=\"1411\">Schmerzpunkte behoben<\/strong><\/p>\n<ul data-start=\"1414\" data-end=\"1670\">\n<li data-start=\"1414\" data-end=\"1494\">\n<p data-start=\"1416\" data-end=\"1494\">Want dessert-like hybrid buds? White Gushers delivers <strong data-start=\"1470\" data-end=\"1492\">sweet fruity hits.<\/strong><\/p>\n<\/li>\n<li data-start=\"1495\" data-end=\"1597\">\n<p data-start=\"1497\" data-end=\"1597\">Need relaxation without sedation? Balanced effects provide <strong data-start=\"1556\" data-end=\"1595\">calm body buzz and gentle euphoria.<\/strong><\/p>\n<\/li>\n<li data-start=\"1598\" data-end=\"1670\">\n<p data-start=\"1600\" data-end=\"1670\">Tired of harsh smoke? Dense buds ensure <strong data-start=\"1640\" data-end=\"1668\">smooth, flavorful pulls.<\/strong><\/p>\n<\/li>\n<\/ul>\n<h3 data-start=\"1677\" data-end=\"1713\"><strong data-start=\"1681\" data-end=\"1711\">Produktspezifikationen<\/strong><\/h3>\n<ul data-start=\"1714\" data-end=\"2037\">\n<li data-start=\"1714\" data-end=\"1743\">\n<p data-start=\"1716\" data-end=\"1743\"><strong data-start=\"1716\" data-end=\"1727\">St\u00e4mme:<\/strong> Wei\u00dfe Font\u00e4nen<\/p>\n<\/li>\n<li data-start=\"1744\" data-end=\"1773\">\n<p data-start=\"1746\" data-end=\"1773\"><strong data-start=\"1746\" data-end=\"1755\">Typ:<\/strong> Ausgewogener Hybrid<\/p>\n<\/li>\n<li data-start=\"1774\" data-end=\"1812\">\n<p data-start=\"1776\" data-end=\"1812\"><strong data-start=\"1776\" data-end=\"1784\">THC:<\/strong> 18\u201323% (moderate potency)<\/p>\n<\/li>\n<li data-start=\"1813\" data-end=\"1829\">\n<p data-start=\"1815\" data-end=\"1829\"><strong data-start=\"1815\" data-end=\"1823\">CBD:<\/strong> Niedrig<\/p>\n<\/li>\n<li data-start=\"1830\" data-end=\"1893\">\n<p data-start=\"1832\" data-end=\"1893\"><strong data-start=\"1832\" data-end=\"1841\">Bilden:<\/strong> Dense, trichome-rich buds with sweet fruity aroma<\/p>\n<\/li>\n<li data-start=\"1894\" data-end=\"1963\">\n<p data-start=\"1896\" data-end=\"1963\"><strong data-start=\"1896\" data-end=\"1910\">Verpackung:<\/strong> Luftdicht, geruchsdicht, diskrete weltweite Lieferung<\/p>\n<\/li>\n<li data-start=\"1964\" data-end=\"2037\">\n<p data-start=\"1966\" data-end=\"2037\"><strong data-start=\"1966\" data-end=\"1977\">Herkunft:<\/strong> Indoor-grown, hand-trimmed, slow-cured for <a href=\"https:\/\/moodbudz.com\/de\/product\/sour-maui-wowie-sorte-aaa-kleine-knospen\/\">s<\/a>ss flavor<\/p>\n<\/li>\n<\/ul>\n<h3 data-start=\"2044\" data-end=\"2088\"><strong data-start=\"2048\" data-end=\"2086\">\u00a0Why Smokers Love White Gushers<\/strong><\/h3>\n<p data-start=\"2089\" data-end=\"2325\">White Gushers is loved for its <strong data-start=\"2120\" data-end=\"2184\">s\u00fc\u00dfer fruchtiger Geschmack, sanfter Rauch und ausgewogenes Hybrid-High.<\/strong> Perfekt f\u00fcr <strong data-start=\"2197\" data-end=\"2219\">Einsatz tags\u00fcber oder abends<\/strong>, liefert er <strong data-start=\"2233\" data-end=\"2295\">gehobene Stimmung, sanfte K\u00f6rperentspannung und aromatischer Rauch<\/strong> ohne \u00fcberw\u00e4ltigend zu sein.<\/p>\n<p data-start=\"2327\" data-end=\"2383\">Wenn Sie <strong data-start=\"2336\" data-end=\"2364\">buy White Gushers strain<\/strong>, erhalten Sie:<\/p>\n<ul data-start=\"2384\" data-end=\"2561\">\n<li data-start=\"2384\" data-end=\"2438\">\n<p data-start=\"2386\" data-end=\"2438\"><strong data-start=\"2386\" data-end=\"2409\">Sweet fruity flavor<\/strong> with candy-like undertones<\/p>\n<\/li>\n<li data-start=\"2439\" data-end=\"2488\">\n<p data-start=\"2441\" data-end=\"2488\"><strong data-start=\"2441\" data-end=\"2468\">Ausgewogene Hybrideffekte<\/strong> f\u00fcr Geist und K\u00f6rper<\/p>\n<\/li>\n<li data-start=\"2489\" data-end=\"2525\">\n<p data-start=\"2491\" data-end=\"2525\"><strong data-start=\"2491\" data-end=\"2523\">Hochwertige trichombeschichtete Knospen<\/strong><\/p>\n<\/li>\n<li data-start=\"2526\" data-end=\"2561\">\n<p data-start=\"2528\" data-end=\"2561\"><strong data-start=\"2528\" data-end=\"2559\">Diskreter weltweiter Versand<\/strong><\/p>\n<\/li>\n<\/ul>\n<h3 data-start=\"2568\" data-end=\"2604\"><strong data-start=\"2572\" data-end=\"2602\">FAQs - Fragen des K\u00e4ufers<\/strong><\/h3>\n<p data-start=\"2606\" data-end=\"2712\"><strong data-start=\"2606\" data-end=\"2649\">Q1: Is White Gushers beginner-friendly?<\/strong><br data-start=\"2649\" data-end=\"2652\" \/>Yes \u2014 smooth and flavorful, start with small doses if new.<\/p>\n<p data-start=\"2714\" data-end=\"2799\"><strong data-start=\"2714\" data-end=\"2746\">F2: Wie schmeckt es?<\/strong><br data-start=\"2746\" data-end=\"2749\" \/>Sweet berries with candy-like fruity undertones.<\/p>\n<p data-start=\"2801\" data-end=\"2883\"><strong data-start=\"2801\" data-end=\"2834\">F3: Wie lange halten die Wirkungen an?<\/strong><br data-start=\"2834\" data-end=\"2837\" \/>2-4 Stunden je nach Dosierung und Vertr\u00e4glichkeit.<\/p>\n<p data-start=\"2885\" data-end=\"3008\"><strong data-start=\"2885\" data-end=\"2929\">F4: Ist es besser f\u00fcr den Tag oder den Abend geeignet?<\/strong><br data-start=\"2929\" data-end=\"2932\" \/>Beides - kleine Mengen f\u00fcr den Tag, gr\u00f6\u00dfere Mengen f\u00fcr die Entspannung am Abend.<\/p>\n<p data-start=\"3010\" data-end=\"3103\"><strong data-start=\"3010\" data-end=\"3039\">F5: Ist der Versand diskret?<\/strong><br data-start=\"3039\" data-end=\"3042\" \/>Yes \u2014 vacuum-sealed, odor-proof, stealth shipped worldwide.<\/p>","protected":false},"excerpt":{"rendered":"<p data-start=\"302\" data-end=\"498\">Sweet, fruity, and smooth \u2014 <strong data-start=\"330\" data-end=\"354\">White Gushers strain<\/strong> delivers dense hybrid buds with uplifting yet relaxing effects. Perfect for daytime creativity or evening chill, discreet worldwide shipping.<\/p>","protected":false},"featured_media":299,"comment_status":"open","ping_status":"closed","template":"","meta":[],"product_brand":[],"product_cat":[18],"product_tag":[],"class_list":{"0":"post-302","1":"product","2":"type-product","3":"status-publish","4":"has-post-thumbnail","6":"product_cat-cannabis-varieties","8":"first","9":"instock","10":"shipping-taxable","11":"purchasable","12":"product-type-simple"},"yoast_head":"<!-- This site is optimized with the Yoast SEO Premium plugin v26.0 (Yoast SEO v27.3) - https:\/\/yoast.com\/product\/yoast-seo-premium-wordpress\/ -->\n<title>Buy White Gushers Strain | Hybrid Weed<\/title>\n<meta name=\"description\" content=\"Sweet and fruity \u2014 buy White Gushers strain for hybrid effects, dessert-inspired flavor, premium buds, and discreet worldwide shipping.\" \/>\n<meta name=\"robots\" content=\"index, follow, max-snippet:-1, max-image-preview:large, max-video-preview:-1\" \/>\n<link rel=\"canonical\" href=\"https:\/\/moodbudz.com\/de\/product\/weisse-gushers\/\" \/>\n<meta property=\"og:locale\" content=\"de_DE\" \/>\n<meta property=\"og:type\" content=\"article\" \/>\n<meta property=\"og:title\" content=\"White Gushers\" \/>\n<meta property=\"og:description\" content=\"Sweet and fruity \u2014 buy White Gushers strain for hybrid effects, dessert-inspired flavor, premium buds, and discreet worldwide shipping.\" \/>\n<meta property=\"og:url\" content=\"https:\/\/moodbudz.com\/de\/product\/weisse-gushers\/\" \/>\n<meta property=\"og:site_name\" content=\"MoodBudz\" \/>\n<meta property=\"article:modified_time\" content=\"2025-10-02T14:59:00+00:00\" \/>\n<meta property=\"og:image\" content=\"https:\/\/moodbudz.com\/wp-content\/uploads\/2025\/08\/white-gushers-cali-weed-cali-packs.jpeg\" \/>\n\t<meta property=\"og:image:width\" content=\"600\" \/>\n\t<meta property=\"og:image:height\" content=\"800\" \/>\n\t<meta property=\"og:image:type\" content=\"image\/jpeg\" \/>\n<meta name=\"twitter:card\" content=\"summary_large_image\" \/>\n<meta name=\"twitter:label1\" content=\"Preis\" \/>\n\t<meta name=\"twitter:data1\" content=\"&#036;120.00\" \/>\n\t<meta name=\"twitter:label2\" content=\"Verf\u00fcgbarkeit\" \/>\n\t<meta name=\"twitter:data2\" content=\"Auf Lager\" \/>\n<script type=\"application\/ld+json\" class=\"yoast-schema-graph\">{\"@context\":\"https:\\\/\\\/schema.org\",\"@graph\":[{\"@type\":\"WebPage\",\"@id\":\"https:\\\/\\\/moodbudz.com\\\/product\\\/white-gushers\\\/\",\"url\":\"https:\\\/\\\/moodbudz.com\\\/product\\\/white-gushers\\\/\",\"name\":\"Buy White Gushers Strain | Hybrid Weed\",\"isPartOf\":{\"@id\":\"https:\\\/\\\/moodbudz.com\\\/#website\"},\"primaryImageOfPage\":{\"@id\":\"https:\\\/\\\/moodbudz.com\\\/product\\\/white-gushers\\\/#primaryimage\"},\"image\":{\"@id\":\"https:\\\/\\\/moodbudz.com\\\/product\\\/white-gushers\\\/#primaryimage\"},\"thumbnailUrl\":\"https:\\\/\\\/moodbudz.com\\\/wp-content\\\/uploads\\\/2025\\\/08\\\/white-gushers-cali-weed-cali-packs.jpeg\",\"datePublished\":\"2025-08-08T19:53:10+00:00\",\"dateModified\":\"2025-10-02T14:59:00+00:00\",\"description\":\"Sweet and fruity \u2014 buy White Gushers strain for hybrid effects, dessert-inspired flavor, premium buds, and discreet worldwide shipping.\",\"breadcrumb\":{\"@id\":\"https:\\\/\\\/moodbudz.com\\\/product\\\/white-gushers\\\/#breadcrumb\"},\"inLanguage\":\"de\",\"potentialAction\":[{\"@type\":\"ReadAction\",\"target\":[\"https:\\\/\\\/moodbudz.com\\\/product\\\/white-gushers\\\/\"]}]},{\"@type\":\"ImageObject\",\"inLanguage\":\"de\",\"@id\":\"https:\\\/\\\/moodbudz.com\\\/product\\\/white-gushers\\\/#primaryimage\",\"url\":\"https:\\\/\\\/moodbudz.com\\\/wp-content\\\/uploads\\\/2025\\\/08\\\/white-gushers-cali-weed-cali-packs.jpeg\",\"contentUrl\":\"https:\\\/\\\/moodbudz.com\\\/wp-content\\\/uploads\\\/2025\\\/08\\\/white-gushers-cali-weed-cali-packs.jpeg\",\"width\":600,\"height\":800,\"caption\":\"White Gushers - cali weed | cali packs\"},{\"@type\":\"BreadcrumbList\",\"@id\":\"https:\\\/\\\/moodbudz.com\\\/product\\\/white-gushers\\\/#breadcrumb\",\"itemListElement\":[{\"@type\":\"ListItem\",\"position\":1,\"name\":\"Home\",\"item\":\"https:\\\/\\\/moodbudz.com\\\/\"},{\"@type\":\"ListItem\",\"position\":2,\"name\":\"Shop\",\"item\":\"https:\\\/\\\/moodbudz.com\\\/shop\\\/\"},{\"@type\":\"ListItem\",\"position\":3,\"name\":\"White Gushers\"}]},{\"@type\":\"WebSite\",\"@id\":\"https:\\\/\\\/moodbudz.com\\\/#website\",\"url\":\"https:\\\/\\\/moodbudz.com\\\/\",\"name\":\"MoodBudz\",\"description\":\"Buy Premium Cannabis Online Safely and Legally\",\"publisher\":{\"@id\":\"https:\\\/\\\/moodbudz.com\\\/#organization\"},\"alternateName\":\"MBudz\",\"potentialAction\":[{\"@type\":\"SearchAction\",\"target\":{\"@type\":\"EntryPoint\",\"urlTemplate\":\"https:\\\/\\\/moodbudz.com\\\/?s={search_term_string}\"},\"query-input\":{\"@type\":\"PropertyValueSpecification\",\"valueRequired\":true,\"valueName\":\"search_term_string\"}}],\"inLanguage\":\"de\"},{\"@type\":\"Organization\",\"@id\":\"https:\\\/\\\/moodbudz.com\\\/#organization\",\"name\":\"MoodBudz\",\"alternateName\":\"WeedBudz\",\"url\":\"https:\\\/\\\/moodbudz.com\\\/\",\"logo\":{\"@type\":\"ImageObject\",\"inLanguage\":\"de\",\"@id\":\"https:\\\/\\\/moodbudz.com\\\/#\\\/schema\\\/logo\\\/image\\\/\",\"url\":\"https:\\\/\\\/moodbudz.com\\\/wp-content\\\/uploads\\\/2025\\\/08\\\/Add-a-heading-1.png\",\"contentUrl\":\"https:\\\/\\\/moodbudz.com\\\/wp-content\\\/uploads\\\/2025\\\/08\\\/Add-a-heading-1.png\",\"width\":186,\"height\":65,\"caption\":\"MoodBudz\"},\"image\":{\"@id\":\"https:\\\/\\\/moodbudz.com\\\/#\\\/schema\\\/logo\\\/image\\\/\"},\"hasMerchantReturnPolicy\":{\"@type\":\"MerchantReturnPolicy\",\"merchantReturnLink\":\"https:\\\/\\\/moodbudz.com\\\/de\\\/refund_returns\\\/\"}}]}<\/script>\n<meta property=\"product:brand\" content=\"simple\" \/>\n<meta property=\"product:price:amount\" content=\"120.00\" \/>\n<meta property=\"product:price:currency\" content=\"USD\" \/>\n<meta property=\"og:availability\" content=\"instock\" \/>\n<meta property=\"product:availability\" content=\"instock\" \/>\n<meta property=\"product:condition\" content=\"new\" \/>\n<!-- \/ Yoast SEO Premium plugin. -->","yoast_head_json":{"title":"Buy White Gushers Strain | Hybrid Weed","description":"Sweet and fruity \u2014 buy White Gushers strain for hybrid effects, dessert-inspired flavor, premium buds, and discreet worldwide shipping.","robots":{"index":"index","follow":"follow","max-snippet":"max-snippet:-1","max-image-preview":"max-image-preview:large","max-video-preview":"max-video-preview:-1"},"canonical":"https:\/\/moodbudz.com\/de\/product\/weisse-gushers\/","og_locale":"de_DE","og_type":"article","og_title":"White Gushers","og_description":"Sweet and fruity \u2014 buy White Gushers strain for hybrid effects, dessert-inspired flavor, premium buds, and discreet worldwide shipping.","og_url":"https:\/\/moodbudz.com\/de\/product\/weisse-gushers\/","og_site_name":"MoodBudz","article_modified_time":"2025-10-02T14:59:00+00:00","og_image":[{"width":600,"height":800,"url":"https:\/\/moodbudz.com\/wp-content\/uploads\/2025\/08\/white-gushers-cali-weed-cali-packs.jpeg","type":"image\/jpeg"}],"twitter_card":"summary_large_image","twitter_misc":{"Preis":"&#36;120.00","Verf\u00fcgbarkeit":"Auf Lager"},"schema":{"@context":"https:\/\/schema.org","@graph":[{"@type":"WebPage","@id":"https:\/\/moodbudz.com\/product\/white-gushers\/","url":"https:\/\/moodbudz.com\/product\/white-gushers\/","name":"Buy White Gushers Strain | Hybrid Weed","isPartOf":{"@id":"https:\/\/moodbudz.com\/#website"},"primaryImageOfPage":{"@id":"https:\/\/moodbudz.com\/product\/white-gushers\/#primaryimage"},"image":{"@id":"https:\/\/moodbudz.com\/product\/white-gushers\/#primaryimage"},"thumbnailUrl":"https:\/\/moodbudz.com\/wp-content\/uploads\/2025\/08\/white-gushers-cali-weed-cali-packs.jpeg","datePublished":"2025-08-08T19:53:10+00:00","dateModified":"2025-10-02T14:59:00+00:00","description":"Sweet and fruity \u2014 buy White Gushers strain for hybrid effects, dessert-inspired flavor, premium buds, and discreet worldwide shipping.","breadcrumb":{"@id":"https:\/\/moodbudz.com\/product\/white-gushers\/#breadcrumb"},"inLanguage":"de","potentialAction":[{"@type":"ReadAction","target":["https:\/\/moodbudz.com\/product\/white-gushers\/"]}]},{"@type":"ImageObject","inLanguage":"de","@id":"https:\/\/moodbudz.com\/product\/white-gushers\/#primaryimage","url":"https:\/\/moodbudz.com\/wp-content\/uploads\/2025\/08\/white-gushers-cali-weed-cali-packs.jpeg","contentUrl":"https:\/\/moodbudz.com\/wp-content\/uploads\/2025\/08\/white-gushers-cali-weed-cali-packs.jpeg","width":600,"height":800,"caption":"White Gushers - cali weed | cali packs"},{"@type":"BreadcrumbList","@id":"https:\/\/moodbudz.com\/product\/white-gushers\/#breadcrumb","itemListElement":[{"@type":"ListItem","position":1,"name":"Home","item":"https:\/\/moodbudz.com\/"},{"@type":"ListItem","position":2,"name":"Shop","item":"https:\/\/moodbudz.com\/shop\/"},{"@type":"ListItem","position":3,"name":"White Gushers"}]},{"@type":"WebSite","@id":"https:\/\/moodbudz.com\/#website","url":"https:\/\/moodbudz.com\/","name":"MoodBudz","description":"Kaufen Sie Premium-Cannabis sicher und legal online","publisher":{"@id":"https:\/\/moodbudz.com\/#organization"},"alternateName":"MBudz","potentialAction":[{"@type":"SearchAction","target":{"@type":"EntryPoint","urlTemplate":"https:\/\/moodbudz.com\/?s={search_term_string}"},"query-input":{"@type":"PropertyValueSpecification","valueRequired":true,"valueName":"search_term_string"}}],"inLanguage":"de"},{"@type":"Organization","@id":"https:\/\/moodbudz.com\/#organization","name":"MoodBudz","alternateName":"WeedBudz","url":"https:\/\/moodbudz.com\/","logo":{"@type":"ImageObject","inLanguage":"de","@id":"https:\/\/moodbudz.com\/#\/schema\/logo\/image\/","url":"https:\/\/moodbudz.com\/wp-content\/uploads\/2025\/08\/Add-a-heading-1.png","contentUrl":"https:\/\/moodbudz.com\/wp-content\/uploads\/2025\/08\/Add-a-heading-1.png","width":186,"height":65,"caption":"MoodBudz"},"image":{"@id":"https:\/\/moodbudz.com\/#\/schema\/logo\/image\/"},"hasMerchantReturnPolicy":{"@type":"MerchantReturnPolicy","merchantReturnLink":"https:\/\/moodbudz.com\/de\/refund_returns\/"}}]},"product_brand":"simple","product_price_amount":"120.00","product_price_currency":"USD","og_availability":"instock","product_availability":"instock","product_condition":"new"},"_links":{"self":[{"href":"https:\/\/moodbudz.com\/de\/wp-json\/wp\/v2\/product\/302","targetHints":{"allow":["GET"]}}],"collection":[{"href":"https:\/\/moodbudz.com\/de\/wp-json\/wp\/v2\/product"}],"about":[{"href":"https:\/\/moodbudz.com\/de\/wp-json\/wp\/v2\/types\/product"}],"replies":[{"embeddable":true,"href":"https:\/\/moodbudz.com\/de\/wp-json\/wp\/v2\/comments?post=302"}],"version-history":[{"count":1,"href":"https:\/\/moodbudz.com\/de\/wp-json\/wp\/v2\/product\/302\/revisions"}],"predecessor-version":[{"id":19752,"href":"https:\/\/moodbudz.com\/de\/wp-json\/wp\/v2\/product\/302\/revisions\/19752"}],"wp:featuredmedia":[{"embeddable":true,"href":"https:\/\/moodbudz.com\/de\/wp-json\/wp\/v2\/media\/299"}],"wp:attachment":[{"href":"https:\/\/moodbudz.com\/de\/wp-json\/wp\/v2\/media?parent=302"}],"wp:term":[{"taxonomy":"product_brand","embeddable":true,"href":"https:\/\/moodbudz.com\/de\/wp-json\/wp\/v2\/product_brand?post=302"},{"taxonomy":"product_cat","embeddable":true,"href":"https:\/\/moodbudz.com\/de\/wp-json\/wp\/v2\/product_cat?post=302"},{"taxonomy":"product_tag","embeddable":true,"href":"https:\/\/moodbudz.com\/de\/wp-json\/wp\/v2\/product_tag?post=302"}],"curies":[{"name":"wp","href":"https:\/\/api.w.org\/{rel}","templated":true}]}}