{"id":100,"date":"2025-08-08T19:45:22","date_gmt":"2025-08-08T19:45:22","guid":{"rendered":"https:\/\/moodbudz.com\/product\/hindu-kush-strain-budder-cali-weed-cali-packs\/"},"modified":"2025-10-02T16:23:54","modified_gmt":"2025-10-02T16:23:54","slug":"variedad-hindu-kush-budder","status":"publish","type":"product","link":"https:\/\/moodbudz.com\/es\/product\/hindu-kush-strain-budder\/","title":{"rendered":"Bud\u00edn de la variedad Hindu Kush"},"content":{"rendered":"<h2 data-start=\"530\" data-end=\"575\"><strong data-start=\"533\" data-end=\"573\">Por qu\u00e9 comprar cogollos de la variedad Hindu Kush<\/strong><\/h2>\n<p data-start=\"576\" data-end=\"879\">Cuando <strong data-start=\"585\" data-end=\"617\">comprar Hindu Kush <a href=\"https:\/\/moodbudz.com\/es\/product\/variety-blue-dream-sativa-hierba\/\">Cepa Budder<\/a><\/strong>, est\u00e1s recibiendo un <strong data-start=\"636\" data-end=\"666\">concentrado indica premium<\/strong> derivada de la legendaria variedad aut\u00f3ctona Hindu Kush. Conocida por su <strong data-start=\"729\" data-end=\"776\">potentes efectos corporales y calmantes<\/strong>, Este cogollo ofrece todo lo que los fumadores adoran de Hindu Kush en forma de concentrado suave y cremoso.<\/p>\n<p data-start=\"881\" data-end=\"1198\">Con <strong data-start=\"886\" data-end=\"900\">70-85% THC<\/strong>, Hindu Kush Budder proporciona <strong data-start=\"929\" data-end=\"986\">relajaci\u00f3n profunda, alivio del estr\u00e9s y sedaci\u00f3n tranquila<\/strong>, por lo que es ideal para <strong data-start=\"1008\" data-end=\"1066\">uso nocturno, insomnio o relajaci\u00f3n despu\u00e9s de un largo d\u00eda<\/strong>. A diferencia de la flor, el capullo ofrece <strong data-start=\"1097\" data-end=\"1157\">efectos m\u00e1s r\u00e1pidos, golpes m\u00e1s limpios y sabor mejorado<\/strong>, todo ello en forma de concentrado manejable.<\/p>\n<h2 data-start=\"1205\" data-end=\"1241\"><strong data-start=\"1208\" data-end=\"1239\">\u00a0Sabor, aroma y efectos<\/strong><\/h2>\n<ul data-start=\"1242\" data-end=\"1486\">\n<li data-start=\"1242\" data-end=\"1284\">\n<p data-start=\"1244\" data-end=\"1284\"><strong data-start=\"1244\" data-end=\"1255\">Sabor:<\/strong> Terroso, pino, especias sutiles<\/p>\n<\/li>\n<li data-start=\"1285\" data-end=\"1350\">\n<p data-start=\"1287\" data-end=\"1350\"><strong data-start=\"1287\" data-end=\"1297\">Aroma:<\/strong> Ricas notas herb\u00e1ceas y amaderadas con matices skunk<\/p>\n<\/li>\n<li data-start=\"1351\" data-end=\"1416\">\n<p data-start=\"1353\" data-end=\"1416\"><strong data-start=\"1353\" data-end=\"1365\">Efectos:<\/strong> Sedante, relajante, levantador del \u00e1nimo, antiestr\u00e9s<\/p>\n<\/li>\n<li data-start=\"1417\" data-end=\"1486\">\n<p data-start=\"1419\" data-end=\"1486\"><strong data-start=\"1419\" data-end=\"1440\">Mejor momento para utilizarlo:<\/strong> Sesiones nocturnas, antes de acostarse o para aliviar el estr\u00e9s<\/p>\n<\/li>\n<\/ul>\n<h3 data-start=\"1488\" data-end=\"1520\"><strong data-start=\"1492\" data-end=\"1518\">\u00a0Puntos de dolor resueltos<\/strong><\/h3>\n<ul data-start=\"1521\" data-end=\"1761\">\n<li data-start=\"1521\" data-end=\"1599\">\n<p data-start=\"1523\" data-end=\"1599\">Necesita <strong data-start=\"1528\" data-end=\"1551\">relajaci\u00f3n poderosa<\/strong>? \u2192 Hindu Kush Budder proporciona una profunda calma corporal.<\/p>\n<\/li>\n<li data-start=\"1600\" data-end=\"1675\">\n<p data-start=\"1602\" data-end=\"1675\">Problemas <strong data-start=\"1610\" data-end=\"1622\">para dormir<\/strong>? \u2192 Sus efectos sedantes de \u00edndica ayudan con el insomnio.<\/p>\n<\/li>\n<li data-start=\"1676\" data-end=\"1761\">\n<p data-start=\"1678\" data-end=\"1761\">En busca de <strong data-start=\"1690\" data-end=\"1712\">toques limpios y suaves<\/strong>? \u2192 Budder se funde a la perfecci\u00f3n para conseguir golpes consistentes.<\/p>\n<\/li>\n<\/ul>\n<h2 data-start=\"1768\" data-end=\"1803\"><strong data-start=\"1771\" data-end=\"1801\">\u00a0Especificaciones del producto<\/strong><\/h2>\n<ul data-start=\"1804\" data-end=\"2098\">\n<li data-start=\"1804\" data-end=\"1855\">\n<p data-start=\"1806\" data-end=\"1855\"><strong data-start=\"1806\" data-end=\"1823\">Tipo de producto:<\/strong> Concentrado de cannabis (Budder)<\/p>\n<\/li>\n<li data-start=\"1856\" data-end=\"1896\">\n<p data-start=\"1858\" data-end=\"1896\"><strong data-start=\"1858\" data-end=\"1869\">Cepa:<\/strong> Hindu Kush (Indica pura)<\/p>\n<\/li>\n<li data-start=\"1897\" data-end=\"1916\">\n<p data-start=\"1899\" data-end=\"1916\"><strong data-start=\"1899\" data-end=\"1907\">THC:<\/strong> 70-85%<\/p>\n<\/li>\n<li data-start=\"1917\" data-end=\"1939\">\n<p data-start=\"1919\" data-end=\"1939\"><strong data-start=\"1919\" data-end=\"1927\">CBD:<\/strong> Bajo (&lt;1%)<\/p>\n<\/li>\n<li data-start=\"1940\" data-end=\"1983\">\n<p data-start=\"1942\" data-end=\"1983\"><strong data-start=\"1942\" data-end=\"1954\">Textura:<\/strong> Brote cremoso y f\u00e1cil de absorber<\/p>\n<\/li>\n<li data-start=\"1984\" data-end=\"2028\">\n<p data-start=\"1986\" data-end=\"2028\"><strong data-start=\"1986\" data-end=\"1998\">Linaje:<\/strong> Variedad cl\u00e1sica Hindu Kush<\/p>\n<\/li>\n<li data-start=\"2029\" data-end=\"2098\">\n<p data-start=\"2031\" data-end=\"2098\"><strong data-start=\"2031\" data-end=\"2045\">Embalaje:<\/strong> Herm\u00e9tico, a prueba de ni\u00f1os, env\u00edo discreto a todo el mundo<\/p>\n<\/li>\n<\/ul>\n<h2 data-start=\"2105\" data-end=\"2152\"><strong data-start=\"2108\" data-end=\"2150\">Por qu\u00e9 los fumadores adoran Hindu Kush Budder<\/strong><\/h2>\n<p data-start=\"2153\" data-end=\"2449\">Hindu Kush es una <strong data-start=\"2169\" data-end=\"2198\">legendaria variedad aut\u00f3ctona<\/strong>, conocido por su <strong data-start=\"2214\" data-end=\"2277\">efectos de indica pura, sabor terroso y propiedades relajantes<\/strong>. En forma de brote, se convierte en <strong data-start=\"2306\" data-end=\"2350\">m\u00e1s f\u00e1cil de usar, m\u00e1s potente y m\u00e1s suave<\/strong>, lo que la convierte en una de las favoritas de quienes desean un <strong data-start=\"2394\" data-end=\"2447\">coloc\u00f3n corporal fuerte y sin estr\u00e9s, sin humo \u00e1spero.<\/strong><\/p>\n<p data-start=\"2451\" data-end=\"2511\">Cuando <strong data-start=\"2460\" data-end=\"2492\">comprar la variedad Hindu Kush Budder<\/strong>, ...que est\u00e1s recibiendo:<\/p>\n<ul data-start=\"2512\" data-end=\"2690\">\n<li data-start=\"2512\" data-end=\"2563\">\n<p data-start=\"2514\" data-end=\"2563\"><strong data-start=\"2514\" data-end=\"2543\">Relajaci\u00f3n cl\u00e1sica de \u00edndica<\/strong> para el cuerpo y la mente<\/p>\n<\/li>\n<li data-start=\"2564\" data-end=\"2617\">\n<p data-start=\"2566\" data-end=\"2617\"><strong data-start=\"2566\" data-end=\"2591\">Sabor terroso y herbal<\/strong> con sutiles notas de especias<\/p>\n<\/li>\n<li data-start=\"2618\" data-end=\"2654\">\n<p data-start=\"2620\" data-end=\"2654\"><strong data-start=\"2620\" data-end=\"2652\">Efectos calmantes duraderos<\/strong><\/p>\n<\/li>\n<li data-start=\"2655\" data-end=\"2690\">\n<p data-start=\"2657\" data-end=\"2690\"><strong data-start=\"2657\" data-end=\"2688\">Env\u00edo discreto a todo el mundo<\/strong><\/p>\n<\/li>\n<\/ul>\n<h2 data-start=\"2697\" data-end=\"2732\"><strong data-start=\"2700\" data-end=\"2730\">Preguntas frecuentes - Preguntas de los compradores<\/strong><\/h2>\n<p data-start=\"2734\" data-end=\"2849\"><strong data-start=\"2734\" data-end=\"2770\">P1: \u00bfEs fuerte el Hindu Kush Budder?<\/strong><br data-start=\"2770\" data-end=\"2773\" \/>S\u00ed, es un concentrado con un alto contenido de THC, ideal para consumidores moderados o experimentados.<\/p>\n<p data-start=\"2851\" data-end=\"2936\"><strong data-start=\"2851\" data-end=\"2879\">P2: \u00bfC\u00f3mo se consume?<\/strong><br data-start=\"2879\" data-end=\"2882\" \/>Utilice un <strong data-start=\"2888\" data-end=\"2934\">dab rig, e-nail o vaporizador de concentrados.<\/strong><\/p>\n<p data-start=\"2938\" data-end=\"3023\"><strong data-start=\"2938\" data-end=\"2970\">P3: \u00bfA qu\u00e9 sabe?<\/strong><br data-start=\"2970\" data-end=\"2973\" \/>Pino terroso con notas herb\u00e1ceas y sutilmente skunky.<\/p>\n<p data-start=\"3025\" data-end=\"3107\"><strong data-start=\"3025\" data-end=\"3058\">P4: \u00bfCu\u00e1nto duran los efectos?<\/strong><br data-start=\"3058\" data-end=\"3061\" \/>3-5 horas dependiendo de la dosis y la tolerancia.<\/p>\n<p data-start=\"3109\" data-end=\"3203\"><strong data-start=\"3109\" data-end=\"3138\">P5: \u00bfEs bueno para dormir?<\/strong><br data-start=\"3138\" data-end=\"3141\" \/>S\u00ed - muy eficaz para <strong data-start=\"3168\" data-end=\"3201\">insomnio y relajaci\u00f3n profunda.<\/strong><\/p>","protected":false},"excerpt":{"rendered":"<p data-start=\"301\" data-end=\"493\">Terroso, potente y profundamente relajante - <strong data-start=\"339\" data-end=\"360\">Hindu Kush Budder<\/strong> proporciona caladas suaves con efectos cl\u00e1sicos de \u00edndica. Perfecto para el alivio del estr\u00e9s, el sue\u00f1o, y el uso por la noche, enviado discretamente en todo el mundo.<\/p>","protected":false},"featured_media":97,"comment_status":"open","ping_status":"closed","template":"","meta":[],"product_brand":[],"product_cat":[17],"product_tag":[],"class_list":{"0":"post-100","1":"product","2":"type-product","3":"status-publish","4":"has-post-thumbnail","6":"product_cat-cannabis-budder","8":"first","9":"instock","10":"shipping-taxable","11":"purchasable","12":"product-type-simple"},"yoast_head":"<!-- This site is optimized with the Yoast SEO Premium plugin v26.0 (Yoast SEO v27.3) - https:\/\/yoast.com\/product\/yoast-seo-premium-wordpress\/ -->\n<title>Buy Hindu Kush Budder | Pure Indica Concentrate<\/title>\n<meta name=\"description\" content=\"Earthy &amp; relaxing. Buy Hindu Kush Budder strain for high-THC indica effects, smooth dabs &amp; discreet worldwide shipping.\" \/>\n<meta name=\"robots\" content=\"index, follow, max-snippet:-1, max-image-preview:large, max-video-preview:-1\" \/>\n<link rel=\"canonical\" href=\"https:\/\/moodbudz.com\/es\/product\/variedad-hindu-kush-budder\/\" \/>\n<meta property=\"og:locale\" content=\"es_ES\" \/>\n<meta property=\"og:type\" content=\"article\" \/>\n<meta property=\"og:title\" content=\"Hindu Kush Strain Budder\" \/>\n<meta property=\"og:description\" content=\"Earthy &amp; relaxing. Buy Hindu Kush Budder strain for high-THC indica effects, smooth dabs &amp; discreet worldwide shipping.\" \/>\n<meta property=\"og:url\" content=\"https:\/\/moodbudz.com\/es\/product\/variedad-hindu-kush-budder\/\" \/>\n<meta property=\"og:site_name\" content=\"MoodBudz\" \/>\n<meta property=\"article:modified_time\" content=\"2025-10-02T16:23:54+00:00\" \/>\n<meta property=\"og:image\" content=\"https:\/\/moodbudz.com\/wp-content\/uploads\/2025\/08\/hindu-kush-strain-budder-cali-weed-cali-packs.webp\" \/>\n\t<meta property=\"og:image:width\" content=\"2048\" \/>\n\t<meta property=\"og:image:height\" content=\"1365\" \/>\n\t<meta property=\"og:image:type\" content=\"image\/webp\" \/>\n<meta name=\"twitter:card\" content=\"summary_large_image\" \/>\n<meta name=\"twitter:label1\" content=\"Precio\" \/>\n\t<meta name=\"twitter:data1\" content=\"&#036;99.00\" \/>\n\t<meta name=\"twitter:label2\" content=\"Disponibilidad\" \/>\n\t<meta name=\"twitter:data2\" content=\"Disponible\" \/>\n<script type=\"application\/ld+json\" class=\"yoast-schema-graph\">{\"@context\":\"https:\\\/\\\/schema.org\",\"@graph\":[{\"@type\":\"WebPage\",\"@id\":\"https:\\\/\\\/moodbudz.com\\\/product\\\/hindu-kush-strain-budder\\\/\",\"url\":\"https:\\\/\\\/moodbudz.com\\\/product\\\/hindu-kush-strain-budder\\\/\",\"name\":\"Buy Hindu Kush Budder | Pure Indica Concentrate\",\"isPartOf\":{\"@id\":\"https:\\\/\\\/moodbudz.com\\\/#website\"},\"primaryImageOfPage\":{\"@id\":\"https:\\\/\\\/moodbudz.com\\\/product\\\/hindu-kush-strain-budder\\\/#primaryimage\"},\"image\":{\"@id\":\"https:\\\/\\\/moodbudz.com\\\/product\\\/hindu-kush-strain-budder\\\/#primaryimage\"},\"thumbnailUrl\":\"https:\\\/\\\/moodbudz.com\\\/wp-content\\\/uploads\\\/2025\\\/08\\\/hindu-kush-strain-budder-cali-weed-cali-packs.webp\",\"datePublished\":\"2025-08-08T19:45:22+00:00\",\"dateModified\":\"2025-10-02T16:23:54+00:00\",\"description\":\"Earthy & relaxing. Buy Hindu Kush Budder strain for high-THC indica effects, smooth dabs & discreet worldwide shipping.\",\"breadcrumb\":{\"@id\":\"https:\\\/\\\/moodbudz.com\\\/product\\\/hindu-kush-strain-budder\\\/#breadcrumb\"},\"inLanguage\":\"es\",\"potentialAction\":[{\"@type\":\"ReadAction\",\"target\":[\"https:\\\/\\\/moodbudz.com\\\/product\\\/hindu-kush-strain-budder\\\/\"]}]},{\"@type\":\"ImageObject\",\"inLanguage\":\"es\",\"@id\":\"https:\\\/\\\/moodbudz.com\\\/product\\\/hindu-kush-strain-budder\\\/#primaryimage\",\"url\":\"https:\\\/\\\/moodbudz.com\\\/wp-content\\\/uploads\\\/2025\\\/08\\\/hindu-kush-strain-budder-cali-weed-cali-packs.webp\",\"contentUrl\":\"https:\\\/\\\/moodbudz.com\\\/wp-content\\\/uploads\\\/2025\\\/08\\\/hindu-kush-strain-budder-cali-weed-cali-packs.webp\",\"width\":2048,\"height\":1365,\"caption\":\"Hindu Kush Strain Budder - cali weed | cali packs\"},{\"@type\":\"BreadcrumbList\",\"@id\":\"https:\\\/\\\/moodbudz.com\\\/product\\\/hindu-kush-strain-budder\\\/#breadcrumb\",\"itemListElement\":[{\"@type\":\"ListItem\",\"position\":1,\"name\":\"Home\",\"item\":\"https:\\\/\\\/moodbudz.com\\\/\"},{\"@type\":\"ListItem\",\"position\":2,\"name\":\"Shop\",\"item\":\"https:\\\/\\\/moodbudz.com\\\/shop\\\/\"},{\"@type\":\"ListItem\",\"position\":3,\"name\":\"Hindu Kush Strain Budder\"}]},{\"@type\":\"WebSite\",\"@id\":\"https:\\\/\\\/moodbudz.com\\\/#website\",\"url\":\"https:\\\/\\\/moodbudz.com\\\/\",\"name\":\"MoodBudz\",\"description\":\"Buy Premium Cannabis Online Safely and Legally\",\"publisher\":{\"@id\":\"https:\\\/\\\/moodbudz.com\\\/#organization\"},\"alternateName\":\"MBudz\",\"potentialAction\":[{\"@type\":\"SearchAction\",\"target\":{\"@type\":\"EntryPoint\",\"urlTemplate\":\"https:\\\/\\\/moodbudz.com\\\/?s={search_term_string}\"},\"query-input\":{\"@type\":\"PropertyValueSpecification\",\"valueRequired\":true,\"valueName\":\"search_term_string\"}}],\"inLanguage\":\"es\"},{\"@type\":\"Organization\",\"@id\":\"https:\\\/\\\/moodbudz.com\\\/#organization\",\"name\":\"MoodBudz\",\"alternateName\":\"WeedBudz\",\"url\":\"https:\\\/\\\/moodbudz.com\\\/\",\"logo\":{\"@type\":\"ImageObject\",\"inLanguage\":\"es\",\"@id\":\"https:\\\/\\\/moodbudz.com\\\/#\\\/schema\\\/logo\\\/image\\\/\",\"url\":\"https:\\\/\\\/moodbudz.com\\\/wp-content\\\/uploads\\\/2025\\\/08\\\/Add-a-heading-1.png\",\"contentUrl\":\"https:\\\/\\\/moodbudz.com\\\/wp-content\\\/uploads\\\/2025\\\/08\\\/Add-a-heading-1.png\",\"width\":186,\"height\":65,\"caption\":\"MoodBudz\"},\"image\":{\"@id\":\"https:\\\/\\\/moodbudz.com\\\/#\\\/schema\\\/logo\\\/image\\\/\"},\"hasMerchantReturnPolicy\":{\"@type\":\"MerchantReturnPolicy\",\"merchantReturnLink\":\"https:\\\/\\\/moodbudz.com\\\/es\\\/refund_returns\\\/\"}}]}<\/script>\n<meta property=\"product:brand\" content=\"simple\" \/>\n<meta property=\"product:price:amount\" content=\"99.00\" \/>\n<meta property=\"product:price:currency\" content=\"USD\" \/>\n<meta property=\"og:availability\" content=\"instock\" \/>\n<meta property=\"product:availability\" content=\"instock\" \/>\n<meta property=\"product:condition\" content=\"new\" \/>\n<!-- \/ Yoast SEO Premium plugin. -->","yoast_head_json":{"title":"Comprar Hindu Kush Budder | Concentrado de Indica pura","description":"Terroso y relajante. Compra la variedad Hindu Kush Budder para obtener efectos de \u00edndica con alto contenido de THC, caladas suaves y env\u00edos discretos a todo el mundo.","robots":{"index":"index","follow":"follow","max-snippet":"max-snippet:-1","max-image-preview":"max-image-preview:large","max-video-preview":"max-video-preview:-1"},"canonical":"https:\/\/moodbudz.com\/es\/product\/variedad-hindu-kush-budder\/","og_locale":"es_ES","og_type":"article","og_title":"Hindu Kush Strain Budder","og_description":"Earthy & relaxing. Buy Hindu Kush Budder strain for high-THC indica effects, smooth dabs & discreet worldwide shipping.","og_url":"https:\/\/moodbudz.com\/es\/product\/variedad-hindu-kush-budder\/","og_site_name":"MoodBudz","article_modified_time":"2025-10-02T16:23:54+00:00","og_image":[{"width":2048,"height":1365,"url":"https:\/\/moodbudz.com\/wp-content\/uploads\/2025\/08\/hindu-kush-strain-budder-cali-weed-cali-packs.webp","type":"image\/webp"}],"twitter_card":"summary_large_image","twitter_misc":{"Precio":"&#36;99.00","Disponibilidad":"Disponible"},"schema":{"@context":"https:\/\/schema.org","@graph":[{"@type":"WebPage","@id":"https:\/\/moodbudz.com\/product\/hindu-kush-strain-budder\/","url":"https:\/\/moodbudz.com\/product\/hindu-kush-strain-budder\/","name":"Comprar Hindu Kush Budder | Concentrado de Indica pura","isPartOf":{"@id":"https:\/\/moodbudz.com\/#website"},"primaryImageOfPage":{"@id":"https:\/\/moodbudz.com\/product\/hindu-kush-strain-budder\/#primaryimage"},"image":{"@id":"https:\/\/moodbudz.com\/product\/hindu-kush-strain-budder\/#primaryimage"},"thumbnailUrl":"https:\/\/moodbudz.com\/wp-content\/uploads\/2025\/08\/hindu-kush-strain-budder-cali-weed-cali-packs.webp","datePublished":"2025-08-08T19:45:22+00:00","dateModified":"2025-10-02T16:23:54+00:00","description":"Terroso y relajante. Compra la variedad Hindu Kush Budder para obtener efectos de \u00edndica con alto contenido de THC, caladas suaves y env\u00edos discretos a todo el mundo.","breadcrumb":{"@id":"https:\/\/moodbudz.com\/product\/hindu-kush-strain-budder\/#breadcrumb"},"inLanguage":"es","potentialAction":[{"@type":"ReadAction","target":["https:\/\/moodbudz.com\/product\/hindu-kush-strain-budder\/"]}]},{"@type":"ImageObject","inLanguage":"es","@id":"https:\/\/moodbudz.com\/product\/hindu-kush-strain-budder\/#primaryimage","url":"https:\/\/moodbudz.com\/wp-content\/uploads\/2025\/08\/hindu-kush-strain-budder-cali-weed-cali-packs.webp","contentUrl":"https:\/\/moodbudz.com\/wp-content\/uploads\/2025\/08\/hindu-kush-strain-budder-cali-weed-cali-packs.webp","width":2048,"height":1365,"caption":"Hindu Kush Strain Budder - cali weed | cali packs"},{"@type":"BreadcrumbList","@id":"https:\/\/moodbudz.com\/product\/hindu-kush-strain-budder\/#breadcrumb","itemListElement":[{"@type":"ListItem","position":1,"name":"Home","item":"https:\/\/moodbudz.com\/"},{"@type":"ListItem","position":2,"name":"Shop","item":"https:\/\/moodbudz.com\/shop\/"},{"@type":"ListItem","position":3,"name":"Hindu Kush Strain Budder"}]},{"@type":"WebSite","@id":"https:\/\/moodbudz.com\/#website","url":"https:\/\/moodbudz.com\/","name":"MoodBudz","description":"Compra cannabis premium en l\u00ednea de forma segura y legal.","publisher":{"@id":"https:\/\/moodbudz.com\/#organization"},"alternateName":"MBudz","potentialAction":[{"@type":"SearchAction","target":{"@type":"EntryPoint","urlTemplate":"https:\/\/moodbudz.com\/?s={search_term_string}"},"query-input":{"@type":"PropertyValueSpecification","valueRequired":true,"valueName":"search_term_string"}}],"inLanguage":"es"},{"@type":"Organization","@id":"https:\/\/moodbudz.com\/#organization","name":"MoodBudz","alternateName":"WeedBudz","url":"https:\/\/moodbudz.com\/","logo":{"@type":"ImageObject","inLanguage":"es","@id":"https:\/\/moodbudz.com\/#\/schema\/logo\/image\/","url":"https:\/\/moodbudz.com\/wp-content\/uploads\/2025\/08\/Add-a-heading-1.png","contentUrl":"https:\/\/moodbudz.com\/wp-content\/uploads\/2025\/08\/Add-a-heading-1.png","width":186,"height":65,"caption":"MoodBudz"},"image":{"@id":"https:\/\/moodbudz.com\/#\/schema\/logo\/image\/"},"hasMerchantReturnPolicy":{"@type":"MerchantReturnPolicy","merchantReturnLink":"https:\/\/moodbudz.com\/es\/refund_returns\/"}}]},"product_brand":"simple","product_price_amount":"99.00","product_price_currency":"USD","og_availability":"instock","product_availability":"instock","product_condition":"new"},"_links":{"self":[{"href":"https:\/\/moodbudz.com\/es\/wp-json\/wp\/v2\/product\/100","targetHints":{"allow":["GET"]}}],"collection":[{"href":"https:\/\/moodbudz.com\/es\/wp-json\/wp\/v2\/product"}],"about":[{"href":"https:\/\/moodbudz.com\/es\/wp-json\/wp\/v2\/types\/product"}],"replies":[{"embeddable":true,"href":"https:\/\/moodbudz.com\/es\/wp-json\/wp\/v2\/comments?post=100"}],"version-history":[{"count":1,"href":"https:\/\/moodbudz.com\/es\/wp-json\/wp\/v2\/product\/100\/revisions"}],"predecessor-version":[{"id":19767,"href":"https:\/\/moodbudz.com\/es\/wp-json\/wp\/v2\/product\/100\/revisions\/19767"}],"wp:featuredmedia":[{"embeddable":true,"href":"https:\/\/moodbudz.com\/es\/wp-json\/wp\/v2\/media\/97"}],"wp:attachment":[{"href":"https:\/\/moodbudz.com\/es\/wp-json\/wp\/v2\/media?parent=100"}],"wp:term":[{"taxonomy":"product_brand","embeddable":true,"href":"https:\/\/moodbudz.com\/es\/wp-json\/wp\/v2\/product_brand?post=100"},{"taxonomy":"product_cat","embeddable":true,"href":"https:\/\/moodbudz.com\/es\/wp-json\/wp\/v2\/product_cat?post=100"},{"taxonomy":"product_tag","embeddable":true,"href":"https:\/\/moodbudz.com\/es\/wp-json\/wp\/v2\/product_tag?post=100"}],"curies":[{"name":"wp","href":"https:\/\/api.w.org\/{rel}","templated":true}]}}