{"id":19904,"date":"2025-10-04T21:26:13","date_gmt":"2025-10-04T21:26:13","guid":{"rendered":"https:\/\/moodbudz.com\/product\/moroccan-blonde-hash\/"},"modified":"2025-10-11T11:55:54","modified_gmt":"2025-10-11T11:55:54","slug":"hash-marroqui-dorado","status":"publish","type":"product","link":"https:\/\/moodbudz.com\/es\/product\/moroccan-blonde-hash\/","title":{"rendered":"Hach\u00eds Rubio Marroqu\u00ed"},"content":{"rendered":"<h2 data-start=\"536\" data-end=\"579\"><strong data-start=\"539\" data-end=\"577\">\u00a0Why Buy Wedding Crasher Budder<\/strong><\/h2>\n<p data-start=\"580\" data-end=\"931\">Cuando <strong data-start=\"589\" data-end=\"626\">buy Wedding Crasher Budder strain<\/strong>, est\u00e1s eligiendo un <strong data-start=\"646\" data-end=\"676\">premium hybrid concentrate<\/strong> that combines <strong data-start=\"691\" data-end=\"750\">sweet, dessert-like flavor with smooth, potent effects.<\/strong> Derived from the Wedding Crasher strain, this budder preserves the <strong data-start=\"818\" data-end=\"877\">rich aroma, creamy texture, and balanced hybrid effects<\/strong> that make it a favorite among cannabis enthusiasts.<\/p>\n<p data-start=\"933\" data-end=\"1291\">Con <strong data-start=\"938\" data-end=\"952\">70-85% THC<\/strong>, Wedding Crasher Budder delivers a <strong data-start=\"988\" data-end=\"1012\">pleasant hybrid high<\/strong> \u2014 uplifting mental clarity and euphoria from its sativa genetics, paired with calming body relaxation from its indica side. Ideal for <strong data-start=\"1147\" data-end=\"1211\">afternoon creativity, social sessions, or evening relaxation<\/strong>, this concentrate enhances flavor and potency compared to traditional flower.<\/p>\n<h2 data-start=\"1298\" data-end=\"1334\"><strong data-start=\"1301\" data-end=\"1332\">\u00a0Sabor, aroma y efectos<\/strong><\/h2>\n<ul data-start=\"1335\" data-end=\"1596\">\n<li data-start=\"1335\" data-end=\"1405\">\n<p data-start=\"1337\" data-end=\"1405\"><strong data-start=\"1337\" data-end=\"1348\">Sabor:<\/strong> Sweet vanilla, creamy dessert, subtle berry undertones<\/p>\n<\/li>\n<li data-start=\"1406\" data-end=\"1461\">\n<p data-start=\"1408\" data-end=\"1461\"><strong data-start=\"1408\" data-end=\"1418\">Aroma:<\/strong> Dessert-like sweetness with creamy notes<\/p>\n<\/li>\n<li data-start=\"1462\" data-end=\"1534\">\n<p data-start=\"1464\" data-end=\"1534\"><strong data-start=\"1464\" data-end=\"1476\">Efectos:<\/strong> Uplifting, relaxing, mood-lifting, balanced hybrid<a href=\"https:\/\/moodbudz.com\/es\/product\/zerbanger\/\"> buzz<\/a><\/p>\n<\/li>\n<li data-start=\"1535\" data-end=\"1596\">\n<p data-start=\"1537\" data-end=\"1596\"><strong data-start=\"1537\" data-end=\"1558\">Mejor momento para utilizarlo:<\/strong> Afternoon, evening, social sessions<\/p>\n<\/li>\n<\/ul>\n<h3 data-start=\"1598\" data-end=\"1630\"><strong data-start=\"1602\" data-end=\"1628\">Puntos de dolor resueltos<\/strong><\/h3>\n<ul data-start=\"1631\" data-end=\"1918\">\n<li data-start=\"1631\" data-end=\"1736\">\n<p data-start=\"1633\" data-end=\"1736\">Feeling <strong data-start=\"1641\" data-end=\"1667\">stressed or low-energy<\/strong>? \u2192 Wedding Crasher Budder uplifts the mind while calming the body.<\/p>\n<\/li>\n<li data-start=\"1737\" data-end=\"1817\">\n<p data-start=\"1739\" data-end=\"1817\">Want <strong data-start=\"1744\" data-end=\"1770\">smooth, flavorful dabs<\/strong>? \u2192 Creamy dessert flavor enhances every hit.<\/p>\n<\/li>\n<li data-start=\"1818\" data-end=\"1918\">\n<p data-start=\"1820\" data-end=\"1918\">En busca de <strong data-start=\"1832\" data-end=\"1859\">balanced hybrid effects<\/strong>? \u2192 Provides both mental uplift and mild body relaxation.<\/p>\n<\/li>\n<\/ul>\n<h2 data-start=\"1925\" data-end=\"1960\"><strong data-start=\"1928\" data-end=\"1958\">\u00a0Especificaciones del producto<\/strong><\/h2>\n<ul data-start=\"1961\" data-end=\"2277\">\n<li data-start=\"1961\" data-end=\"2012\">\n<p data-start=\"1963\" data-end=\"2012\"><strong data-start=\"1963\" data-end=\"1980\">Tipo de producto:<\/strong> Concentrado de cannabis (Budder)<\/p>\n<\/li>\n<li data-start=\"2013\" data-end=\"2053\">\n<p data-start=\"2015\" data-end=\"2053\"><strong data-start=\"2015\" data-end=\"2026\">Cepa:<\/strong> Wedding Crasher (Hybrid)<\/p>\n<\/li>\n<li data-start=\"2054\" data-end=\"2109\">\n<p data-start=\"2056\" data-end=\"2109\"><strong data-start=\"2056\" data-end=\"2068\">Textura:<\/strong> Smooth, creamy budder for easy dabbing<\/p>\n<\/li>\n<li data-start=\"2110\" data-end=\"2129\">\n<p data-start=\"2112\" data-end=\"2129\"><strong data-start=\"2112\" data-end=\"2120\">THC:<\/strong> 70-85%<\/p>\n<\/li>\n<li data-start=\"2130\" data-end=\"2152\">\n<p data-start=\"2132\" data-end=\"2152\"><strong data-start=\"2132\" data-end=\"2140\">CBD:<\/strong> Bajo (&lt;1%)<\/p>\n<\/li>\n<li data-start=\"2153\" data-end=\"2207\">\n<p data-start=\"2155\" data-end=\"2207\"><strong data-start=\"2155\" data-end=\"2167\">Linaje:<\/strong> Wedding Cake \u00d7 Gelato hybrid genetics<\/p>\n<\/li>\n<li data-start=\"2208\" data-end=\"2277\">\n<p data-start=\"2210\" data-end=\"2277\"><strong data-start=\"2210\" data-end=\"2224\">Embalaje:<\/strong> Herm\u00e9tico, a prueba de ni\u00f1os, env\u00edo discreto a todo el mundo<\/p>\n<\/li>\n<\/ul>\n<h2 data-start=\"2284\" data-end=\"2336\"><strong data-start=\"2287\" data-end=\"2334\">\u00a0Why Smokers Love Wedding Crasher Budder<\/strong><\/h2>\n<p data-start=\"2337\" data-end=\"2549\">Wedding Crasher is prized for its <strong data-start=\"2371\" data-end=\"2421\">dessert-like flavor and smooth hybrid effects.<\/strong> In budder form, the sweetness intensifies, the dabs are creamier, and the <strong data-start=\"2496\" data-end=\"2534\">effects hit faster and last longer<\/strong> than flower.<\/p>\n<p data-start=\"2551\" data-end=\"2614\">Cuando <strong data-start=\"2560\" data-end=\"2597\">buy Wedding Crasher Budder strain<\/strong>, you\u2019ll enjoy:<\/p>\n<ul data-start=\"2615\" data-end=\"2789\">\n<li data-start=\"2615\" data-end=\"2656\">\n<p data-start=\"2617\" data-end=\"2656\"><strong data-start=\"2617\" data-end=\"2641\">Sweet dessert flavor<\/strong> in every dab<\/p>\n<\/li>\n<li data-start=\"2657\" data-end=\"2706\">\n<p data-start=\"2659\" data-end=\"2706\"><strong data-start=\"2659\" data-end=\"2686\">Efectos h\u00edbridos equilibrados<\/strong> para la mente y el cuerpo<\/p>\n<\/li>\n<li data-start=\"2707\" data-end=\"2753\">\n<p data-start=\"2709\" data-end=\"2753\"><strong data-start=\"2709\" data-end=\"2729\">Alta potencia de THC<\/strong> for long-lasting hits<\/p>\n<\/li>\n<li data-start=\"2754\" data-end=\"2789\">\n<p data-start=\"2756\" data-end=\"2789\"><strong data-start=\"2756\" data-end=\"2787\">Env\u00edo discreto a todo el mundo<\/strong><\/p>\n<\/li>\n<\/ul>\n<h2 data-start=\"2796\" data-end=\"2831\"><strong data-start=\"2799\" data-end=\"2829\">\u00a0Preguntas frecuentes - Preguntas de los compradores<\/strong><\/h2>\n<p data-start=\"2833\" data-end=\"2936\"><strong data-start=\"2833\" data-end=\"2874\">Q1: Is Wedding Crasher Budder strong?<\/strong><br data-start=\"2874\" data-end=\"2877\" \/>Yes \u2014 with 70\u201385% THC, it delivers potent hybrid effects.<\/p>\n<p data-start=\"2938\" data-end=\"3020\"><strong data-start=\"2938\" data-end=\"2966\">P2: \u00bfC\u00f3mo se consume?<\/strong><br data-start=\"2966\" data-end=\"2969\" \/>Utilice un <strong data-start=\"2975\" data-end=\"3018\">dab rig, vaporizer, or concentrate pen.<\/strong><\/p>\n<p data-start=\"3022\" data-end=\"3128\"><strong data-start=\"3022\" data-end=\"3054\">P3: \u00bfA qu\u00e9 sabe?<\/strong><br data-start=\"3054\" data-end=\"3057\" \/>Creamy dessert flavor with sweet vanilla and subtle berry undertones.<\/p>\n<p data-start=\"3130\" data-end=\"3212\"><strong data-start=\"3130\" data-end=\"3163\">P4: \u00bfCu\u00e1nto duran los efectos?<\/strong><br data-start=\"3163\" data-end=\"3166\" \/>3-5 horas dependiendo de la dosis y la tolerancia.<\/p>\n<p data-start=\"3214\" data-end=\"3328\"><strong data-start=\"3214\" data-end=\"3253\">Q5: Is it suitable for daytime use?<\/strong><br data-start=\"3253\" data-end=\"3256\" \/>Yes \u2014 moderate doses provide uplifting effects without heavy sedation.<\/p>","protected":false},"excerpt":{"rendered":"<p data-start=\"245\" data-end=\"450\"><strong data-start=\"245\" data-end=\"269\">Hach\u00eds Rubio Marroqu\u00ed<\/strong> delivers a smooth, golden-brown texture with a classic earthy aroma and relaxing high. Traditional North African craftsmanship meets potent THC in this pure, old-school favorite.<\/p>","protected":false},"featured_media":19901,"comment_status":"open","ping_status":"closed","template":"","meta":[],"product_brand":[],"product_cat":[86],"product_tag":[],"class_list":{"0":"post-19904","1":"product","2":"type-product","3":"status-publish","4":"has-post-thumbnail","6":"product_cat-hash","8":"first","9":"instock","10":"shipping-taxable","11":"purchasable","12":"product-type-simple"},"yoast_head":"<!-- This site is optimized with the Yoast SEO Premium plugin v26.0 (Yoast SEO v27.3) - https:\/\/yoast.com\/product\/yoast-seo-premium-wordpress\/ -->\n<title>Buy Wedding Crasher Budder | Sweet Hybrid Concentrate<\/title>\n<meta name=\"description\" content=\"Dessert-like flavor &amp; balanced effects. Buy Wedding Crasher Budder strain for high-THC hybrid dabs &amp; discreet worldwide shipping.\" \/>\n<meta name=\"robots\" content=\"index, follow, max-snippet:-1, max-image-preview:large, max-video-preview:-1\" \/>\n<link rel=\"canonical\" href=\"https:\/\/moodbudz.com\/es\/product\/hash-marroqui-dorado\/\" \/>\n<meta property=\"og:locale\" content=\"es_ES\" \/>\n<meta property=\"og:type\" content=\"article\" \/>\n<meta property=\"og:title\" content=\"Moroccan Blonde Hash\" \/>\n<meta property=\"og:description\" content=\"Dessert-like flavor &amp; balanced effects. Buy Wedding Crasher Budder strain for high-THC hybrid dabs &amp; discreet worldwide shipping.\" \/>\n<meta property=\"og:url\" content=\"https:\/\/moodbudz.com\/es\/product\/hash-marroqui-dorado\/\" \/>\n<meta property=\"og:site_name\" content=\"MoodBudz\" \/>\n<meta property=\"article:modified_time\" content=\"2025-10-11T11:55:54+00:00\" \/>\n<meta property=\"og:image\" content=\"https:\/\/moodbudz.com\/wp-content\/uploads\/2025\/10\/moroccan-blonde-hash.jpg\" \/>\n\t<meta property=\"og:image:width\" content=\"1500\" \/>\n\t<meta property=\"og:image:height\" content=\"1500\" \/>\n\t<meta property=\"og:image:type\" content=\"image\/jpeg\" \/>\n<meta name=\"twitter:card\" content=\"summary_large_image\" \/>\n<meta name=\"twitter:label1\" content=\"Precio\" \/>\n\t<meta name=\"twitter:data1\" content=\"&#036;11.00\" \/>\n\t<meta name=\"twitter:label2\" content=\"Disponibilidad\" \/>\n\t<meta name=\"twitter:data2\" content=\"Disponible\" \/>\n<script type=\"application\/ld+json\" class=\"yoast-schema-graph\">{\"@context\":\"https:\\\/\\\/schema.org\",\"@graph\":[{\"@type\":\"WebPage\",\"@id\":\"https:\\\/\\\/moodbudz.com\\\/product\\\/moroccan-blonde-hash\\\/\",\"url\":\"https:\\\/\\\/moodbudz.com\\\/product\\\/moroccan-blonde-hash\\\/\",\"name\":\"Buy Wedding Crasher Budder | Sweet Hybrid Concentrate\",\"isPartOf\":{\"@id\":\"https:\\\/\\\/moodbudz.com\\\/#website\"},\"primaryImageOfPage\":{\"@id\":\"https:\\\/\\\/moodbudz.com\\\/product\\\/moroccan-blonde-hash\\\/#primaryimage\"},\"image\":{\"@id\":\"https:\\\/\\\/moodbudz.com\\\/product\\\/moroccan-blonde-hash\\\/#primaryimage\"},\"thumbnailUrl\":\"https:\\\/\\\/moodbudz.com\\\/wp-content\\\/uploads\\\/2025\\\/10\\\/moroccan-blonde-hash.jpg\",\"datePublished\":\"2025-10-04T21:26:13+00:00\",\"dateModified\":\"2025-10-11T11:55:54+00:00\",\"description\":\"Dessert-like flavor & balanced effects. Buy Wedding Crasher Budder strain for high-THC hybrid dabs & discreet worldwide shipping.\",\"breadcrumb\":{\"@id\":\"https:\\\/\\\/moodbudz.com\\\/product\\\/moroccan-blonde-hash\\\/#breadcrumb\"},\"inLanguage\":\"es\",\"potentialAction\":[{\"@type\":\"ReadAction\",\"target\":[\"https:\\\/\\\/moodbudz.com\\\/product\\\/moroccan-blonde-hash\\\/\"]}]},{\"@type\":\"ImageObject\",\"inLanguage\":\"es\",\"@id\":\"https:\\\/\\\/moodbudz.com\\\/product\\\/moroccan-blonde-hash\\\/#primaryimage\",\"url\":\"https:\\\/\\\/moodbudz.com\\\/wp-content\\\/uploads\\\/2025\\\/10\\\/moroccan-blonde-hash.jpg\",\"contentUrl\":\"https:\\\/\\\/moodbudz.com\\\/wp-content\\\/uploads\\\/2025\\\/10\\\/moroccan-blonde-hash.jpg\",\"width\":1500,\"height\":1500,\"caption\":\"Moroccan Blonde Hash\"},{\"@type\":\"BreadcrumbList\",\"@id\":\"https:\\\/\\\/moodbudz.com\\\/product\\\/moroccan-blonde-hash\\\/#breadcrumb\",\"itemListElement\":[{\"@type\":\"ListItem\",\"position\":1,\"name\":\"Home\",\"item\":\"https:\\\/\\\/moodbudz.com\\\/\"},{\"@type\":\"ListItem\",\"position\":2,\"name\":\"Shop\",\"item\":\"https:\\\/\\\/moodbudz.com\\\/shop\\\/\"},{\"@type\":\"ListItem\",\"position\":3,\"name\":\"Moroccan Blonde Hash\"}]},{\"@type\":\"WebSite\",\"@id\":\"https:\\\/\\\/moodbudz.com\\\/#website\",\"url\":\"https:\\\/\\\/moodbudz.com\\\/\",\"name\":\"MoodBudz\",\"description\":\"Buy Premium Cannabis Online Safely and Legally\",\"publisher\":{\"@id\":\"https:\\\/\\\/moodbudz.com\\\/#organization\"},\"alternateName\":\"MBudz\",\"potentialAction\":[{\"@type\":\"SearchAction\",\"target\":{\"@type\":\"EntryPoint\",\"urlTemplate\":\"https:\\\/\\\/moodbudz.com\\\/?s={search_term_string}\"},\"query-input\":{\"@type\":\"PropertyValueSpecification\",\"valueRequired\":true,\"valueName\":\"search_term_string\"}}],\"inLanguage\":\"es\"},{\"@type\":\"Organization\",\"@id\":\"https:\\\/\\\/moodbudz.com\\\/#organization\",\"name\":\"MoodBudz\",\"alternateName\":\"WeedBudz\",\"url\":\"https:\\\/\\\/moodbudz.com\\\/\",\"logo\":{\"@type\":\"ImageObject\",\"inLanguage\":\"es\",\"@id\":\"https:\\\/\\\/moodbudz.com\\\/#\\\/schema\\\/logo\\\/image\\\/\",\"url\":\"https:\\\/\\\/moodbudz.com\\\/wp-content\\\/uploads\\\/2025\\\/08\\\/Add-a-heading-1.png\",\"contentUrl\":\"https:\\\/\\\/moodbudz.com\\\/wp-content\\\/uploads\\\/2025\\\/08\\\/Add-a-heading-1.png\",\"width\":186,\"height\":65,\"caption\":\"MoodBudz\"},\"image\":{\"@id\":\"https:\\\/\\\/moodbudz.com\\\/#\\\/schema\\\/logo\\\/image\\\/\"},\"hasMerchantReturnPolicy\":{\"@type\":\"MerchantReturnPolicy\",\"merchantReturnLink\":\"https:\\\/\\\/moodbudz.com\\\/es\\\/refund_returns\\\/\"}}]}<\/script>\n<meta property=\"product:brand\" content=\"simple\" \/>\n<meta property=\"product:price:amount\" content=\"11.00\" \/>\n<meta property=\"product:price:currency\" content=\"USD\" \/>\n<meta property=\"og:availability\" content=\"instock\" \/>\n<meta property=\"product:availability\" content=\"instock\" \/>\n<meta property=\"product:condition\" content=\"new\" \/>\n<!-- \/ Yoast SEO Premium plugin. -->","yoast_head_json":{"title":"Buy Wedding Crasher Budder | Sweet Hybrid Concentrate","description":"Dessert-like flavor & balanced effects. Buy Wedding Crasher Budder strain for high-THC hybrid dabs & discreet worldwide shipping.","robots":{"index":"index","follow":"follow","max-snippet":"max-snippet:-1","max-image-preview":"max-image-preview:large","max-video-preview":"max-video-preview:-1"},"canonical":"https:\/\/moodbudz.com\/es\/product\/hash-marroqui-dorado\/","og_locale":"es_ES","og_type":"article","og_title":"Moroccan Blonde Hash","og_description":"Dessert-like flavor & balanced effects. Buy Wedding Crasher Budder strain for high-THC hybrid dabs & discreet worldwide shipping.","og_url":"https:\/\/moodbudz.com\/es\/product\/hash-marroqui-dorado\/","og_site_name":"MoodBudz","article_modified_time":"2025-10-11T11:55:54+00:00","og_image":[{"width":1500,"height":1500,"url":"https:\/\/moodbudz.com\/wp-content\/uploads\/2025\/10\/moroccan-blonde-hash.jpg","type":"image\/jpeg"}],"twitter_card":"summary_large_image","twitter_misc":{"Precio":"&#36;11.00","Disponibilidad":"Disponible"},"schema":{"@context":"https:\/\/schema.org","@graph":[{"@type":"WebPage","@id":"https:\/\/moodbudz.com\/product\/moroccan-blonde-hash\/","url":"https:\/\/moodbudz.com\/product\/moroccan-blonde-hash\/","name":"Buy Wedding Crasher Budder | Sweet Hybrid Concentrate","isPartOf":{"@id":"https:\/\/moodbudz.com\/#website"},"primaryImageOfPage":{"@id":"https:\/\/moodbudz.com\/product\/moroccan-blonde-hash\/#primaryimage"},"image":{"@id":"https:\/\/moodbudz.com\/product\/moroccan-blonde-hash\/#primaryimage"},"thumbnailUrl":"https:\/\/moodbudz.com\/wp-content\/uploads\/2025\/10\/moroccan-blonde-hash.jpg","datePublished":"2025-10-04T21:26:13+00:00","dateModified":"2025-10-11T11:55:54+00:00","description":"Dessert-like flavor & balanced effects. Buy Wedding Crasher Budder strain for high-THC hybrid dabs & discreet worldwide shipping.","breadcrumb":{"@id":"https:\/\/moodbudz.com\/product\/moroccan-blonde-hash\/#breadcrumb"},"inLanguage":"es","potentialAction":[{"@type":"ReadAction","target":["https:\/\/moodbudz.com\/product\/moroccan-blonde-hash\/"]}]},{"@type":"ImageObject","inLanguage":"es","@id":"https:\/\/moodbudz.com\/product\/moroccan-blonde-hash\/#primaryimage","url":"https:\/\/moodbudz.com\/wp-content\/uploads\/2025\/10\/moroccan-blonde-hash.jpg","contentUrl":"https:\/\/moodbudz.com\/wp-content\/uploads\/2025\/10\/moroccan-blonde-hash.jpg","width":1500,"height":1500,"caption":"Moroccan Blonde Hash"},{"@type":"BreadcrumbList","@id":"https:\/\/moodbudz.com\/product\/moroccan-blonde-hash\/#breadcrumb","itemListElement":[{"@type":"ListItem","position":1,"name":"Home","item":"https:\/\/moodbudz.com\/"},{"@type":"ListItem","position":2,"name":"Shop","item":"https:\/\/moodbudz.com\/shop\/"},{"@type":"ListItem","position":3,"name":"Moroccan Blonde Hash"}]},{"@type":"WebSite","@id":"https:\/\/moodbudz.com\/#website","url":"https:\/\/moodbudz.com\/","name":"MoodBudz","description":"Compra cannabis premium en l\u00ednea de forma segura y legal.","publisher":{"@id":"https:\/\/moodbudz.com\/#organization"},"alternateName":"MBudz","potentialAction":[{"@type":"SearchAction","target":{"@type":"EntryPoint","urlTemplate":"https:\/\/moodbudz.com\/?s={search_term_string}"},"query-input":{"@type":"PropertyValueSpecification","valueRequired":true,"valueName":"search_term_string"}}],"inLanguage":"es"},{"@type":"Organization","@id":"https:\/\/moodbudz.com\/#organization","name":"MoodBudz","alternateName":"WeedBudz","url":"https:\/\/moodbudz.com\/","logo":{"@type":"ImageObject","inLanguage":"es","@id":"https:\/\/moodbudz.com\/#\/schema\/logo\/image\/","url":"https:\/\/moodbudz.com\/wp-content\/uploads\/2025\/08\/Add-a-heading-1.png","contentUrl":"https:\/\/moodbudz.com\/wp-content\/uploads\/2025\/08\/Add-a-heading-1.png","width":186,"height":65,"caption":"MoodBudz"},"image":{"@id":"https:\/\/moodbudz.com\/#\/schema\/logo\/image\/"},"hasMerchantReturnPolicy":{"@type":"MerchantReturnPolicy","merchantReturnLink":"https:\/\/moodbudz.com\/es\/refund_returns\/"}}]},"product_brand":"simple","product_price_amount":"11.00","product_price_currency":"USD","og_availability":"instock","product_availability":"instock","product_condition":"new"},"_links":{"self":[{"href":"https:\/\/moodbudz.com\/es\/wp-json\/wp\/v2\/product\/19904","targetHints":{"allow":["GET"]}}],"collection":[{"href":"https:\/\/moodbudz.com\/es\/wp-json\/wp\/v2\/product"}],"about":[{"href":"https:\/\/moodbudz.com\/es\/wp-json\/wp\/v2\/types\/product"}],"replies":[{"embeddable":true,"href":"https:\/\/moodbudz.com\/es\/wp-json\/wp\/v2\/comments?post=19904"}],"version-history":[{"count":2,"href":"https:\/\/moodbudz.com\/es\/wp-json\/wp\/v2\/product\/19904\/revisions"}],"predecessor-version":[{"id":19988,"href":"https:\/\/moodbudz.com\/es\/wp-json\/wp\/v2\/product\/19904\/revisions\/19988"}],"wp:featuredmedia":[{"embeddable":true,"href":"https:\/\/moodbudz.com\/es\/wp-json\/wp\/v2\/media\/19901"}],"wp:attachment":[{"href":"https:\/\/moodbudz.com\/es\/wp-json\/wp\/v2\/media?parent=19904"}],"wp:term":[{"taxonomy":"product_brand","embeddable":true,"href":"https:\/\/moodbudz.com\/es\/wp-json\/wp\/v2\/product_brand?post=19904"},{"taxonomy":"product_cat","embeddable":true,"href":"https:\/\/moodbudz.com\/es\/wp-json\/wp\/v2\/product_cat?post=19904"},{"taxonomy":"product_tag","embeddable":true,"href":"https:\/\/moodbudz.com\/es\/wp-json\/wp\/v2\/product_tag?post=19904"}],"curies":[{"name":"wp","href":"https:\/\/api.w.org\/{rel}","templated":true}]}}