{"id":110,"date":"2025-08-08T19:45:24","date_gmt":"2025-08-08T19:45:24","guid":{"rendered":"https:\/\/moodbudz.com\/product\/strawberry-shortcake-strain-budder-cali-weed-cali-packs\/"},"modified":"2025-10-02T16:34:01","modified_gmt":"2025-10-02T16:34:01","slug":"strawberry-shortcake-souche-budder","status":"publish","type":"product","link":"https:\/\/moodbudz.com\/fr\/product\/strawberry-shortcake-strain-budder\/","title":{"rendered":"Strawberry Shortcake Strain Budder"},"content":{"rendered":"<h2 data-start=\"564\" data-end=\"612\"><strong data-start=\"567\" data-end=\"610\">Why Buy Strawberry Shortcake Budder<\/strong><\/h2>\n<p data-start=\"613\" data-end=\"977\">When you <strong data-start=\"622\" data-end=\"664\">buy Strawberry Shortcake Budder strain<\/strong>, you\u2019re choosing a <strong data-start=\"684\" data-end=\"722\">premium dessert hybrid concentrate<\/strong> that combines fruity strawberry flavor with smooth, creamy hits. Extracted from the Strawberry Shortcake strain, this budder delivers <strong data-start=\"857\" data-end=\"900\">consistent potency and balanced effects<\/strong>, making it perfect for both <strong data-start=\"929\" data-end=\"975\">daytime creativity and evening relaxation.<\/strong><\/p>\n<p data-start=\"979\" data-end=\"1287\">With <strong data-start=\"984\" data-end=\"998\">70\u201385% THC<\/strong>, Strawberry Shortcake Budder offers a <strong data-start=\"1037\" data-end=\"1061\">pleasant hybrid high<\/strong> \u2014 uplifting mental clarity and mild euphoria from its sativa genetics, paired with calming body effects from its indica side. It\u2019s a concentrate designed to <strong data-start=\"1219\" data-end=\"1285\">enhance mood, reduce stress, and make every session flavorful.<\/strong><\/p>\n<h2 data-start=\"1294\" data-end=\"1330\"><strong data-start=\"1297\" data-end=\"1328\">Flavor, Aroma &amp; Effects<\/strong><\/h2>\n<ul data-start=\"1331\" data-end=\"1621\">\n<li data-start=\"1331\" data-end=\"1407\">\n<p data-start=\"1333\" data-end=\"1407\"><strong data-start=\"1333\" data-end=\"1344\">Flavor:<\/strong> Sweet strawberries, creamy dessert, subtle earthy undertones<\/p>\n<\/li>\n<li data-start=\"1408\" data-end=\"1469\">\n<p data-start=\"1410\" data-end=\"1469\"><strong data-start=\"1410\" data-end=\"1420\">Aroma:<\/strong> Fruity strawberry candy with soft creamy notes<\/p>\n<\/li>\n<li data-start=\"1470\" data-end=\"1542\">\n<p data-start=\"1472\" data-end=\"1542\"><strong data-start=\"1472\" data-end=\"1484\">Effects:<\/strong> Uplifting, relaxing, mood-lifting, balanced hybrid buzz<\/p>\n<\/li>\n<li data-start=\"1543\" data-end=\"1621\">\n<p data-start=\"1545\" data-end=\"1621\"><strong data-start=\"1545\" data-end=\"1566\">Best Time to Use:<\/strong> Afternoon, evening, creative sessions, or social use<\/p>\n<\/li>\n<\/ul>\n<h3 data-start=\"1623\" data-end=\"1655\"><strong data-start=\"1627\" data-end=\"1653\">\u00a0Pain Points Solved<\/strong><\/h3>\n<ul data-start=\"1656\" data-end=\"1951\">\n<li data-start=\"1656\" data-end=\"1760\">\n<p data-start=\"1658\" data-end=\"1760\">Feeling <strong data-start=\"1666\" data-end=\"1689\">stressed or anxious<\/strong>? \u2192 Strawberry Shortcake Budder relaxes the body and lifts your mood.<\/p>\n<\/li>\n<li data-start=\"1761\" data-end=\"1850\">\n<p data-start=\"1763\" data-end=\"1850\">Need <strong data-start=\"1768\" data-end=\"1786\">flavorful dabs<\/strong>? \u2192 Sweet strawberry dessert flavor <a href=\"https:\/\/moodbudz.com\/fr\/product\/duke-nukem-sativa-dominante-hybride-souche\/\">makes<\/a> every hit enjoyable.<\/p>\n<\/li>\n<li data-start=\"1851\" data-end=\"1951\">\n<p data-start=\"1853\" data-end=\"1951\">Looking for <strong data-start=\"1865\" data-end=\"1892\">balanced hybrid effects<\/strong>? \u2192 Delivers both mental uplift and mild body relaxation.<\/p>\n<\/li>\n<\/ul>\n<h2 data-start=\"1958\" data-end=\"1993\"><strong data-start=\"1961\" data-end=\"1991\">\u00a0Sp\u00e9cifications du produit<\/strong><\/h2>\n<ul data-start=\"1994\" data-end=\"2314\">\n<li data-start=\"1994\" data-end=\"2045\">\n<p data-start=\"1996\" data-end=\"2045\"><strong data-start=\"1996\" data-end=\"2013\">Product Type:<\/strong> Cannabis Concentrate (Budder)<\/p>\n<\/li>\n<li data-start=\"2046\" data-end=\"2091\">\n<p data-start=\"2048\" data-end=\"2091\"><strong data-start=\"2048\" data-end=\"2059\">Strain:<\/strong> Strawberry Shortcake (Hybrid)<\/p>\n<\/li>\n<li data-start=\"2092\" data-end=\"2147\">\n<p data-start=\"2094\" data-end=\"2147\"><strong data-start=\"2094\" data-end=\"2106\">Texture:<\/strong> Smooth, creamy budder for easy dabbing<\/p>\n<\/li>\n<li data-start=\"2148\" data-end=\"2167\">\n<p data-start=\"2150\" data-end=\"2167\"><strong data-start=\"2150\" data-end=\"2158\">THC :<\/strong> 70\u201385%<\/p>\n<\/li>\n<li data-start=\"2168\" data-end=\"2190\">\n<p data-start=\"2170\" data-end=\"2190\"><strong data-start=\"2170\" data-end=\"2178\">CBD:<\/strong> Low (&lt;1%)<\/p>\n<\/li>\n<li data-start=\"2191\" data-end=\"2244\">\n<p data-start=\"2193\" data-end=\"2244\"><strong data-start=\"2193\" data-end=\"2205\">Lineage:<\/strong> Strawberry Shortcake hybrid genetics<\/p>\n<\/li>\n<li data-start=\"2245\" data-end=\"2314\">\n<p data-start=\"2247\" data-end=\"2314\"><strong data-start=\"2247\" data-end=\"2261\">Packaging:<\/strong> Airtight, child-proof, discreet worldwide shipping<\/p>\n<\/li>\n<\/ul>\n<h2 data-start=\"2321\" data-end=\"2378\"><strong data-start=\"2324\" data-end=\"2376\">Why Smokers Love Strawberry Shortcake Budder<\/strong><\/h2>\n<p data-start=\"2379\" data-end=\"2607\">Strawberry Shortcake is popular for its <strong data-start=\"2419\" data-end=\"2480\">dessert-like strawberry flavor and smooth hybrid effects.<\/strong> In budder form, the sweetness is intensified, the dabs are creamier, and the effects hit faster and last longer than flower.<\/p>\n<p data-start=\"2609\" data-end=\"2672\">When you <strong data-start=\"2618\" data-end=\"2660\">buy Strawberry Shortcake Budder strain<\/strong>, you get:<\/p>\n<ul data-start=\"2673\" data-end=\"2865\">\n<li data-start=\"2673\" data-end=\"2724\">\n<p data-start=\"2675\" data-end=\"2724\"><strong data-start=\"2675\" data-end=\"2709\">Dessert-like strawberry flavor<\/strong> in every dab<\/p>\n<\/li>\n<li data-start=\"2725\" data-end=\"2774\">\n<p data-start=\"2727\" data-end=\"2774\"><strong data-start=\"2727\" data-end=\"2754\">Effets hybrides \u00e9quilibr\u00e9s<\/strong> for mind and body<\/p>\n<\/li>\n<li data-start=\"2775\" data-end=\"2829\">\n<p data-start=\"2777\" data-end=\"2829\"><strong data-start=\"2777\" data-end=\"2797\">Forte teneur en THC<\/strong> for smooth, long-lasting hits<\/p>\n<\/li>\n<li data-start=\"2830\" data-end=\"2865\">\n<p data-start=\"2832\" data-end=\"2865\"><strong data-start=\"2832\" data-end=\"2863\">Discreet worldwide shipping<\/strong><\/p>\n<\/li>\n<\/ul>\n<h2 data-start=\"2872\" data-end=\"2907\"><strong data-start=\"2875\" data-end=\"2905\">\u00a0FAQs \u2013 Buyer Questions<\/strong><\/h2>\n<p data-start=\"2909\" data-end=\"3020\"><strong data-start=\"2909\" data-end=\"2955\">Q1: Is Strawberry Shortcake Budder strong?<\/strong><br data-start=\"2955\" data-end=\"2958\" \/>Yes \u2014 with up to 85% THC, it delivers potent hybrid effects.<\/p>\n<p data-start=\"3022\" data-end=\"3104\"><strong data-start=\"3022\" data-end=\"3050\">Q2: How do I consume it?<\/strong><br data-start=\"3050\" data-end=\"3053\" \/>Utilisez un <strong data-start=\"3059\" data-end=\"3102\">dab rig, vaporizer, or concentrate pen.<\/strong><\/p>\n<p data-start=\"3106\" data-end=\"3197\"><strong data-start=\"3106\" data-end=\"3138\">Q3: What does it taste like?<\/strong><br data-start=\"3138\" data-end=\"3141\" \/>Sweet strawberry candy with creamy dessert undertones.<\/p>\n<p data-start=\"3199\" data-end=\"3281\"><strong data-start=\"3199\" data-end=\"3232\">Q4: How long do effects last?<\/strong><br data-start=\"3232\" data-end=\"3235\" \/>3\u20135 hours depending on dosage and tolerance.<\/p>\n<p data-start=\"3283\" data-end=\"3397\"><strong data-start=\"3283\" data-end=\"3322\">Q5: Is it suitable for daytime use?<\/strong><br data-start=\"3322\" data-end=\"3325\" \/>Yes \u2014 moderate doses provide uplifting effects without heavy sedation.<\/p>","protected":false},"excerpt":{"rendered":"<p data-start=\"329\" data-end=\"527\">Sweet, creamy, and flavorful \u2014 <strong data-start=\"360\" data-end=\"391\">Strawberry Shortcake Budder<\/strong> delivers dessert-like strawberry flavor with smooth hybrid effects. Perfect for daytime or evening use, shipped discreetly worldwide.<\/p>","protected":false},"featured_media":107,"comment_status":"open","ping_status":"closed","template":"","meta":[],"product_brand":[],"product_cat":[17],"product_tag":[],"class_list":{"0":"post-110","1":"product","2":"type-product","3":"status-publish","4":"has-post-thumbnail","6":"product_cat-cannabis-budder","8":"first","9":"instock","10":"shipping-taxable","11":"purchasable","12":"product-type-simple"},"yoast_head":"<!-- This site is optimized with the Yoast SEO Premium plugin v26.0 (Yoast SEO v27.3) - https:\/\/yoast.com\/product\/yoast-seo-premium-wordpress\/ -->\n<title>Buy Strawberry Shortcake Budder | Sweet Hybrid Concentrate<\/title>\n<meta name=\"description\" content=\"Sweet strawberry dessert flavor &amp; balanced effects. Buy Strawberry Shortcake Budder strain for high-THC hybrid hits &amp; discreet worldwide shipping.\" \/>\n<meta name=\"robots\" content=\"index, follow, max-snippet:-1, max-image-preview:large, max-video-preview:-1\" \/>\n<link rel=\"canonical\" href=\"https:\/\/moodbudz.com\/fr\/product\/strawberry-shortcake-souche-budder\/\" \/>\n<meta property=\"og:locale\" content=\"fr_FR\" \/>\n<meta property=\"og:type\" content=\"article\" \/>\n<meta property=\"og:title\" content=\"Strawberry Shortcake Strain Budder\" \/>\n<meta property=\"og:description\" content=\"Sweet strawberry dessert flavor &amp; balanced effects. Buy Strawberry Shortcake Budder strain for high-THC hybrid hits &amp; discreet worldwide shipping.\" \/>\n<meta property=\"og:url\" content=\"https:\/\/moodbudz.com\/fr\/product\/strawberry-shortcake-souche-budder\/\" \/>\n<meta property=\"og:site_name\" content=\"MoodBudz\" \/>\n<meta property=\"article:modified_time\" content=\"2025-10-02T16:34:01+00:00\" \/>\n<meta property=\"og:image\" content=\"https:\/\/moodbudz.com\/wp-content\/uploads\/2025\/08\/strawberry-shortcake-strain-budder-cali-weed-cali-packs.webp\" \/>\n\t<meta property=\"og:image:width\" content=\"2048\" \/>\n\t<meta property=\"og:image:height\" content=\"1365\" \/>\n\t<meta property=\"og:image:type\" content=\"image\/webp\" \/>\n<meta name=\"twitter:card\" content=\"summary_large_image\" \/>\n<meta name=\"twitter:label1\" content=\"Prix\" \/>\n\t<meta name=\"twitter:data1\" content=\"&#036;99.00\" \/>\n\t<meta name=\"twitter:label2\" content=\"Disponibilit\u00e9\" \/>\n\t<meta name=\"twitter:data2\" content=\"En stock\" \/>\n<script type=\"application\/ld+json\" class=\"yoast-schema-graph\">{\"@context\":\"https:\\\/\\\/schema.org\",\"@graph\":[{\"@type\":\"WebPage\",\"@id\":\"https:\\\/\\\/moodbudz.com\\\/product\\\/strawberry-shortcake-strain-budder\\\/\",\"url\":\"https:\\\/\\\/moodbudz.com\\\/product\\\/strawberry-shortcake-strain-budder\\\/\",\"name\":\"Buy Strawberry Shortcake Budder | Sweet Hybrid Concentrate\",\"isPartOf\":{\"@id\":\"https:\\\/\\\/moodbudz.com\\\/#website\"},\"primaryImageOfPage\":{\"@id\":\"https:\\\/\\\/moodbudz.com\\\/product\\\/strawberry-shortcake-strain-budder\\\/#primaryimage\"},\"image\":{\"@id\":\"https:\\\/\\\/moodbudz.com\\\/product\\\/strawberry-shortcake-strain-budder\\\/#primaryimage\"},\"thumbnailUrl\":\"https:\\\/\\\/moodbudz.com\\\/wp-content\\\/uploads\\\/2025\\\/08\\\/strawberry-shortcake-strain-budder-cali-weed-cali-packs.webp\",\"datePublished\":\"2025-08-08T19:45:24+00:00\",\"dateModified\":\"2025-10-02T16:34:01+00:00\",\"description\":\"Sweet strawberry dessert flavor & balanced effects. Buy Strawberry Shortcake Budder strain for high-THC hybrid hits & discreet worldwide shipping.\",\"breadcrumb\":{\"@id\":\"https:\\\/\\\/moodbudz.com\\\/product\\\/strawberry-shortcake-strain-budder\\\/#breadcrumb\"},\"inLanguage\":\"fr-FR\",\"potentialAction\":[{\"@type\":\"ReadAction\",\"target\":[\"https:\\\/\\\/moodbudz.com\\\/product\\\/strawberry-shortcake-strain-budder\\\/\"]}]},{\"@type\":\"ImageObject\",\"inLanguage\":\"fr-FR\",\"@id\":\"https:\\\/\\\/moodbudz.com\\\/product\\\/strawberry-shortcake-strain-budder\\\/#primaryimage\",\"url\":\"https:\\\/\\\/moodbudz.com\\\/wp-content\\\/uploads\\\/2025\\\/08\\\/strawberry-shortcake-strain-budder-cali-weed-cali-packs.webp\",\"contentUrl\":\"https:\\\/\\\/moodbudz.com\\\/wp-content\\\/uploads\\\/2025\\\/08\\\/strawberry-shortcake-strain-budder-cali-weed-cali-packs.webp\",\"width\":2048,\"height\":1365,\"caption\":\"Strawberry Shortcake Strain Budder - cali weed | cali packs\"},{\"@type\":\"BreadcrumbList\",\"@id\":\"https:\\\/\\\/moodbudz.com\\\/product\\\/strawberry-shortcake-strain-budder\\\/#breadcrumb\",\"itemListElement\":[{\"@type\":\"ListItem\",\"position\":1,\"name\":\"Home\",\"item\":\"https:\\\/\\\/moodbudz.com\\\/\"},{\"@type\":\"ListItem\",\"position\":2,\"name\":\"Shop\",\"item\":\"https:\\\/\\\/moodbudz.com\\\/shop\\\/\"},{\"@type\":\"ListItem\",\"position\":3,\"name\":\"Strawberry Shortcake Strain Budder\"}]},{\"@type\":\"WebSite\",\"@id\":\"https:\\\/\\\/moodbudz.com\\\/#website\",\"url\":\"https:\\\/\\\/moodbudz.com\\\/\",\"name\":\"MoodBudz\",\"description\":\"Buy Premium Cannabis Online Safely and Legally\",\"publisher\":{\"@id\":\"https:\\\/\\\/moodbudz.com\\\/#organization\"},\"alternateName\":\"MBudz\",\"potentialAction\":[{\"@type\":\"SearchAction\",\"target\":{\"@type\":\"EntryPoint\",\"urlTemplate\":\"https:\\\/\\\/moodbudz.com\\\/?s={search_term_string}\"},\"query-input\":{\"@type\":\"PropertyValueSpecification\",\"valueRequired\":true,\"valueName\":\"search_term_string\"}}],\"inLanguage\":\"fr-FR\"},{\"@type\":\"Organization\",\"@id\":\"https:\\\/\\\/moodbudz.com\\\/#organization\",\"name\":\"MoodBudz\",\"alternateName\":\"WeedBudz\",\"url\":\"https:\\\/\\\/moodbudz.com\\\/\",\"logo\":{\"@type\":\"ImageObject\",\"inLanguage\":\"fr-FR\",\"@id\":\"https:\\\/\\\/moodbudz.com\\\/#\\\/schema\\\/logo\\\/image\\\/\",\"url\":\"https:\\\/\\\/moodbudz.com\\\/wp-content\\\/uploads\\\/2025\\\/08\\\/Add-a-heading-1.png\",\"contentUrl\":\"https:\\\/\\\/moodbudz.com\\\/wp-content\\\/uploads\\\/2025\\\/08\\\/Add-a-heading-1.png\",\"width\":186,\"height\":65,\"caption\":\"MoodBudz\"},\"image\":{\"@id\":\"https:\\\/\\\/moodbudz.com\\\/#\\\/schema\\\/logo\\\/image\\\/\"},\"hasMerchantReturnPolicy\":{\"@type\":\"MerchantReturnPolicy\",\"merchantReturnLink\":\"https:\\\/\\\/moodbudz.com\\\/fr\\\/refund_returns\\\/\"}}]}<\/script>\n<meta property=\"product:brand\" content=\"simple\" \/>\n<meta property=\"product:price:amount\" content=\"99.00\" \/>\n<meta property=\"product:price:currency\" content=\"USD\" \/>\n<meta property=\"og:availability\" content=\"instock\" \/>\n<meta property=\"product:availability\" content=\"instock\" \/>\n<meta property=\"product:condition\" content=\"new\" \/>\n<!-- \/ Yoast SEO Premium plugin. -->","yoast_head_json":{"title":"Buy Strawberry Shortcake Budder | Sweet Hybrid Concentrate","description":"Sweet strawberry dessert flavor & balanced effects. Buy Strawberry Shortcake Budder strain for high-THC hybrid hits & discreet worldwide shipping.","robots":{"index":"index","follow":"follow","max-snippet":"max-snippet:-1","max-image-preview":"max-image-preview:large","max-video-preview":"max-video-preview:-1"},"canonical":"https:\/\/moodbudz.com\/fr\/product\/strawberry-shortcake-souche-budder\/","og_locale":"fr_FR","og_type":"article","og_title":"Strawberry Shortcake Strain Budder","og_description":"Sweet strawberry dessert flavor & balanced effects. Buy Strawberry Shortcake Budder strain for high-THC hybrid hits & discreet worldwide shipping.","og_url":"https:\/\/moodbudz.com\/fr\/product\/strawberry-shortcake-souche-budder\/","og_site_name":"MoodBudz","article_modified_time":"2025-10-02T16:34:01+00:00","og_image":[{"width":2048,"height":1365,"url":"https:\/\/moodbudz.com\/wp-content\/uploads\/2025\/08\/strawberry-shortcake-strain-budder-cali-weed-cali-packs.webp","type":"image\/webp"}],"twitter_card":"summary_large_image","twitter_misc":{"Prix":"&#36;99.00","Disponibilit\u00e9":"En stock"},"schema":{"@context":"https:\/\/schema.org","@graph":[{"@type":"WebPage","@id":"https:\/\/moodbudz.com\/product\/strawberry-shortcake-strain-budder\/","url":"https:\/\/moodbudz.com\/product\/strawberry-shortcake-strain-budder\/","name":"Buy Strawberry Shortcake Budder | Sweet Hybrid Concentrate","isPartOf":{"@id":"https:\/\/moodbudz.com\/#website"},"primaryImageOfPage":{"@id":"https:\/\/moodbudz.com\/product\/strawberry-shortcake-strain-budder\/#primaryimage"},"image":{"@id":"https:\/\/moodbudz.com\/product\/strawberry-shortcake-strain-budder\/#primaryimage"},"thumbnailUrl":"https:\/\/moodbudz.com\/wp-content\/uploads\/2025\/08\/strawberry-shortcake-strain-budder-cali-weed-cali-packs.webp","datePublished":"2025-08-08T19:45:24+00:00","dateModified":"2025-10-02T16:34:01+00:00","description":"Sweet strawberry dessert flavor & balanced effects. Buy Strawberry Shortcake Budder strain for high-THC hybrid hits & discreet worldwide shipping.","breadcrumb":{"@id":"https:\/\/moodbudz.com\/product\/strawberry-shortcake-strain-budder\/#breadcrumb"},"inLanguage":"fr-FR","potentialAction":[{"@type":"ReadAction","target":["https:\/\/moodbudz.com\/product\/strawberry-shortcake-strain-budder\/"]}]},{"@type":"ImageObject","inLanguage":"fr-FR","@id":"https:\/\/moodbudz.com\/product\/strawberry-shortcake-strain-budder\/#primaryimage","url":"https:\/\/moodbudz.com\/wp-content\/uploads\/2025\/08\/strawberry-shortcake-strain-budder-cali-weed-cali-packs.webp","contentUrl":"https:\/\/moodbudz.com\/wp-content\/uploads\/2025\/08\/strawberry-shortcake-strain-budder-cali-weed-cali-packs.webp","width":2048,"height":1365,"caption":"Strawberry Shortcake Strain Budder - cali weed | cali packs"},{"@type":"BreadcrumbList","@id":"https:\/\/moodbudz.com\/product\/strawberry-shortcake-strain-budder\/#breadcrumb","itemListElement":[{"@type":"ListItem","position":1,"name":"Home","item":"https:\/\/moodbudz.com\/"},{"@type":"ListItem","position":2,"name":"Shop","item":"https:\/\/moodbudz.com\/shop\/"},{"@type":"ListItem","position":3,"name":"Strawberry Shortcake Strain Budder"}]},{"@type":"WebSite","@id":"https:\/\/moodbudz.com\/#website","url":"https:\/\/moodbudz.com\/","name":"MoodBudz","description":"Achetez du cannabis de qualit\u00e9 sup\u00e9rieure en ligne, en toute s\u00e9curit\u00e9 et l\u00e9galit\u00e9.","publisher":{"@id":"https:\/\/moodbudz.com\/#organization"},"alternateName":"MBudz","potentialAction":[{"@type":"SearchAction","target":{"@type":"EntryPoint","urlTemplate":"https:\/\/moodbudz.com\/?s={search_term_string}"},"query-input":{"@type":"PropertyValueSpecification","valueRequired":true,"valueName":"search_term_string"}}],"inLanguage":"fr-FR"},{"@type":"Organization","@id":"https:\/\/moodbudz.com\/#organization","name":"MoodBudz","alternateName":"WeedBudz","url":"https:\/\/moodbudz.com\/","logo":{"@type":"ImageObject","inLanguage":"fr-FR","@id":"https:\/\/moodbudz.com\/#\/schema\/logo\/image\/","url":"https:\/\/moodbudz.com\/wp-content\/uploads\/2025\/08\/Add-a-heading-1.png","contentUrl":"https:\/\/moodbudz.com\/wp-content\/uploads\/2025\/08\/Add-a-heading-1.png","width":186,"height":65,"caption":"MoodBudz"},"image":{"@id":"https:\/\/moodbudz.com\/#\/schema\/logo\/image\/"},"hasMerchantReturnPolicy":{"@type":"MerchantReturnPolicy","merchantReturnLink":"https:\/\/moodbudz.com\/fr\/refund_returns\/"}}]},"product_brand":"simple","product_price_amount":"99.00","product_price_currency":"USD","og_availability":"instock","product_availability":"instock","product_condition":"new"},"_links":{"self":[{"href":"https:\/\/moodbudz.com\/fr\/wp-json\/wp\/v2\/product\/110","targetHints":{"allow":["GET"]}}],"collection":[{"href":"https:\/\/moodbudz.com\/fr\/wp-json\/wp\/v2\/product"}],"about":[{"href":"https:\/\/moodbudz.com\/fr\/wp-json\/wp\/v2\/types\/product"}],"replies":[{"embeddable":true,"href":"https:\/\/moodbudz.com\/fr\/wp-json\/wp\/v2\/comments?post=110"}],"version-history":[{"count":1,"href":"https:\/\/moodbudz.com\/fr\/wp-json\/wp\/v2\/product\/110\/revisions"}],"predecessor-version":[{"id":19770,"href":"https:\/\/moodbudz.com\/fr\/wp-json\/wp\/v2\/product\/110\/revisions\/19770"}],"wp:featuredmedia":[{"embeddable":true,"href":"https:\/\/moodbudz.com\/fr\/wp-json\/wp\/v2\/media\/107"}],"wp:attachment":[{"href":"https:\/\/moodbudz.com\/fr\/wp-json\/wp\/v2\/media?parent=110"}],"wp:term":[{"taxonomy":"product_brand","embeddable":true,"href":"https:\/\/moodbudz.com\/fr\/wp-json\/wp\/v2\/product_brand?post=110"},{"taxonomy":"product_cat","embeddable":true,"href":"https:\/\/moodbudz.com\/fr\/wp-json\/wp\/v2\/product_cat?post=110"},{"taxonomy":"product_tag","embeddable":true,"href":"https:\/\/moodbudz.com\/fr\/wp-json\/wp\/v2\/product_tag?post=110"}],"curies":[{"name":"wp","href":"https:\/\/api.w.org\/{rel}","templated":true}]}}