{"id":19849,"date":"2025-10-04T21:22:19","date_gmt":"2025-10-04T21:22:19","guid":{"rendered":"https:\/\/moodbudz.com\/product\/mango-haze-weed-strain\/"},"modified":"2025-10-11T15:44:33","modified_gmt":"2025-10-11T15:44:33","slug":"mango-haze-trawka-odmiana","status":"publish","type":"product","link":"https:\/\/moodbudz.com\/pl\/product\/mango-haze-weed-strain\/","title":{"rendered":"Odmiana marihuany Mango Haze"},"content":{"rendered":"<h3 data-start=\"420\" data-end=\"463\"><strong data-start=\"424\" data-end=\"463\">\u00a0What Is Mango Haze Weed Strain?<\/strong><\/h3>\n<p data-start=\"464\" data-end=\"733\"><strong data-start=\"464\" data-end=\"478\">Mango Haze<\/strong> is a <strong data-start=\"484\" data-end=\"527\">premium sativa-dominant cannabis strain<\/strong> celebrated for its <strong data-start=\"547\" data-end=\"578\">sweet, tropical mango aroma<\/strong> and <strong data-start=\"583\" data-end=\"613\">vibrant, uplifting effects<\/strong>. Known for its <strong data-start=\"629\" data-end=\"677\">creativity-boosting and energizing qualities<\/strong>, it\u2019s ideal for <strong data-start=\"694\" data-end=\"730\">daytime use or social activities<\/strong>.<\/p>\n<p data-start=\"735\" data-end=\"921\">Crafted from <strong data-start=\"748\" data-end=\"773\">high-quality genetics<\/strong>, Mango Haze delivers <strong data-start=\"795\" data-end=\"858\">consistent potency, smooth smoke, and rich terpene profiles<\/strong>, making it a favorite for both experienced and casual users.<\/p>\n<h3 data-start=\"928\" data-end=\"963\"><strong data-start=\"932\" data-end=\"963\">\u00a0Smak, aromat i dzia\u0142anie<\/strong><\/h3>\n<ul data-start=\"964\" data-end=\"1154\">\n<li data-start=\"964\" data-end=\"993\">\n<p data-start=\"966\" data-end=\"993\"><strong data-start=\"966\" data-end=\"975\">Typ:<\/strong> Sativa-Dominant<\/p>\n<\/li>\n<li data-start=\"994\" data-end=\"1031\">\n<p data-start=\"996\" data-end=\"1031\"><strong data-start=\"996\" data-end=\"1012\">Zawarto\u015b\u0107 THC:<\/strong> Moderate to high<\/p>\n<\/li>\n<li data-start=\"1032\" data-end=\"1048\">\n<p data-start=\"1034\" data-end=\"1048\"><strong data-start=\"1034\" data-end=\"1042\">CBD:<\/strong> Niski<\/p>\n<\/li>\n<li data-start=\"1049\" data-end=\"1111\">\n<p data-start=\"1051\" data-end=\"1111\"><strong data-start=\"1051\" data-end=\"1062\">Smak:<\/strong> Sweet mango, tropical fruit, citrus undertones<\/p>\n<\/li>\n<li data-start=\"1112\" data-end=\"1154\">\n<p data-start=\"1114\" data-end=\"1154\"><strong data-start=\"1114\" data-end=\"1124\">Aromat:<\/strong> Fruity, tropical, and fresh<\/p>\n<\/li>\n<\/ul>\n<h4 data-start=\"1156\" data-end=\"1189\"><strong data-start=\"1161\" data-end=\"1189\">\u00a0Effects &amp; Experience<\/strong><\/h4>\n<p data-start=\"1190\" data-end=\"1210\">Mango Haze offers:<\/p>\n<ul data-start=\"1211\" data-end=\"1342\">\n<li data-start=\"1211\" data-end=\"1258\">\n<p data-start=\"1213\" data-end=\"1258\"><strong data-start=\"1213\" data-end=\"1256\">Energizing and uplifting mental effects<\/strong><\/p>\n<\/li>\n<li data-start=\"1259\" data-end=\"1296\">\n<p data-start=\"1261\" data-end=\"1296\"><strong data-start=\"1261\" data-end=\"1294\">Enhanced creativity and focus<\/strong><\/p>\n<\/li>\n<li data-start=\"1297\" data-end=\"1342\">\n<p data-start=\"1299\" data-end=\"1342\"><strong data-start=\"1299\" data-end=\"1340\">Mild body relaxation without sedation<\/strong><\/p>\n<\/li>\n<\/ul>\n<p data-start=\"1344\" data-end=\"1506\">Idealny dla <strong data-start=\"1356\" data-end=\"1419\">creative projects, outdoor activities, or social gatherings<\/strong>, giving a <strong data-start=\"1430\" data-end=\"1464\">balanced, enjoyable experience<\/strong> that keeps you <strong data-start=\"1480\" data-end=\"1503\">active and inspired<\/strong>.<\/p>\n<h3 data-start=\"1513\" data-end=\"1558\"><strong data-start=\"1517\" data-end=\"1558\">Why Choose Mango Haze Weed Strain<\/strong><\/h3>\n<ul data-start=\"1559\" data-end=\"1804\">\n<li data-start=\"1559\" data-end=\"1620\">\n<p data-start=\"1561\" data-end=\"1620\"><strong data-start=\"1561\" data-end=\"1596\">Delicious tropical mango flavor<\/strong> \u2014 an aromatic delight<\/p>\n<\/li>\n<li data-start=\"1621\" data-end=\"1668\">\n<p data-start=\"1623\" data-end=\"1668\"><strong data-start=\"1623\" data-end=\"1666\">Uplifting and energizing sativa effects<\/strong><\/p>\n<\/li>\n<li data-start=\"1669\" data-end=\"1721\">\n<p data-start=\"1671\" data-end=\"1721\"><strong data-start=\"1671\" data-end=\"1696\">Ideal for daytime use<\/strong> without heavy sedation<\/p>\n<\/li>\n<li data-start=\"1722\" data-end=\"1760\">\n<p data-start=\"1724\" data-end=\"1760\"><strong data-start=\"1724\" data-end=\"1758\">Consistent quality and potency<\/strong><\/p>\n<\/li>\n<li data-start=\"1761\" data-end=\"1804\">\n<p data-start=\"1763\" data-end=\"1804\"><strong data-start=\"1763\" data-end=\"1802\">Smooth smoke for enjoyable sessions<\/strong><\/p>\n<\/li>\n<\/ul>\n<p data-start=\"1806\" data-end=\"1963\">Whether you\u2019re a <strong data-start=\"1823\" data-end=\"1847\">cannabis connoisseur<\/strong> or a casual user, Mango Haze is <strong data-start=\"1880\" data-end=\"1912\">a flavorful, reliable strain<\/strong> that <strong data-start=\"1918\" data-end=\"1960\">brightens your day and lifts your mood<\/strong>.<\/p>\n<h3 data-start=\"1970\" data-end=\"1997\"><strong data-start=\"1974\" data-end=\"1997\">\u00a0Szczeg\u00f3\u0142y produktu<\/strong><\/h3>\n<ul data-start=\"1998\" data-end=\"2247\">\n<li data-start=\"1998\" data-end=\"2025\">\n<p data-start=\"2000\" data-end=\"2025\"><strong data-start=\"2000\" data-end=\"2009\">Formularz:<\/strong> Flower \/ Buds<\/p>\n<\/li>\n<li data-start=\"2026\" data-end=\"2060\">\n<p data-start=\"2028\" data-end=\"2060\"><strong data-start=\"2028\" data-end=\"2044\">Zawarto\u015b\u0107 THC:<\/strong> Moderate-High<\/p>\n<\/li>\n<li data-start=\"2061\" data-end=\"2085\">\n<p data-start=\"2063\" data-end=\"2085\"><strong data-start=\"2063\" data-end=\"2079\">CBD Content:<\/strong> Niski<\/p>\n<\/li>\n<li data-start=\"2086\" data-end=\"2144\">\n<p data-start=\"2088\" data-end=\"2144\"><strong data-start=\"2088\" data-end=\"2100\">Efekty:<\/strong> Uplifting, energetic, creativity-boosting<\/p>\n<\/li>\n<li data-start=\"2145\" data-end=\"2206\">\n<p data-start=\"2147\" data-end=\"2206\"><strong data-start=\"2147\" data-end=\"2155\">U\u017cycie:<\/strong> Best for daytime, social, or creative activities<\/p>\n<\/li>\n<li data-start=\"2207\" data-end=\"2247\">\n<p data-start=\"2209\" data-end=\"2247\"><strong data-start=\"2209\" data-end=\"2223\">Opakowanie:<\/strong> Airtight and discreet<\/p>\n<\/li>\n<\/ul>\n<h3 data-start=\"2254\" data-end=\"2295\"><strong data-start=\"2258\" data-end=\"2295\">FAQs \u2013 Mango Haze Weed Strain<\/strong><\/h3>\n<p data-start=\"2297\" data-end=\"2392\"><strong data-start=\"2297\" data-end=\"2330\">Q1: How strong is Mango Haze?<\/strong><br data-start=\"2330\" data-end=\"2333\" \/>Moderate to high THC \u2014 energizing without heavy sedation.<\/p>\n<p data-start=\"2394\" data-end=\"2482\"><strong data-start=\"2394\" data-end=\"2429\">Q2: What is its flavor profile?<\/strong><br data-start=\"2429\" data-end=\"2432\" \/>Sweet mango with<a href=\"https:\/\/moodbudz.com\/pl\/product\/hash-bubble-gum\/\"> tropical<\/a> and citrus undertones.<\/p>\n<p data-start=\"2484\" data-end=\"2587\"><strong data-start=\"2484\" data-end=\"2519\">Q3: Is it good for daytime use?<\/strong><br data-start=\"2519\" data-end=\"2522\" \/>Yes \u2014 uplifting and creative effects make it ideal for daytime.<\/p>\n<p data-start=\"2589\" data-end=\"2697\"><strong data-start=\"2589\" data-end=\"2623\">Q4: What are its main effects?<\/strong><br data-start=\"2623\" data-end=\"2626\" \/>Energizing, creativity-boosting, mood-enhancing, and mild relaxation.<\/p>\n<p data-start=\"2699\" data-end=\"2840\"><strong data-start=\"2699\" data-end=\"2733\">Q5: Who should try Mango Haze?<\/strong><br data-start=\"2733\" data-end=\"2736\" \/>Anyone seeking a <strong data-start=\"2753\" data-end=\"2784\">flavorful, uplifting sativa<\/strong> for socializing, creative work, or daytime enjoyment.<\/p>","protected":false},"excerpt":{"rendered":"<p data-start=\"217\" data-end=\"354\"><strong data-start=\"217\" data-end=\"243\">Odmiana marihuany Mango Haze<\/strong> \u2014 sweet, tropical-flavored sativa with uplifting, energetic effects perfect for creativity and social vibes.<\/p>","protected":false},"featured_media":19846,"comment_status":"open","ping_status":"closed","template":"","meta":[],"product_brand":[],"product_cat":[85],"product_tag":[],"class_list":{"0":"post-19849","1":"product","2":"type-product","3":"status-publish","4":"has-post-thumbnail","6":"product_cat-delta8-edibles","8":"first","9":"instock","10":"shipping-taxable","11":"purchasable","12":"product-type-simple"},"yoast_head":"<!-- This site is optimized with the Yoast SEO Premium plugin v26.0 (Yoast SEO v27.3) - https:\/\/yoast.com\/product\/yoast-seo-premium-wordpress\/ -->\n<title>Buy Mango Haze Weed Strain | Tropical Sativa<\/title>\n<meta name=\"description\" content=\"Sweet Mango Haze Weed Strain \u2014 tropical sativa with energizing, creativity-boosting, and uplifting effects. Perfect for daytime use and social activities.\" \/>\n<meta name=\"robots\" content=\"index, follow, max-snippet:-1, max-image-preview:large, max-video-preview:-1\" \/>\n<link rel=\"canonical\" href=\"https:\/\/moodbudz.com\/pl\/product\/mango-haze-trawka-odmiana\/\" \/>\n<meta property=\"og:locale\" content=\"pl_PL\" \/>\n<meta property=\"og:type\" content=\"article\" \/>\n<meta property=\"og:title\" content=\"Mango Haze Weed Strain\" \/>\n<meta property=\"og:description\" content=\"Sweet Mango Haze Weed Strain \u2014 tropical sativa with energizing, creativity-boosting, and uplifting effects. Perfect for daytime use and social activities.\" \/>\n<meta property=\"og:url\" content=\"https:\/\/moodbudz.com\/pl\/product\/mango-haze-trawka-odmiana\/\" \/>\n<meta property=\"og:site_name\" content=\"MoodBudz\" \/>\n<meta property=\"article:modified_time\" content=\"2025-10-11T15:44:33+00:00\" \/>\n<meta property=\"og:image\" content=\"https:\/\/moodbudz.com\/wp-content\/uploads\/2025\/10\/mango-haze-weed-strain.jpg\" \/>\n\t<meta property=\"og:image:width\" content=\"225\" \/>\n\t<meta property=\"og:image:height\" content=\"225\" \/>\n\t<meta property=\"og:image:type\" content=\"image\/jpeg\" \/>\n<meta name=\"twitter:card\" content=\"summary_large_image\" \/>\n<meta name=\"twitter:label1\" content=\"Cena\" \/>\n\t<meta name=\"twitter:data1\" content=\"&#036;8.00\" \/>\n\t<meta name=\"twitter:label2\" content=\"Dost\u0119pno\u015b\u0107\" \/>\n\t<meta name=\"twitter:data2\" content=\"Dost\u0119pny\" \/>\n<script type=\"application\/ld+json\" class=\"yoast-schema-graph\">{\"@context\":\"https:\\\/\\\/schema.org\",\"@graph\":[{\"@type\":\"WebPage\",\"@id\":\"https:\\\/\\\/moodbudz.com\\\/product\\\/mango-haze-weed-strain\\\/\",\"url\":\"https:\\\/\\\/moodbudz.com\\\/product\\\/mango-haze-weed-strain\\\/\",\"name\":\"Buy Mango Haze Weed Strain | Tropical Sativa\",\"isPartOf\":{\"@id\":\"https:\\\/\\\/moodbudz.com\\\/#website\"},\"primaryImageOfPage\":{\"@id\":\"https:\\\/\\\/moodbudz.com\\\/product\\\/mango-haze-weed-strain\\\/#primaryimage\"},\"image\":{\"@id\":\"https:\\\/\\\/moodbudz.com\\\/product\\\/mango-haze-weed-strain\\\/#primaryimage\"},\"thumbnailUrl\":\"https:\\\/\\\/moodbudz.com\\\/wp-content\\\/uploads\\\/2025\\\/10\\\/mango-haze-weed-strain.jpg\",\"datePublished\":\"2025-10-04T21:22:19+00:00\",\"dateModified\":\"2025-10-11T15:44:33+00:00\",\"description\":\"Sweet Mango Haze Weed Strain \u2014 tropical sativa with energizing, creativity-boosting, and uplifting effects. Perfect for daytime use and social activities.\",\"breadcrumb\":{\"@id\":\"https:\\\/\\\/moodbudz.com\\\/product\\\/mango-haze-weed-strain\\\/#breadcrumb\"},\"inLanguage\":\"pl-PL\",\"potentialAction\":[{\"@type\":\"ReadAction\",\"target\":[\"https:\\\/\\\/moodbudz.com\\\/product\\\/mango-haze-weed-strain\\\/\"]}]},{\"@type\":\"ImageObject\",\"inLanguage\":\"pl-PL\",\"@id\":\"https:\\\/\\\/moodbudz.com\\\/product\\\/mango-haze-weed-strain\\\/#primaryimage\",\"url\":\"https:\\\/\\\/moodbudz.com\\\/wp-content\\\/uploads\\\/2025\\\/10\\\/mango-haze-weed-strain.jpg\",\"contentUrl\":\"https:\\\/\\\/moodbudz.com\\\/wp-content\\\/uploads\\\/2025\\\/10\\\/mango-haze-weed-strain.jpg\",\"width\":225,\"height\":225,\"caption\":\"Mango Haze Weed Strain\"},{\"@type\":\"BreadcrumbList\",\"@id\":\"https:\\\/\\\/moodbudz.com\\\/product\\\/mango-haze-weed-strain\\\/#breadcrumb\",\"itemListElement\":[{\"@type\":\"ListItem\",\"position\":1,\"name\":\"Home\",\"item\":\"https:\\\/\\\/moodbudz.com\\\/\"},{\"@type\":\"ListItem\",\"position\":2,\"name\":\"Shop\",\"item\":\"https:\\\/\\\/moodbudz.com\\\/shop\\\/\"},{\"@type\":\"ListItem\",\"position\":3,\"name\":\"Mango Haze Weed Strain\"}]},{\"@type\":\"WebSite\",\"@id\":\"https:\\\/\\\/moodbudz.com\\\/#website\",\"url\":\"https:\\\/\\\/moodbudz.com\\\/\",\"name\":\"MoodBudz\",\"description\":\"Buy Premium Cannabis Online Safely and Legally\",\"publisher\":{\"@id\":\"https:\\\/\\\/moodbudz.com\\\/#organization\"},\"alternateName\":\"MBudz\",\"potentialAction\":[{\"@type\":\"SearchAction\",\"target\":{\"@type\":\"EntryPoint\",\"urlTemplate\":\"https:\\\/\\\/moodbudz.com\\\/?s={search_term_string}\"},\"query-input\":{\"@type\":\"PropertyValueSpecification\",\"valueRequired\":true,\"valueName\":\"search_term_string\"}}],\"inLanguage\":\"pl-PL\"},{\"@type\":\"Organization\",\"@id\":\"https:\\\/\\\/moodbudz.com\\\/#organization\",\"name\":\"MoodBudz\",\"alternateName\":\"WeedBudz\",\"url\":\"https:\\\/\\\/moodbudz.com\\\/\",\"logo\":{\"@type\":\"ImageObject\",\"inLanguage\":\"pl-PL\",\"@id\":\"https:\\\/\\\/moodbudz.com\\\/#\\\/schema\\\/logo\\\/image\\\/\",\"url\":\"https:\\\/\\\/moodbudz.com\\\/wp-content\\\/uploads\\\/2025\\\/08\\\/Add-a-heading-1.png\",\"contentUrl\":\"https:\\\/\\\/moodbudz.com\\\/wp-content\\\/uploads\\\/2025\\\/08\\\/Add-a-heading-1.png\",\"width\":186,\"height\":65,\"caption\":\"MoodBudz\"},\"image\":{\"@id\":\"https:\\\/\\\/moodbudz.com\\\/#\\\/schema\\\/logo\\\/image\\\/\"},\"hasMerchantReturnPolicy\":{\"@type\":\"MerchantReturnPolicy\",\"merchantReturnLink\":\"https:\\\/\\\/moodbudz.com\\\/pl\\\/refund_returns\\\/\"}}]}<\/script>\n<meta property=\"product:brand\" content=\"simple\" \/>\n<meta property=\"product:price:amount\" content=\"8.00\" \/>\n<meta property=\"product:price:currency\" content=\"USD\" \/>\n<meta property=\"og:availability\" content=\"instock\" \/>\n<meta property=\"product:availability\" content=\"instock\" \/>\n<meta property=\"product:condition\" content=\"new\" \/>\n<!-- \/ Yoast SEO Premium plugin. -->","yoast_head_json":{"title":"Buy Mango Haze Weed Strain | Tropical Sativa","description":"Sweet Mango Haze Weed Strain \u2014 tropical sativa with energizing, creativity-boosting, and uplifting effects. Perfect for daytime use and social activities.","robots":{"index":"index","follow":"follow","max-snippet":"max-snippet:-1","max-image-preview":"max-image-preview:large","max-video-preview":"max-video-preview:-1"},"canonical":"https:\/\/moodbudz.com\/pl\/product\/mango-haze-trawka-odmiana\/","og_locale":"pl_PL","og_type":"article","og_title":"Mango Haze Weed Strain","og_description":"Sweet Mango Haze Weed Strain \u2014 tropical sativa with energizing, creativity-boosting, and uplifting effects. Perfect for daytime use and social activities.","og_url":"https:\/\/moodbudz.com\/pl\/product\/mango-haze-trawka-odmiana\/","og_site_name":"MoodBudz","article_modified_time":"2025-10-11T15:44:33+00:00","og_image":[{"width":225,"height":225,"url":"https:\/\/moodbudz.com\/wp-content\/uploads\/2025\/10\/mango-haze-weed-strain.jpg","type":"image\/jpeg"}],"twitter_card":"summary_large_image","twitter_misc":{"Cena":"&#36;8.00","Dost\u0119pno\u015b\u0107":"Dost\u0119pny"},"schema":{"@context":"https:\/\/schema.org","@graph":[{"@type":"WebPage","@id":"https:\/\/moodbudz.com\/product\/mango-haze-weed-strain\/","url":"https:\/\/moodbudz.com\/product\/mango-haze-weed-strain\/","name":"Buy Mango Haze Weed Strain | Tropical Sativa","isPartOf":{"@id":"https:\/\/moodbudz.com\/#website"},"primaryImageOfPage":{"@id":"https:\/\/moodbudz.com\/product\/mango-haze-weed-strain\/#primaryimage"},"image":{"@id":"https:\/\/moodbudz.com\/product\/mango-haze-weed-strain\/#primaryimage"},"thumbnailUrl":"https:\/\/moodbudz.com\/wp-content\/uploads\/2025\/10\/mango-haze-weed-strain.jpg","datePublished":"2025-10-04T21:22:19+00:00","dateModified":"2025-10-11T15:44:33+00:00","description":"Sweet Mango Haze Weed Strain \u2014 tropical sativa with energizing, creativity-boosting, and uplifting effects. Perfect for daytime use and social activities.","breadcrumb":{"@id":"https:\/\/moodbudz.com\/product\/mango-haze-weed-strain\/#breadcrumb"},"inLanguage":"pl-PL","potentialAction":[{"@type":"ReadAction","target":["https:\/\/moodbudz.com\/product\/mango-haze-weed-strain\/"]}]},{"@type":"ImageObject","inLanguage":"pl-PL","@id":"https:\/\/moodbudz.com\/product\/mango-haze-weed-strain\/#primaryimage","url":"https:\/\/moodbudz.com\/wp-content\/uploads\/2025\/10\/mango-haze-weed-strain.jpg","contentUrl":"https:\/\/moodbudz.com\/wp-content\/uploads\/2025\/10\/mango-haze-weed-strain.jpg","width":225,"height":225,"caption":"Mango Haze Weed Strain"},{"@type":"BreadcrumbList","@id":"https:\/\/moodbudz.com\/product\/mango-haze-weed-strain\/#breadcrumb","itemListElement":[{"@type":"ListItem","position":1,"name":"Home","item":"https:\/\/moodbudz.com\/"},{"@type":"ListItem","position":2,"name":"Shop","item":"https:\/\/moodbudz.com\/shop\/"},{"@type":"ListItem","position":3,"name":"Mango Haze Weed Strain"}]},{"@type":"WebSite","@id":"https:\/\/moodbudz.com\/#website","url":"https:\/\/moodbudz.com\/","name":"MoodBudz","description":"Kupuj marihuan\u0119 premium online bezpiecznie i legalnie","publisher":{"@id":"https:\/\/moodbudz.com\/#organization"},"alternateName":"MBudz","potentialAction":[{"@type":"SearchAction","target":{"@type":"EntryPoint","urlTemplate":"https:\/\/moodbudz.com\/?s={search_term_string}"},"query-input":{"@type":"PropertyValueSpecification","valueRequired":true,"valueName":"search_term_string"}}],"inLanguage":"pl-PL"},{"@type":"Organization","@id":"https:\/\/moodbudz.com\/#organization","name":"MoodBudz","alternateName":"WeedBudz","url":"https:\/\/moodbudz.com\/","logo":{"@type":"ImageObject","inLanguage":"pl-PL","@id":"https:\/\/moodbudz.com\/#\/schema\/logo\/image\/","url":"https:\/\/moodbudz.com\/wp-content\/uploads\/2025\/08\/Add-a-heading-1.png","contentUrl":"https:\/\/moodbudz.com\/wp-content\/uploads\/2025\/08\/Add-a-heading-1.png","width":186,"height":65,"caption":"MoodBudz"},"image":{"@id":"https:\/\/moodbudz.com\/#\/schema\/logo\/image\/"},"hasMerchantReturnPolicy":{"@type":"MerchantReturnPolicy","merchantReturnLink":"https:\/\/moodbudz.com\/pl\/refund_returns\/"}}]},"product_brand":"simple","product_price_amount":"8.00","product_price_currency":"USD","og_availability":"instock","product_availability":"instock","product_condition":"new"},"_links":{"self":[{"href":"https:\/\/moodbudz.com\/pl\/wp-json\/wp\/v2\/product\/19849","targetHints":{"allow":["GET"]}}],"collection":[{"href":"https:\/\/moodbudz.com\/pl\/wp-json\/wp\/v2\/product"}],"about":[{"href":"https:\/\/moodbudz.com\/pl\/wp-json\/wp\/v2\/types\/product"}],"replies":[{"embeddable":true,"href":"https:\/\/moodbudz.com\/pl\/wp-json\/wp\/v2\/comments?post=19849"}],"version-history":[{"count":2,"href":"https:\/\/moodbudz.com\/pl\/wp-json\/wp\/v2\/product\/19849\/revisions"}],"predecessor-version":[{"id":20026,"href":"https:\/\/moodbudz.com\/pl\/wp-json\/wp\/v2\/product\/19849\/revisions\/20026"}],"wp:featuredmedia":[{"embeddable":true,"href":"https:\/\/moodbudz.com\/pl\/wp-json\/wp\/v2\/media\/19846"}],"wp:attachment":[{"href":"https:\/\/moodbudz.com\/pl\/wp-json\/wp\/v2\/media?parent=19849"}],"wp:term":[{"taxonomy":"product_brand","embeddable":true,"href":"https:\/\/moodbudz.com\/pl\/wp-json\/wp\/v2\/product_brand?post=19849"},{"taxonomy":"product_cat","embeddable":true,"href":"https:\/\/moodbudz.com\/pl\/wp-json\/wp\/v2\/product_cat?post=19849"},{"taxonomy":"product_tag","embeddable":true,"href":"https:\/\/moodbudz.com\/pl\/wp-json\/wp\/v2\/product_tag?post=19849"}],"curies":[{"name":"wp","href":"https:\/\/api.w.org\/{rel}","templated":true}]}}