{"id":309,"date":"2025-08-08T19:53:12","date_gmt":"2025-08-08T19:53:12","guid":{"rendered":"https:\/\/moodbudz.com\/product\/zkittlez-cannabis-strain-cali-weed-cali-packs\/"},"modified":"2025-10-02T15:34:08","modified_gmt":"2025-10-02T15:34:08","slug":"odmiana-konopi-zkittlez","status":"publish","type":"product","link":"https:\/\/moodbudz.com\/pl\/product\/zkittlez-cannabis-strain\/","title":{"rendered":"Odmiana konopi Zkittlez"},"content":{"rendered":"<h3 data-start=\"542\" data-end=\"588\"><strong data-start=\"546\" data-end=\"586\">Dlaczego warto kupi\u0107 odmian\u0119 konopi Zkittlez?<\/strong><\/h3>\n<p data-start=\"589\" data-end=\"904\">Kiedy <strong data-start=\"598\" data-end=\"621\">kupi\u0107 szczep Zkittlez<\/strong>, otrzymujesz legendarny <strong data-start=\"650\" data-end=\"676\">hybryda z dominacj\u0105 Indica<\/strong> znany z <strong data-start=\"691\" data-end=\"741\">owocowo-cukierkowy smak i g\u0142\u0119boko uspokajaj\u0105ce dzia\u0142anie.<\/strong> Idealny dla <strong data-start=\"754\" data-end=\"813\">\u0142agodzenie stresu, redukcja niepokoju i spokojne wieczory<\/strong>, Zkittlez to najlepszy wyb\u00f3r dla palaczy, kt\u00f3rzy chc\u0105 <strong data-start=\"859\" data-end=\"902\">mocny smak i koj\u0105cy relaks.<\/strong><\/p>\n<p data-start=\"906\" data-end=\"1062\">W przeciwie\u0144stwie do odmian generycznych, kt\u00f3re szybko zanikaj\u0105, Zkittlez zapewnia <strong data-start=\"966\" data-end=\"1015\">D\u0142ugotrwa\u0142y spok\u00f3j z dymem inspirowanym cukierkami<\/strong>, co sprawia, \u017ce jest to podstawowy sk\u0142adnik ka\u017cdego palacza.<\/p>\n<h3 data-start=\"1069\" data-end=\"1106\"><strong data-start=\"1073\" data-end=\"1104\">\u00a0Smak, aromat i dzia\u0142anie<\/strong><\/h3>\n<ul data-start=\"1107\" data-end=\"1366\">\n<li data-start=\"1107\" data-end=\"1170\">\n<p data-start=\"1109\" data-end=\"1170\"><strong data-start=\"1109\" data-end=\"1119\">Smak:<\/strong> S\u0142odkie owoce tropikalne, cukierki jagodowe, subtelne cytrusy<\/p>\n<\/li>\n<li data-start=\"1171\" data-end=\"1235\">\n<p data-start=\"1173\" data-end=\"1235\"><strong data-start=\"1173\" data-end=\"1183\">Aromat:<\/strong> Owocowy, cukierkowy, z nutami ziemi i zi\u00f3\u0142<\/p>\n<\/li>\n<li data-start=\"1236\" data-end=\"1294\">\n<p data-start=\"1238\" data-end=\"1294\"><strong data-start=\"1238\" data-end=\"1250\">Efekty:<\/strong> Relaksuj\u0105cy, poprawiaj\u0105cy nastr\u00f3j, uspokajaj\u0105cy szum w ciele<\/p>\n<\/li>\n<li data-start=\"1295\" data-end=\"1366\">\n<p data-start=\"1297\" data-end=\"1366\"><strong data-start=\"1297\" data-end=\"1310\">Najlepsze zastosowanie:<\/strong> Wiecz\u00f3r, ulga w stresie, odpr\u0119\u017cenie po d\u0142ugim dniu<\/p>\n<\/li>\n<\/ul>\n<p data-start=\"1368\" data-end=\"1396\"><strong data-start=\"1368\" data-end=\"1394\">Punkty b\u00f3lu rozwi\u0105zane<\/strong><\/p>\n<ul data-start=\"1397\" data-end=\"1651\">\n<li data-start=\"1397\" data-end=\"1483\">\n<p data-start=\"1399\" data-end=\"1483\">Zmagasz si\u0119 ze stresem lub nieprzespanymi nocami? Zkittlez zapewnia <strong data-start=\"1461\" data-end=\"1481\">g\u0142\u0119boki <a href=\"https:\/\/moodbudz.com\/pl\/product\/variety-amnesia-haze-aaa-acks\/\">relaks<\/a>.<\/strong><\/p>\n<\/li>\n<li data-start=\"1484\" data-end=\"1568\">\n<p data-start=\"1486\" data-end=\"1568\">Chcesz p\u0105k\u00f3w pe\u0142nych smaku? Jego <strong data-start=\"1515\" data-end=\"1535\">Dym przypominaj\u0105cy cukierki<\/strong> sprawia, \u017ce ka\u017cda sesja jest przyjemna.<\/p>\n<\/li>\n<li data-start=\"1569\" data-end=\"1651\">\n<p data-start=\"1571\" data-end=\"1651\">Masz do\u015b\u0107 ostrych odmian? Zkittlez oferuje <strong data-start=\"1613\" data-end=\"1637\">\u0142agodny, s\u0142odki wdech<\/strong> za ka\u017cdym razem.<\/p>\n<\/li>\n<\/ul>\n<h3 data-start=\"1658\" data-end=\"1694\"><strong data-start=\"1662\" data-end=\"1692\">\u00a0Specyfikacja produktu<\/strong><\/h3>\n<ul data-start=\"1695\" data-end=\"1997\">\n<li data-start=\"1695\" data-end=\"1719\">\n<p data-start=\"1697\" data-end=\"1719\"><strong data-start=\"1697\" data-end=\"1708\">Odmiana:<\/strong> Zkittlez<\/p>\n<\/li>\n<li data-start=\"1720\" data-end=\"1756\">\n<p data-start=\"1722\" data-end=\"1756\"><strong data-start=\"1722\" data-end=\"1731\">Typ:<\/strong> Hybryda z dominacj\u0105 Indica<\/p>\n<\/li>\n<li data-start=\"1757\" data-end=\"1776\">\n<p data-start=\"1759\" data-end=\"1776\"><strong data-start=\"1759\" data-end=\"1767\">THC:<\/strong> 19-24%<\/p>\n<\/li>\n<li data-start=\"1777\" data-end=\"1793\">\n<p data-start=\"1779\" data-end=\"1793\"><strong data-start=\"1779\" data-end=\"1787\">CBD:<\/strong> Niski<\/p>\n<\/li>\n<li data-start=\"1794\" data-end=\"1848\">\n<p data-start=\"1796\" data-end=\"1848\"><strong data-start=\"1796\" data-end=\"1805\">Formularz:<\/strong> G\u0119ste, kolorowe p\u0105ki pokryte trichomami<\/p>\n<\/li>\n<li data-start=\"1849\" data-end=\"1918\">\n<p data-start=\"1851\" data-end=\"1918\"><strong data-start=\"1851\" data-end=\"1865\">Opakowanie:<\/strong> Szczelna, odporna na zapachy, dyskretna dostawa na ca\u0142y \u015bwiat<\/p>\n<\/li>\n<li data-start=\"1919\" data-end=\"1997\">\n<p data-start=\"1921\" data-end=\"1997\"><strong data-start=\"1921\" data-end=\"1932\">Pochodzenie:<\/strong> Nagradzana genetyka, wolno suszona dla maksymalnego profilu terpenowego<\/p>\n<\/li>\n<\/ul>\n<h3 data-start=\"2004\" data-end=\"2043\"><strong data-start=\"2008\" data-end=\"2041\">\u00a0Dlaczego palacze kochaj\u0105 Zkittlez<\/strong><\/h3>\n<p data-start=\"2044\" data-end=\"2240\">Zkittlez to nie tylko efekty - to przede wszystkim <strong data-start=\"2095\" data-end=\"2110\">do\u015bwiadczenie.<\/strong> Z jego <strong data-start=\"2120\" data-end=\"2182\">S\u0142odki, cukierkowy smak, \u017cywe p\u0105ki i zr\u00f3wnowa\u017cony haj Indica<\/strong>, Jest to idealne rozwi\u0105zanie zar\u00f3wno dla zwyk\u0142ych palaczy, jak i koneser\u00f3w.<\/p>\n<p data-start=\"2242\" data-end=\"2302\">Kiedy <strong data-start=\"2251\" data-end=\"2283\">kupi\u0107 odmian\u0119 konopi Zkittlez<\/strong>, otrzymujesz:<\/p>\n<ul data-start=\"2303\" data-end=\"2485\">\n<li data-start=\"2303\" data-end=\"2355\">\n<p data-start=\"2305\" data-end=\"2355\"><strong data-start=\"2305\" data-end=\"2331\">Nagradzana genetyka<\/strong> z legendarnym smakiem<\/p>\n<\/li>\n<li data-start=\"2356\" data-end=\"2405\">\n<p data-start=\"2358\" data-end=\"2405\"><strong data-start=\"2358\" data-end=\"2385\">Relaksuj\u0105ce efekty indica<\/strong> dla cia\u0142a i umys\u0142u<\/p>\n<\/li>\n<li data-start=\"2406\" data-end=\"2449\">\n<p data-start=\"2408\" data-end=\"2449\"><strong data-start=\"2408\" data-end=\"2424\">P\u0105ki premium<\/strong> pe\u0142en terpen\u00f3w<\/p>\n<\/li>\n<li data-start=\"2450\" data-end=\"2485\">\n<p data-start=\"2452\" data-end=\"2485\"><strong data-start=\"2452\" data-end=\"2483\">Dyskretna wysy\u0142ka na ca\u0142y \u015bwiat<\/strong><\/p>\n<\/li>\n<\/ul>\n<h3 data-start=\"2492\" data-end=\"2528\"><strong data-start=\"2496\" data-end=\"2526\">Najcz\u0119\u015bciej zadawane pytania - pytania kupuj\u0105cych<\/strong><\/h3>\n<p data-start=\"2530\" data-end=\"2649\"><strong data-start=\"2530\" data-end=\"2568\">P1: Czy Zkittlez jest przyjazny dla pocz\u0105tkuj\u0105cych?<\/strong><br data-start=\"2568\" data-end=\"2571\" \/>Tak - jest g\u0142adka, aromatyczna i nie przyt\u0142acza, je\u015bli jest u\u017cywana w ma\u0142ych ilo\u015bciach.<\/p>\n<p data-start=\"2651\" data-end=\"2761\"><strong data-start=\"2651\" data-end=\"2689\">Q2: Jak smakuje Zkittlez?<\/strong><br data-start=\"2689\" data-end=\"2692\" \/>Jak owocowy cukierek - s\u0142odki, tropikalny, z nutami cytrus\u00f3w i jag\u00f3d.<\/p>\n<p data-start=\"2763\" data-end=\"2851\"><strong data-start=\"2763\" data-end=\"2796\">P3: Jak d\u0142ugo utrzymuj\u0105 si\u0119 efekty?<\/strong><br data-start=\"2796\" data-end=\"2799\" \/>Oko\u0142o 2-4 godzin, w zale\u017cno\u015bci od tolerancji i dawki.<\/p>\n<p data-start=\"2853\" data-end=\"2968\"><strong data-start=\"2853\" data-end=\"2897\">P4: Czy Zkittlez jest lepszy na dzie\u0144 czy na noc?<\/strong><br data-start=\"2897\" data-end=\"2900\" \/>G\u0142\u00f3wnie <strong data-start=\"2907\" data-end=\"2922\">wieczorne u\u017cytkowanie<\/strong> - Jest relaksuj\u0105ca i \u015bwietnie nadaje si\u0119 do wyciszenia.<\/p>\n<p data-start=\"2970\" data-end=\"3075\"><strong data-start=\"2970\" data-end=\"2999\">P5: Czy wysy\u0142ka jest dyskretna?<\/strong><br data-start=\"2999\" data-end=\"3002\" \/>Tak - zawsze pakowane pr\u00f3\u017cniowo, bezzapachowe i wysy\u0142ane na ca\u0142y \u015bwiat.<\/p>","protected":false},"excerpt":{"rendered":"<p data-start=\"334\" data-end=\"504\">Owocowy, s\u0142odki i relaksuj\u0105cy - <strong data-start=\"364\" data-end=\"392\">Odmiana konopi Zkittlez<\/strong> oferuje wielokrotnie nagradzane p\u0105ki z dominacj\u0105 Indica o cukierkowym smaku i uspokajaj\u0105cym dzia\u0142aniu. Dyskretna wysy\u0142ka na ca\u0142y \u015bwiat.<\/p>","protected":false},"featured_media":307,"comment_status":"open","ping_status":"closed","template":"","meta":[],"product_brand":[],"product_cat":[18],"product_tag":[],"class_list":{"0":"post-309","1":"product","2":"type-product","3":"status-publish","4":"has-post-thumbnail","6":"product_cat-cannabis-varieties","8":"first","9":"instock","10":"shipping-taxable","11":"purchasable","12":"product-type-simple"},"yoast_head":"<!-- This site is optimized with the Yoast SEO Premium plugin v26.0 (Yoast SEO v27.3) - https:\/\/yoast.com\/product\/yoast-seo-premium-wordpress\/ -->\n<title>Buy Zkittlez Strain | Indica Cannabis<\/title>\n<meta name=\"description\" content=\"Fruity and relaxing \u2014 buy Zkittlez cannabis strain for candy flavor, premium indica effects, and discreet worldwide shipping.\" \/>\n<meta name=\"robots\" content=\"index, follow, max-snippet:-1, max-image-preview:large, max-video-preview:-1\" \/>\n<link rel=\"canonical\" href=\"https:\/\/moodbudz.com\/pl\/product\/odmiana-konopi-zkittlez\/\" \/>\n<meta property=\"og:locale\" content=\"pl_PL\" \/>\n<meta property=\"og:type\" content=\"article\" \/>\n<meta property=\"og:title\" content=\"Zkittlez Cannabis Strain\" \/>\n<meta property=\"og:description\" content=\"Fruity and relaxing \u2014 buy Zkittlez cannabis strain for candy flavor, premium indica effects, and discreet worldwide shipping.\" \/>\n<meta property=\"og:url\" content=\"https:\/\/moodbudz.com\/pl\/product\/odmiana-konopi-zkittlez\/\" \/>\n<meta property=\"og:site_name\" content=\"MoodBudz\" \/>\n<meta property=\"article:modified_time\" content=\"2025-10-02T15:34:08+00:00\" \/>\n<meta property=\"og:image\" content=\"https:\/\/moodbudz.com\/wp-content\/uploads\/2025\/08\/zkittlez-cannabis-strain-cali-weed-cali-packs.jpg\" \/>\n\t<meta property=\"og:image:width\" content=\"961\" \/>\n\t<meta property=\"og:image:height\" content=\"903\" \/>\n\t<meta property=\"og:image:type\" content=\"image\/jpeg\" \/>\n<meta name=\"twitter:card\" content=\"summary_large_image\" \/>\n<meta name=\"twitter:label1\" content=\"Cena\" \/>\n\t<meta name=\"twitter:data1\" content=\"&#036;99.00\" \/>\n\t<meta name=\"twitter:label2\" content=\"Dost\u0119pno\u015b\u0107\" \/>\n\t<meta name=\"twitter:data2\" content=\"Dost\u0119pny\" \/>\n<script type=\"application\/ld+json\" class=\"yoast-schema-graph\">{\"@context\":\"https:\\\/\\\/schema.org\",\"@graph\":[{\"@type\":\"WebPage\",\"@id\":\"https:\\\/\\\/moodbudz.com\\\/product\\\/zkittlez-cannabis-strain\\\/\",\"url\":\"https:\\\/\\\/moodbudz.com\\\/product\\\/zkittlez-cannabis-strain\\\/\",\"name\":\"Buy Zkittlez Strain | Indica Cannabis\",\"isPartOf\":{\"@id\":\"https:\\\/\\\/moodbudz.com\\\/#website\"},\"primaryImageOfPage\":{\"@id\":\"https:\\\/\\\/moodbudz.com\\\/product\\\/zkittlez-cannabis-strain\\\/#primaryimage\"},\"image\":{\"@id\":\"https:\\\/\\\/moodbudz.com\\\/product\\\/zkittlez-cannabis-strain\\\/#primaryimage\"},\"thumbnailUrl\":\"https:\\\/\\\/moodbudz.com\\\/wp-content\\\/uploads\\\/2025\\\/08\\\/zkittlez-cannabis-strain-cali-weed-cali-packs.jpg\",\"datePublished\":\"2025-08-08T19:53:12+00:00\",\"dateModified\":\"2025-10-02T15:34:08+00:00\",\"description\":\"Fruity and relaxing \u2014 buy Zkittlez cannabis strain for candy flavor, premium indica effects, and discreet worldwide shipping.\",\"breadcrumb\":{\"@id\":\"https:\\\/\\\/moodbudz.com\\\/product\\\/zkittlez-cannabis-strain\\\/#breadcrumb\"},\"inLanguage\":\"pl-PL\",\"potentialAction\":[{\"@type\":\"ReadAction\",\"target\":[\"https:\\\/\\\/moodbudz.com\\\/product\\\/zkittlez-cannabis-strain\\\/\"]}]},{\"@type\":\"ImageObject\",\"inLanguage\":\"pl-PL\",\"@id\":\"https:\\\/\\\/moodbudz.com\\\/product\\\/zkittlez-cannabis-strain\\\/#primaryimage\",\"url\":\"https:\\\/\\\/moodbudz.com\\\/wp-content\\\/uploads\\\/2025\\\/08\\\/zkittlez-cannabis-strain-cali-weed-cali-packs.jpg\",\"contentUrl\":\"https:\\\/\\\/moodbudz.com\\\/wp-content\\\/uploads\\\/2025\\\/08\\\/zkittlez-cannabis-strain-cali-weed-cali-packs.jpg\",\"width\":961,\"height\":903,\"caption\":\"Zkittlez Cannabis Strain - cali weed | cali packs\"},{\"@type\":\"BreadcrumbList\",\"@id\":\"https:\\\/\\\/moodbudz.com\\\/product\\\/zkittlez-cannabis-strain\\\/#breadcrumb\",\"itemListElement\":[{\"@type\":\"ListItem\",\"position\":1,\"name\":\"Home\",\"item\":\"https:\\\/\\\/moodbudz.com\\\/\"},{\"@type\":\"ListItem\",\"position\":2,\"name\":\"Shop\",\"item\":\"https:\\\/\\\/moodbudz.com\\\/shop\\\/\"},{\"@type\":\"ListItem\",\"position\":3,\"name\":\"Zkittlez Cannabis Strain\"}]},{\"@type\":\"WebSite\",\"@id\":\"https:\\\/\\\/moodbudz.com\\\/#website\",\"url\":\"https:\\\/\\\/moodbudz.com\\\/\",\"name\":\"MoodBudz\",\"description\":\"Buy Premium Cannabis Online Safely and Legally\",\"publisher\":{\"@id\":\"https:\\\/\\\/moodbudz.com\\\/#organization\"},\"alternateName\":\"MBudz\",\"potentialAction\":[{\"@type\":\"SearchAction\",\"target\":{\"@type\":\"EntryPoint\",\"urlTemplate\":\"https:\\\/\\\/moodbudz.com\\\/?s={search_term_string}\"},\"query-input\":{\"@type\":\"PropertyValueSpecification\",\"valueRequired\":true,\"valueName\":\"search_term_string\"}}],\"inLanguage\":\"pl-PL\"},{\"@type\":\"Organization\",\"@id\":\"https:\\\/\\\/moodbudz.com\\\/#organization\",\"name\":\"MoodBudz\",\"alternateName\":\"WeedBudz\",\"url\":\"https:\\\/\\\/moodbudz.com\\\/\",\"logo\":{\"@type\":\"ImageObject\",\"inLanguage\":\"pl-PL\",\"@id\":\"https:\\\/\\\/moodbudz.com\\\/#\\\/schema\\\/logo\\\/image\\\/\",\"url\":\"https:\\\/\\\/moodbudz.com\\\/wp-content\\\/uploads\\\/2025\\\/08\\\/Add-a-heading-1.png\",\"contentUrl\":\"https:\\\/\\\/moodbudz.com\\\/wp-content\\\/uploads\\\/2025\\\/08\\\/Add-a-heading-1.png\",\"width\":186,\"height\":65,\"caption\":\"MoodBudz\"},\"image\":{\"@id\":\"https:\\\/\\\/moodbudz.com\\\/#\\\/schema\\\/logo\\\/image\\\/\"},\"hasMerchantReturnPolicy\":{\"@type\":\"MerchantReturnPolicy\",\"merchantReturnLink\":\"https:\\\/\\\/moodbudz.com\\\/pl\\\/refund_returns\\\/\"}}]}<\/script>\n<meta property=\"product:brand\" content=\"simple\" \/>\n<meta property=\"product:price:amount\" content=\"99.00\" \/>\n<meta property=\"product:price:currency\" content=\"USD\" \/>\n<meta property=\"og:availability\" content=\"instock\" \/>\n<meta property=\"product:availability\" content=\"instock\" \/>\n<meta property=\"product:condition\" content=\"new\" \/>\n<!-- \/ Yoast SEO Premium plugin. -->","yoast_head_json":{"title":"Kup szczep Zkittlez | Konopie indyjskie Indica","description":"Owocowa i relaksuj\u0105ca - kup odmian\u0119 konopi Zkittlez, aby cieszy\u0107 si\u0119 cukierkowym smakiem, najwy\u017cszej jako\u015bci efektami Indica i dyskretn\u0105 wysy\u0142k\u0105 na ca\u0142y \u015bwiat.","robots":{"index":"index","follow":"follow","max-snippet":"max-snippet:-1","max-image-preview":"max-image-preview:large","max-video-preview":"max-video-preview:-1"},"canonical":"https:\/\/moodbudz.com\/pl\/product\/odmiana-konopi-zkittlez\/","og_locale":"pl_PL","og_type":"article","og_title":"Zkittlez Cannabis Strain","og_description":"Fruity and relaxing \u2014 buy Zkittlez cannabis strain for candy flavor, premium indica effects, and discreet worldwide shipping.","og_url":"https:\/\/moodbudz.com\/pl\/product\/odmiana-konopi-zkittlez\/","og_site_name":"MoodBudz","article_modified_time":"2025-10-02T15:34:08+00:00","og_image":[{"width":961,"height":903,"url":"https:\/\/moodbudz.com\/wp-content\/uploads\/2025\/08\/zkittlez-cannabis-strain-cali-weed-cali-packs.jpg","type":"image\/jpeg"}],"twitter_card":"summary_large_image","twitter_misc":{"Cena":"&#36;99.00","Dost\u0119pno\u015b\u0107":"Dost\u0119pny"},"schema":{"@context":"https:\/\/schema.org","@graph":[{"@type":"WebPage","@id":"https:\/\/moodbudz.com\/product\/zkittlez-cannabis-strain\/","url":"https:\/\/moodbudz.com\/product\/zkittlez-cannabis-strain\/","name":"Kup szczep Zkittlez | Konopie indyjskie Indica","isPartOf":{"@id":"https:\/\/moodbudz.com\/#website"},"primaryImageOfPage":{"@id":"https:\/\/moodbudz.com\/product\/zkittlez-cannabis-strain\/#primaryimage"},"image":{"@id":"https:\/\/moodbudz.com\/product\/zkittlez-cannabis-strain\/#primaryimage"},"thumbnailUrl":"https:\/\/moodbudz.com\/wp-content\/uploads\/2025\/08\/zkittlez-cannabis-strain-cali-weed-cali-packs.jpg","datePublished":"2025-08-08T19:53:12+00:00","dateModified":"2025-10-02T15:34:08+00:00","description":"Owocowa i relaksuj\u0105ca - kup odmian\u0119 konopi Zkittlez, aby cieszy\u0107 si\u0119 cukierkowym smakiem, najwy\u017cszej jako\u015bci efektami Indica i dyskretn\u0105 wysy\u0142k\u0105 na ca\u0142y \u015bwiat.","breadcrumb":{"@id":"https:\/\/moodbudz.com\/product\/zkittlez-cannabis-strain\/#breadcrumb"},"inLanguage":"pl-PL","potentialAction":[{"@type":"ReadAction","target":["https:\/\/moodbudz.com\/product\/zkittlez-cannabis-strain\/"]}]},{"@type":"ImageObject","inLanguage":"pl-PL","@id":"https:\/\/moodbudz.com\/product\/zkittlez-cannabis-strain\/#primaryimage","url":"https:\/\/moodbudz.com\/wp-content\/uploads\/2025\/08\/zkittlez-cannabis-strain-cali-weed-cali-packs.jpg","contentUrl":"https:\/\/moodbudz.com\/wp-content\/uploads\/2025\/08\/zkittlez-cannabis-strain-cali-weed-cali-packs.jpg","width":961,"height":903,"caption":"Zkittlez Cannabis Strain - cali weed | cali packs"},{"@type":"BreadcrumbList","@id":"https:\/\/moodbudz.com\/product\/zkittlez-cannabis-strain\/#breadcrumb","itemListElement":[{"@type":"ListItem","position":1,"name":"Home","item":"https:\/\/moodbudz.com\/"},{"@type":"ListItem","position":2,"name":"Shop","item":"https:\/\/moodbudz.com\/shop\/"},{"@type":"ListItem","position":3,"name":"Zkittlez Cannabis Strain"}]},{"@type":"WebSite","@id":"https:\/\/moodbudz.com\/#website","url":"https:\/\/moodbudz.com\/","name":"MoodBudz","description":"Kupuj marihuan\u0119 premium online bezpiecznie i legalnie","publisher":{"@id":"https:\/\/moodbudz.com\/#organization"},"alternateName":"MBudz","potentialAction":[{"@type":"SearchAction","target":{"@type":"EntryPoint","urlTemplate":"https:\/\/moodbudz.com\/?s={search_term_string}"},"query-input":{"@type":"PropertyValueSpecification","valueRequired":true,"valueName":"search_term_string"}}],"inLanguage":"pl-PL"},{"@type":"Organization","@id":"https:\/\/moodbudz.com\/#organization","name":"MoodBudz","alternateName":"WeedBudz","url":"https:\/\/moodbudz.com\/","logo":{"@type":"ImageObject","inLanguage":"pl-PL","@id":"https:\/\/moodbudz.com\/#\/schema\/logo\/image\/","url":"https:\/\/moodbudz.com\/wp-content\/uploads\/2025\/08\/Add-a-heading-1.png","contentUrl":"https:\/\/moodbudz.com\/wp-content\/uploads\/2025\/08\/Add-a-heading-1.png","width":186,"height":65,"caption":"MoodBudz"},"image":{"@id":"https:\/\/moodbudz.com\/#\/schema\/logo\/image\/"},"hasMerchantReturnPolicy":{"@type":"MerchantReturnPolicy","merchantReturnLink":"https:\/\/moodbudz.com\/pl\/refund_returns\/"}}]},"product_brand":"simple","product_price_amount":"99.00","product_price_currency":"USD","og_availability":"instock","product_availability":"instock","product_condition":"new"},"_links":{"self":[{"href":"https:\/\/moodbudz.com\/pl\/wp-json\/wp\/v2\/product\/309","targetHints":{"allow":["GET"]}}],"collection":[{"href":"https:\/\/moodbudz.com\/pl\/wp-json\/wp\/v2\/product"}],"about":[{"href":"https:\/\/moodbudz.com\/pl\/wp-json\/wp\/v2\/types\/product"}],"replies":[{"embeddable":true,"href":"https:\/\/moodbudz.com\/pl\/wp-json\/wp\/v2\/comments?post=309"}],"version-history":[{"count":1,"href":"https:\/\/moodbudz.com\/pl\/wp-json\/wp\/v2\/product\/309\/revisions"}],"predecessor-version":[{"id":19756,"href":"https:\/\/moodbudz.com\/pl\/wp-json\/wp\/v2\/product\/309\/revisions\/19756"}],"wp:featuredmedia":[{"embeddable":true,"href":"https:\/\/moodbudz.com\/pl\/wp-json\/wp\/v2\/media\/307"}],"wp:attachment":[{"href":"https:\/\/moodbudz.com\/pl\/wp-json\/wp\/v2\/media?parent=309"}],"wp:term":[{"taxonomy":"product_brand","embeddable":true,"href":"https:\/\/moodbudz.com\/pl\/wp-json\/wp\/v2\/product_brand?post=309"},{"taxonomy":"product_cat","embeddable":true,"href":"https:\/\/moodbudz.com\/pl\/wp-json\/wp\/v2\/product_cat?post=309"},{"taxonomy":"product_tag","embeddable":true,"href":"https:\/\/moodbudz.com\/pl\/wp-json\/wp\/v2\/product_tag?post=309"}],"curies":[{"name":"wp","href":"https:\/\/api.w.org\/{rel}","templated":true}]}}