{"id":284,"date":"2025-08-08T19:52:12","date_gmt":"2025-08-08T19:52:12","guid":{"rendered":"https:\/\/moodbudz.com\/product\/sweeter-high-choclate-nugz-cali-weed-cali-packs\/"},"modified":"2025-10-02T13:49:21","modified_gmt":"2025-10-02T13:49:21","slug":"mais-doce-alto-chocolate-nugz","status":"publish","type":"product","link":"https:\/\/moodbudz.com\/pt\/product\/sweeter-high-choclate-nugz\/","title":{"rendered":"Sweeter high choclate nugz"},"content":{"rendered":"<h3 data-start=\"604\" data-end=\"660\"><strong data-start=\"608\" data-end=\"658\">Why Buy Sweeter High Chocolate Nugz Strain<\/strong><\/h3>\n<p data-start=\"661\" data-end=\"960\">Quando <strong data-start=\"670\" data-end=\"712\">buy Sweeter High Chocolate Nugz strain<\/strong>, est\u00e1 a escolher um <strong data-start=\"732\" data-end=\"750\">h\u00edbrido premium<\/strong> conhecida pela sua <strong data-start=\"765\" data-end=\"820\">rich chocolate flavor and smooth, balanced effects.<\/strong> Ideal para <strong data-start=\"831\" data-end=\"887\">al\u00edvio do stress, projectos criativos ou sess\u00f5es sociais<\/strong>, fornece uma <strong data-start=\"903\" data-end=\"958\">agrad\u00e1vel euforia com um suave relaxamento corporal.<\/strong><\/p>\n<p data-start=\"962\" data-end=\"1183\">Unlike ordinary hybrids that can feel harsh or inconsistent, Sweeter High Chocolate Nugz offers <strong data-start=\"1058\" data-end=\"1126\">smooth, dessert-like smoke with consistent and enjoyable effects<\/strong>, making it perfect for both new and experienced users.<\/p>\n<h3 data-start=\"1190\" data-end=\"1227\"><strong data-start=\"1194\" data-end=\"1225\">\u00a0Sabor, Aroma e Efeitos<\/strong><\/h3>\n<ul data-start=\"1228\" data-end=\"1528\">\n<li data-start=\"1228\" data-end=\"1301\">\n<p data-start=\"1230\" data-end=\"1301\"><strong data-start=\"1230\" data-end=\"1240\">O gosto:<\/strong> Rich chocolate, sweet cocoa, with <a href=\"https:\/\/moodbudz.com\/pt\/product\/duke-nukem-sativa-dominante-hibrido-estirpe\/\">subtle<\/a> creamy undertones<\/p>\n<\/li>\n<li data-start=\"1302\" data-end=\"1371\">\n<p data-start=\"1304\" data-end=\"1371\"><strong data-start=\"1304\" data-end=\"1314\">Aroma:<\/strong> Sweet cocoa, dessert-inspired, with light earthy notes<\/p>\n<\/li>\n<li data-start=\"1372\" data-end=\"1442\">\n<p data-start=\"1374\" data-end=\"1442\"><strong data-start=\"1374\" data-end=\"1386\">Efeitos:<\/strong> Eleva\u00e7\u00e3o, relaxamento, melhoria do humor, calma corporal suave<\/p>\n<\/li>\n<li data-start=\"1443\" data-end=\"1528\">\n<p data-start=\"1445\" data-end=\"1528\"><strong data-start=\"1445\" data-end=\"1458\">Melhor utiliza\u00e7\u00e3o:<\/strong> Durante o dia, \u00e0 noite, sess\u00f5es sociais, projectos criativos, al\u00edvio do stress<\/p>\n<\/li>\n<\/ul>\n<p data-start=\"1530\" data-end=\"1558\"><strong data-start=\"1530\" data-end=\"1556\">\u00a0Pontos problem\u00e1ticos resolvidos<\/strong><\/p>\n<ul data-start=\"1559\" data-end=\"1856\">\n<li data-start=\"1559\" data-end=\"1659\">\n<p data-start=\"1561\" data-end=\"1659\">Want dessert-flavored hybrid buds? Sweeter High Chocolate Nugz delivers <strong data-start=\"1633\" data-end=\"1657\">rich chocolate hits.<\/strong><\/p>\n<\/li>\n<li data-start=\"1660\" data-end=\"1768\">\n<p data-start=\"1662\" data-end=\"1768\">Precisa de relaxamento sem seda\u00e7\u00e3o intensa? Os efeitos equilibrados proporcionam <strong data-start=\"1727\" data-end=\"1766\">zumbido corporal calmo e euforia suave.<\/strong><\/p>\n<\/li>\n<li data-start=\"1769\" data-end=\"1856\">\n<p data-start=\"1771\" data-end=\"1856\">Cansado do fumo \u00e1spero? Os bot\u00f5es densos e ricos em tricomas garantem <strong data-start=\"1826\" data-end=\"1854\">suaves e saborosas puxadas.<\/strong><\/p>\n<\/li>\n<\/ul>\n<h3 data-start=\"1863\" data-end=\"1899\"><strong data-start=\"1867\" data-end=\"1897\">\u00a0Especifica\u00e7\u00f5es do produto<\/strong><\/h3>\n<ul data-start=\"1900\" data-end=\"2252\">\n<li data-start=\"1900\" data-end=\"1943\">\n<p data-start=\"1902\" data-end=\"1943\"><strong data-start=\"1902\" data-end=\"1913\">Estirpe:<\/strong> Sweeter High Chocolate Nugz<\/p>\n<\/li>\n<li data-start=\"1944\" data-end=\"1973\">\n<p data-start=\"1946\" data-end=\"1973\"><strong data-start=\"1946\" data-end=\"1955\">Tipo:<\/strong> H\u00edbrido equilibrado<\/p>\n<\/li>\n<li data-start=\"1974\" data-end=\"2022\">\n<p data-start=\"1976\" data-end=\"2022\"><strong data-start=\"1976\" data-end=\"1984\">THC:<\/strong> 20-25% (pot\u00eancia moderada a forte)<\/p>\n<\/li>\n<li data-start=\"2023\" data-end=\"2039\">\n<p data-start=\"2025\" data-end=\"2039\"><strong data-start=\"2025\" data-end=\"2033\">CBD:<\/strong> Baixa<\/p>\n<\/li>\n<li data-start=\"2040\" data-end=\"2108\">\n<p data-start=\"2042\" data-end=\"2108\"><strong data-start=\"2042\" data-end=\"2051\">Forma:<\/strong> Dense, trichome-rich buds with chocolate dessert aroma<\/p>\n<\/li>\n<li data-start=\"2109\" data-end=\"2178\">\n<p data-start=\"2111\" data-end=\"2178\"><strong data-start=\"2111\" data-end=\"2125\">Embalagem:<\/strong> Entrega mundial discreta, herm\u00e9tica e \u00e0 prova de odores<\/p>\n<\/li>\n<li data-start=\"2179\" data-end=\"2252\">\n<p data-start=\"2181\" data-end=\"2252\"><strong data-start=\"2181\" data-end=\"2192\">Origem:<\/strong> Cultivada em interior, aparada \u00e0 m\u00e3o, curada lentamente para obter o m\u00e1ximo sabor<\/p>\n<\/li>\n<\/ul>\n<h3 data-start=\"2259\" data-end=\"2317\"><strong data-start=\"2263\" data-end=\"2315\">\u00a0Why Smokers Love Sweeter High Chocolate Nugz<\/strong><\/h3>\n<p data-start=\"2318\" data-end=\"2577\">Sweeter High Chocolate Nugz is loved for its <strong data-start=\"2363\" data-end=\"2429\">rich chocolate flavor, smooth smoke, and balanced hybrid high.<\/strong> Perfeito para <strong data-start=\"2442\" data-end=\"2464\">utiliza\u00e7\u00e3o diurna ou nocturna<\/strong>, prev\u00ea <strong data-start=\"2478\" data-end=\"2547\">uplifted mood, gentle body relaxation, and dessert-inspired smoke<\/strong> sem ser demasiado pesado.<\/p>\n<p data-start=\"2579\" data-end=\"2649\">Quando <strong data-start=\"2588\" data-end=\"2630\">buy Sweeter High Chocolate Nugz strain<\/strong>, est\u00e1 a receber:<\/p>\n<ul data-start=\"2650\" data-end=\"2833\">\n<li data-start=\"2650\" data-end=\"2710\">\n<p data-start=\"2652\" data-end=\"2710\"><strong data-start=\"2652\" data-end=\"2685\">Rich chocolate dessert flavor<\/strong> with creamy undertones<\/p>\n<\/li>\n<li data-start=\"2711\" data-end=\"2760\">\n<p data-start=\"2713\" data-end=\"2760\"><strong data-start=\"2713\" data-end=\"2740\">efeitos h\u00edbridos equilibrados<\/strong> para o corpo e a mente<\/p>\n<\/li>\n<li data-start=\"2761\" data-end=\"2797\">\n<p data-start=\"2763\" data-end=\"2797\"><strong data-start=\"2763\" data-end=\"2795\">Bot\u00f5es revestidos com tricomas de primeira qualidade<\/strong><\/p>\n<\/li>\n<li data-start=\"2798\" data-end=\"2833\">\n<p data-start=\"2800\" data-end=\"2833\"><strong data-start=\"2800\" data-end=\"2831\">Expedi\u00e7\u00e3o discreta para todo o mundo<\/strong><\/p>\n<\/li>\n<\/ul>\n<h3 data-start=\"2840\" data-end=\"2876\"><strong data-start=\"2844\" data-end=\"2874\">\u00a0FAQs - Perguntas do comprador<\/strong><\/h3>\n<p data-start=\"2878\" data-end=\"2999\"><strong data-start=\"2878\" data-end=\"2935\">Q1: Is Sweeter High Chocolate Nugz beginner-friendly?<\/strong><br data-start=\"2935\" data-end=\"2938\" \/>Sim - suave e saboroso, comece com uma pequena dose se for novo.<\/p>\n<p data-start=\"3001\" data-end=\"3099\"><strong data-start=\"3001\" data-end=\"3033\">Q2: Qual \u00e9 o seu sabor?<\/strong><br data-start=\"3033\" data-end=\"3036\" \/>Rich chocolate and sweet cocoa with subtle creamy undertones.<\/p>\n<p data-start=\"3101\" data-end=\"3183\"><strong data-start=\"3101\" data-end=\"3134\">Q3: Quanto tempo duram os efeitos?<\/strong><br data-start=\"3134\" data-end=\"3137\" \/>2-4 horas, consoante a dose e a toler\u00e2ncia.<\/p>\n<p data-start=\"3185\" data-end=\"3308\"><strong data-start=\"3185\" data-end=\"3229\">Q4: \u00c9 melhor para utilizar durante o dia ou \u00e0 noite?<\/strong><br data-start=\"3229\" data-end=\"3232\" \/>Ambos - pequenos golpes para levantar o \u00e2nimo durante o dia, doses maiores para relaxar \u00e0 noite.<\/p>\n<p data-start=\"3310\" data-end=\"3403\"><strong data-start=\"3310\" data-end=\"3339\">Q5: A expedi\u00e7\u00e3o \u00e9 discreta?<\/strong><br data-start=\"3339\" data-end=\"3342\" \/>Sim - selado no v\u00e1cuo, \u00e0 prova de odores e enviado para todo o mundo.<\/p>","protected":false},"excerpt":{"rendered":"<p data-start=\"352\" data-end=\"566\">Chocolatey, sweet, and smooth \u2014 <strong data-start=\"384\" data-end=\"422\">Sweeter High Chocolate Nugz strain<\/strong> delivers dessert-inspired hybrid buds with relaxing and uplifting effects. Perfect for day or evening enjoyment, discreet worldwide shipping.<\/p>","protected":false},"featured_media":281,"comment_status":"open","ping_status":"closed","template":"","meta":[],"product_brand":[],"product_cat":[18],"product_tag":[],"class_list":{"0":"post-284","1":"product","2":"type-product","3":"status-publish","4":"has-post-thumbnail","6":"product_cat-cannabis-varieties","8":"first","9":"instock","10":"shipping-taxable","11":"purchasable","12":"product-type-simple"},"yoast_head":"<!-- This site is optimized with the Yoast SEO Premium plugin v26.0 (Yoast SEO v27.3) - https:\/\/yoast.com\/product\/yoast-seo-premium-wordpress\/ -->\n<title>Buy Sweeter High Chocolate Nugz Strain | Hybrid Weed<\/title>\n<meta name=\"description\" content=\"Chocolatey and sweet \u2014 buy Sweeter High Chocolate Nugz strain for dessert-inspired hybrid effects, premium buds, and discreet worldwide shipping.\" \/>\n<meta name=\"robots\" content=\"index, follow, max-snippet:-1, max-image-preview:large, max-video-preview:-1\" \/>\n<link rel=\"canonical\" href=\"https:\/\/moodbudz.com\/pt\/product\/mais-doce-alto-chocolate-nugz\/\" \/>\n<meta property=\"og:locale\" content=\"pt_PT\" \/>\n<meta property=\"og:type\" content=\"article\" \/>\n<meta property=\"og:title\" content=\"Sweeter high choclate nugz\" \/>\n<meta property=\"og:description\" content=\"Chocolatey and sweet \u2014 buy Sweeter High Chocolate Nugz strain for dessert-inspired hybrid effects, premium buds, and discreet worldwide shipping.\" \/>\n<meta property=\"og:url\" content=\"https:\/\/moodbudz.com\/pt\/product\/mais-doce-alto-chocolate-nugz\/\" \/>\n<meta property=\"og:site_name\" content=\"MoodBudz\" \/>\n<meta property=\"article:modified_time\" content=\"2025-10-02T13:49:21+00:00\" \/>\n<meta property=\"og:image\" content=\"https:\/\/moodbudz.com\/wp-content\/uploads\/2025\/08\/sweeter-high-choclate-nugz-cali-weed-cali-packs.jpeg\" \/>\n\t<meta property=\"og:image:width\" content=\"1280\" \/>\n\t<meta property=\"og:image:height\" content=\"960\" \/>\n\t<meta property=\"og:image:type\" content=\"image\/jpeg\" \/>\n<meta name=\"twitter:card\" content=\"summary_large_image\" \/>\n<meta name=\"twitter:label1\" content=\"pre\u00e7o\" \/>\n\t<meta name=\"twitter:data1\" content=\"&#036;120.00\" \/>\n\t<meta name=\"twitter:label2\" content=\"Disponibilidade\" \/>\n\t<meta name=\"twitter:data2\" content=\"Em stock\" \/>\n<script type=\"application\/ld+json\" class=\"yoast-schema-graph\">{\"@context\":\"https:\\\/\\\/schema.org\",\"@graph\":[{\"@type\":\"WebPage\",\"@id\":\"https:\\\/\\\/moodbudz.com\\\/product\\\/sweeter-high-choclate-nugz\\\/\",\"url\":\"https:\\\/\\\/moodbudz.com\\\/product\\\/sweeter-high-choclate-nugz\\\/\",\"name\":\"Buy Sweeter High Chocolate Nugz Strain | Hybrid Weed\",\"isPartOf\":{\"@id\":\"https:\\\/\\\/moodbudz.com\\\/#website\"},\"primaryImageOfPage\":{\"@id\":\"https:\\\/\\\/moodbudz.com\\\/product\\\/sweeter-high-choclate-nugz\\\/#primaryimage\"},\"image\":{\"@id\":\"https:\\\/\\\/moodbudz.com\\\/product\\\/sweeter-high-choclate-nugz\\\/#primaryimage\"},\"thumbnailUrl\":\"https:\\\/\\\/moodbudz.com\\\/wp-content\\\/uploads\\\/2025\\\/08\\\/sweeter-high-choclate-nugz-cali-weed-cali-packs.jpeg\",\"datePublished\":\"2025-08-08T19:52:12+00:00\",\"dateModified\":\"2025-10-02T13:49:21+00:00\",\"description\":\"Chocolatey and sweet \u2014 buy Sweeter High Chocolate Nugz strain for dessert-inspired hybrid effects, premium buds, and discreet worldwide shipping.\",\"breadcrumb\":{\"@id\":\"https:\\\/\\\/moodbudz.com\\\/product\\\/sweeter-high-choclate-nugz\\\/#breadcrumb\"},\"inLanguage\":\"pt-PT\",\"potentialAction\":[{\"@type\":\"ReadAction\",\"target\":[\"https:\\\/\\\/moodbudz.com\\\/product\\\/sweeter-high-choclate-nugz\\\/\"]}]},{\"@type\":\"ImageObject\",\"inLanguage\":\"pt-PT\",\"@id\":\"https:\\\/\\\/moodbudz.com\\\/product\\\/sweeter-high-choclate-nugz\\\/#primaryimage\",\"url\":\"https:\\\/\\\/moodbudz.com\\\/wp-content\\\/uploads\\\/2025\\\/08\\\/sweeter-high-choclate-nugz-cali-weed-cali-packs.jpeg\",\"contentUrl\":\"https:\\\/\\\/moodbudz.com\\\/wp-content\\\/uploads\\\/2025\\\/08\\\/sweeter-high-choclate-nugz-cali-weed-cali-packs.jpeg\",\"width\":1280,\"height\":960,\"caption\":\"Sweeter high choclate nugz - cali weed | cali packs\"},{\"@type\":\"BreadcrumbList\",\"@id\":\"https:\\\/\\\/moodbudz.com\\\/product\\\/sweeter-high-choclate-nugz\\\/#breadcrumb\",\"itemListElement\":[{\"@type\":\"ListItem\",\"position\":1,\"name\":\"Home\",\"item\":\"https:\\\/\\\/moodbudz.com\\\/\"},{\"@type\":\"ListItem\",\"position\":2,\"name\":\"Shop\",\"item\":\"https:\\\/\\\/moodbudz.com\\\/shop\\\/\"},{\"@type\":\"ListItem\",\"position\":3,\"name\":\"Sweeter high choclate nugz\"}]},{\"@type\":\"WebSite\",\"@id\":\"https:\\\/\\\/moodbudz.com\\\/#website\",\"url\":\"https:\\\/\\\/moodbudz.com\\\/\",\"name\":\"MoodBudz\",\"description\":\"Buy Premium Cannabis Online Safely and Legally\",\"publisher\":{\"@id\":\"https:\\\/\\\/moodbudz.com\\\/#organization\"},\"alternateName\":\"MBudz\",\"potentialAction\":[{\"@type\":\"SearchAction\",\"target\":{\"@type\":\"EntryPoint\",\"urlTemplate\":\"https:\\\/\\\/moodbudz.com\\\/?s={search_term_string}\"},\"query-input\":{\"@type\":\"PropertyValueSpecification\",\"valueRequired\":true,\"valueName\":\"search_term_string\"}}],\"inLanguage\":\"pt-PT\"},{\"@type\":\"Organization\",\"@id\":\"https:\\\/\\\/moodbudz.com\\\/#organization\",\"name\":\"MoodBudz\",\"alternateName\":\"WeedBudz\",\"url\":\"https:\\\/\\\/moodbudz.com\\\/\",\"logo\":{\"@type\":\"ImageObject\",\"inLanguage\":\"pt-PT\",\"@id\":\"https:\\\/\\\/moodbudz.com\\\/#\\\/schema\\\/logo\\\/image\\\/\",\"url\":\"https:\\\/\\\/moodbudz.com\\\/wp-content\\\/uploads\\\/2025\\\/08\\\/Add-a-heading-1.png\",\"contentUrl\":\"https:\\\/\\\/moodbudz.com\\\/wp-content\\\/uploads\\\/2025\\\/08\\\/Add-a-heading-1.png\",\"width\":186,\"height\":65,\"caption\":\"MoodBudz\"},\"image\":{\"@id\":\"https:\\\/\\\/moodbudz.com\\\/#\\\/schema\\\/logo\\\/image\\\/\"},\"hasMerchantReturnPolicy\":{\"@type\":\"MerchantReturnPolicy\",\"merchantReturnLink\":\"https:\\\/\\\/moodbudz.com\\\/pt\\\/refund_returns\\\/\"}}]}<\/script>\n<meta property=\"product:brand\" content=\"simple\" \/>\n<meta property=\"product:price:amount\" content=\"120.00\" \/>\n<meta property=\"product:price:currency\" content=\"USD\" \/>\n<meta property=\"og:availability\" content=\"instock\" \/>\n<meta property=\"product:availability\" content=\"instock\" \/>\n<meta property=\"product:condition\" content=\"new\" \/>\n<!-- \/ Yoast SEO Premium plugin. -->","yoast_head_json":{"title":"Buy Sweeter High Chocolate Nugz Strain | Hybrid Weed","description":"Chocolatey and sweet \u2014 buy Sweeter High Chocolate Nugz strain for dessert-inspired hybrid effects, premium buds, and discreet worldwide shipping.","robots":{"index":"index","follow":"follow","max-snippet":"max-snippet:-1","max-image-preview":"max-image-preview:large","max-video-preview":"max-video-preview:-1"},"canonical":"https:\/\/moodbudz.com\/pt\/product\/mais-doce-alto-chocolate-nugz\/","og_locale":"pt_PT","og_type":"article","og_title":"Sweeter high choclate nugz","og_description":"Chocolatey and sweet \u2014 buy Sweeter High Chocolate Nugz strain for dessert-inspired hybrid effects, premium buds, and discreet worldwide shipping.","og_url":"https:\/\/moodbudz.com\/pt\/product\/mais-doce-alto-chocolate-nugz\/","og_site_name":"MoodBudz","article_modified_time":"2025-10-02T13:49:21+00:00","og_image":[{"width":1280,"height":960,"url":"https:\/\/moodbudz.com\/wp-content\/uploads\/2025\/08\/sweeter-high-choclate-nugz-cali-weed-cali-packs.jpeg","type":"image\/jpeg"}],"twitter_card":"summary_large_image","twitter_misc":{"pre\u00e7o":"&#36;120.00","Disponibilidade":"Em stock"},"schema":{"@context":"https:\/\/schema.org","@graph":[{"@type":"WebPage","@id":"https:\/\/moodbudz.com\/product\/sweeter-high-choclate-nugz\/","url":"https:\/\/moodbudz.com\/product\/sweeter-high-choclate-nugz\/","name":"Buy Sweeter High Chocolate Nugz Strain | Hybrid Weed","isPartOf":{"@id":"https:\/\/moodbudz.com\/#website"},"primaryImageOfPage":{"@id":"https:\/\/moodbudz.com\/product\/sweeter-high-choclate-nugz\/#primaryimage"},"image":{"@id":"https:\/\/moodbudz.com\/product\/sweeter-high-choclate-nugz\/#primaryimage"},"thumbnailUrl":"https:\/\/moodbudz.com\/wp-content\/uploads\/2025\/08\/sweeter-high-choclate-nugz-cali-weed-cali-packs.jpeg","datePublished":"2025-08-08T19:52:12+00:00","dateModified":"2025-10-02T13:49:21+00:00","description":"Chocolatey and sweet \u2014 buy Sweeter High Chocolate Nugz strain for dessert-inspired hybrid effects, premium buds, and discreet worldwide shipping.","breadcrumb":{"@id":"https:\/\/moodbudz.com\/product\/sweeter-high-choclate-nugz\/#breadcrumb"},"inLanguage":"pt-PT","potentialAction":[{"@type":"ReadAction","target":["https:\/\/moodbudz.com\/product\/sweeter-high-choclate-nugz\/"]}]},{"@type":"ImageObject","inLanguage":"pt-PT","@id":"https:\/\/moodbudz.com\/product\/sweeter-high-choclate-nugz\/#primaryimage","url":"https:\/\/moodbudz.com\/wp-content\/uploads\/2025\/08\/sweeter-high-choclate-nugz-cali-weed-cali-packs.jpeg","contentUrl":"https:\/\/moodbudz.com\/wp-content\/uploads\/2025\/08\/sweeter-high-choclate-nugz-cali-weed-cali-packs.jpeg","width":1280,"height":960,"caption":"Sweeter high choclate nugz - cali weed | cali packs"},{"@type":"BreadcrumbList","@id":"https:\/\/moodbudz.com\/product\/sweeter-high-choclate-nugz\/#breadcrumb","itemListElement":[{"@type":"ListItem","position":1,"name":"Home","item":"https:\/\/moodbudz.com\/"},{"@type":"ListItem","position":2,"name":"Shop","item":"https:\/\/moodbudz.com\/shop\/"},{"@type":"ListItem","position":3,"name":"Sweeter high choclate nugz"}]},{"@type":"WebSite","@id":"https:\/\/moodbudz.com\/#website","url":"https:\/\/moodbudz.com\/","name":"MoodBudz","description":"Compre Cannabis Premium Online de Forma Segura e Legal","publisher":{"@id":"https:\/\/moodbudz.com\/#organization"},"alternateName":"MBudz","potentialAction":[{"@type":"SearchAction","target":{"@type":"EntryPoint","urlTemplate":"https:\/\/moodbudz.com\/?s={search_term_string}"},"query-input":{"@type":"PropertyValueSpecification","valueRequired":true,"valueName":"search_term_string"}}],"inLanguage":"pt-PT"},{"@type":"Organization","@id":"https:\/\/moodbudz.com\/#organization","name":"MoodBudz","alternateName":"WeedBudz","url":"https:\/\/moodbudz.com\/","logo":{"@type":"ImageObject","inLanguage":"pt-PT","@id":"https:\/\/moodbudz.com\/#\/schema\/logo\/image\/","url":"https:\/\/moodbudz.com\/wp-content\/uploads\/2025\/08\/Add-a-heading-1.png","contentUrl":"https:\/\/moodbudz.com\/wp-content\/uploads\/2025\/08\/Add-a-heading-1.png","width":186,"height":65,"caption":"MoodBudz"},"image":{"@id":"https:\/\/moodbudz.com\/#\/schema\/logo\/image\/"},"hasMerchantReturnPolicy":{"@type":"MerchantReturnPolicy","merchantReturnLink":"https:\/\/moodbudz.com\/pt\/refund_returns\/"}}]},"product_brand":"simple","product_price_amount":"120.00","product_price_currency":"USD","og_availability":"instock","product_availability":"instock","product_condition":"new"},"_links":{"self":[{"href":"https:\/\/moodbudz.com\/pt\/wp-json\/wp\/v2\/product\/284","targetHints":{"allow":["GET"]}}],"collection":[{"href":"https:\/\/moodbudz.com\/pt\/wp-json\/wp\/v2\/product"}],"about":[{"href":"https:\/\/moodbudz.com\/pt\/wp-json\/wp\/v2\/types\/product"}],"replies":[{"embeddable":true,"href":"https:\/\/moodbudz.com\/pt\/wp-json\/wp\/v2\/comments?post=284"}],"version-history":[{"count":1,"href":"https:\/\/moodbudz.com\/pt\/wp-json\/wp\/v2\/product\/284\/revisions"}],"predecessor-version":[{"id":19743,"href":"https:\/\/moodbudz.com\/pt\/wp-json\/wp\/v2\/product\/284\/revisions\/19743"}],"wp:featuredmedia":[{"embeddable":true,"href":"https:\/\/moodbudz.com\/pt\/wp-json\/wp\/v2\/media\/281"}],"wp:attachment":[{"href":"https:\/\/moodbudz.com\/pt\/wp-json\/wp\/v2\/media?parent=284"}],"wp:term":[{"taxonomy":"product_brand","embeddable":true,"href":"https:\/\/moodbudz.com\/pt\/wp-json\/wp\/v2\/product_brand?post=284"},{"taxonomy":"product_cat","embeddable":true,"href":"https:\/\/moodbudz.com\/pt\/wp-json\/wp\/v2\/product_cat?post=284"},{"taxonomy":"product_tag","embeddable":true,"href":"https:\/\/moodbudz.com\/pt\/wp-json\/wp\/v2\/product_tag?post=284"}],"curies":[{"name":"wp","href":"https:\/\/api.w.org\/{rel}","templated":true}]}}