{"id":290,"date":"2025-08-08T19:53:03","date_gmt":"2025-08-08T19:53:03","guid":{"rendered":"https:\/\/moodbudz.com\/product\/treasure-island-cbd-strain-flower-sativa-cali-weed-cali-packs\/"},"modified":"2025-10-02T14:07:29","modified_gmt":"2025-10-02T14:07:29","slug":"treasure-island-cbd-strain-flower","status":"publish","type":"product","link":"https:\/\/moodbudz.com\/pt\/product\/treasure-island-cbd-strain-flower\/","title":{"rendered":"Treasure Island CBD Strain Flower"},"content":{"rendered":"<h3 data-start=\"624\" data-end=\"679\"><strong data-start=\"628\" data-end=\"677\">Porqu\u00ea comprar Treasure Island CBD Strain Flower<\/strong><\/h3>\n<p data-start=\"680\" data-end=\"993\">Quando <strong data-start=\"689\" data-end=\"730\">comprar Treasure Island CBD strain flower<\/strong>, est\u00e1 a escolher um <strong data-start=\"750\" data-end=\"777\">estirpe premium rica em CBD<\/strong> conhecida pela sua <strong data-start=\"792\" data-end=\"849\">sabor suave, efeitos relaxantes e benef\u00edcios para o bem-estar.<\/strong> Ideal para <strong data-start=\"860\" data-end=\"909\">al\u00edvio do stress, relaxamento e clareza mental<\/strong>, fornece uma <strong data-start=\"925\" data-end=\"991\">experi\u00eancia calma e relaxante sem fortes efeitos psicoactivos.<\/strong><\/p>\n<p data-start=\"995\" data-end=\"1217\">Ao contr\u00e1rio das variedades pesadas de THC que podem parecer esmagadoras, o Treasure Island CBD oferece <strong data-start=\"1075\" data-end=\"1136\">fumo suave e saboroso com efeitos suaves e calmantes para o corpo<\/strong>, O que a torna perfeita para principiantes ou para quem procura can\u00e1bis orientada para o bem-estar.<\/p>\n<h3 data-start=\"1224\" data-end=\"1261\"><strong data-start=\"1228\" data-end=\"1259\">\u00a0Sabor, Aroma e Efeitos<\/strong><\/h3>\n<ul data-start=\"1262\" data-end=\"1519\">\n<li data-start=\"1262\" data-end=\"1327\">\n<p data-start=\"1264\" data-end=\"1327\"><strong data-start=\"1264\" data-end=\"1274\">O gosto:<\/strong> Ligeiramente terroso, subtilmente herb\u00e1ceo, com ligeiros tons doces<\/p>\n<\/li>\n<li data-start=\"1328\" data-end=\"1383\">\n<p data-start=\"1330\" data-end=\"1383\"><strong data-start=\"1330\" data-end=\"1340\">Aroma:<\/strong> Terroso, calmante, com ligeiras notas florais<\/p>\n<\/li>\n<li data-start=\"1384\" data-end=\"1452\">\n<p data-start=\"1386\" data-end=\"1452\"><strong data-start=\"1386\" data-end=\"1398\">Efeitos:<\/strong> Relaxante, calmante, melhora o humor, calma corporal suave<\/p>\n<\/li>\n<li data-start=\"1453\" data-end=\"1519\">\n<p data-start=\"1455\" data-end=\"1519\"><strong data-start=\"1455\" data-end=\"1468\">Melhor utiliza\u00e7\u00e3o:<\/strong> Dia, noite, al\u00edvio do stress, bem-estar, concentra\u00e7\u00e3o<\/p>\n<\/li>\n<\/ul>\n<p data-start=\"1521\" data-end=\"1549\"><strong data-start=\"1521\" data-end=\"1547\">\u00a0Pontos problem\u00e1ticos resolvidos<\/strong><\/p>\n<ul data-start=\"1550\" data-end=\"1835\">\n<li data-start=\"1550\" data-end=\"1669\">\n<p data-start=\"1552\" data-end=\"1669\">Quer uma variedade relaxante sem efeitos fortes de THC? A Treasure Island CBD oferece <strong data-start=\"1632\" data-end=\"1667\">calma suave e clareza mental.<\/strong><\/p>\n<\/li>\n<li data-start=\"1670\" data-end=\"1743\">\n<p data-start=\"1672\" data-end=\"1743\">Precisa de um fumo suave? Os bot\u00f5es densos garantem <strong data-start=\"1709\" data-end=\"1741\">puxadas saborosas e consistentes.<\/strong><\/p>\n<\/li>\n<li data-start=\"1744\" data-end=\"1835\">\n<p data-start=\"1746\" data-end=\"1835\">Procura benef\u00edcios para o bem-estar? O elevado teor de CBD proporciona <strong data-start=\"1803\" data-end=\"1833\">al\u00edvio do stress e da ansiedade.<\/strong><\/p>\n<\/li>\n<\/ul>\n<h3 data-start=\"1842\" data-end=\"1878\"><strong data-start=\"1846\" data-end=\"1876\">\u00a0Especifica\u00e7\u00f5es do produto<\/strong><\/h3>\n<ul data-start=\"1879\" data-end=\"2223\">\n<li data-start=\"1879\" data-end=\"1914\">\n<p data-start=\"1881\" data-end=\"1914\"><strong data-start=\"1881\" data-end=\"1892\">Estirpe:<\/strong> Ilha do Tesouro CBD<\/p>\n<\/li>\n<li data-start=\"1915\" data-end=\"1944\">\n<p data-start=\"1917\" data-end=\"1944\"><strong data-start=\"1917\" data-end=\"1926\">Tipo:<\/strong> H\u00edbrido rico em CBD<\/p>\n<\/li>\n<li data-start=\"1945\" data-end=\"1980\">\n<p data-start=\"1947\" data-end=\"1980\"><strong data-start=\"1947\" data-end=\"1955\">THC:<\/strong> &lt;1% (n\u00e3o psicoativo)<\/p>\n<\/li>\n<li data-start=\"1981\" data-end=\"2019\">\n<p data-start=\"1983\" data-end=\"2019\"><strong data-start=\"1983\" data-end=\"1991\">CBD:<\/strong> 15-20% (elevado teor de CBD)<\/p>\n<\/li>\n<li data-start=\"2020\" data-end=\"2078\">\n<p data-start=\"2022\" data-end=\"2078\"><strong data-start=\"2022\" data-end=\"2031\">Forma:<\/strong> Bot\u00f5es revestidos de tricomas de primeira qualidade com um aroma suave<\/p>\n<\/li>\n<li data-start=\"2079\" data-end=\"2148\">\n<p data-start=\"2081\" data-end=\"2148\"><strong data-start=\"2081\" data-end=\"2095\">Embalagem:<\/strong> Entrega mundial discreta, herm\u00e9tica e \u00e0 prova de odores<\/p>\n<\/li>\n<li data-start=\"2149\" data-end=\"2223\">\n<p data-start=\"2151\" data-end=\"2223\"><strong data-start=\"2151\" data-end=\"2162\">Origem:<\/strong> Cultivada em interior, aparada \u00e0 m\u00e3o, curada lentamente para uma qualidade m\u00e1xima<\/p>\n<\/li>\n<\/ul>\n<h3 data-start=\"2230\" data-end=\"2278\"><strong data-start=\"2234\" data-end=\"2276\">Porque \u00e9 que os utilizadores adoram o Treasure Island CBD<\/strong><\/h3>\n<p data-start=\"2279\" data-end=\"2553\">A CBD da Ilha do Tesouro \u00e9 adorada pelos seus <strong data-start=\"2316\" data-end=\"2372\">sabor suave, fumo suave e efeitos relaxantes do CBD.<\/strong> Perfeito para <strong data-start=\"2385\" data-end=\"2435\">al\u00edvio do stress, bem-estar e relaxamento suave<\/strong>, fornece um <strong data-start=\"2451\" data-end=\"2498\">experi\u00eancia calmante sem qualquer efeito forte<\/strong>, o que o torna ideal para uma utiliza\u00e7\u00e3o di\u00e1ria ou para rotinas de bem-estar.<\/p>\n<p data-start=\"2555\" data-end=\"2624\">Quando <strong data-start=\"2564\" data-end=\"2605\">comprar Treasure Island CBD strain flower<\/strong>, est\u00e1 a receber:<\/p>\n<ul data-start=\"2625\" data-end=\"2779\">\n<li data-start=\"2625\" data-end=\"2674\">\n<p data-start=\"2627\" data-end=\"2674\"><strong data-start=\"2627\" data-end=\"2655\"><a href=\"https:\/\/moodbudz.com\/pt\/product\/variety-amnesia-haze-aaa-acks\/\">Alto-CBD<\/a> efeitos calmantes<\/strong> com THC m\u00ednimo<\/p>\n<\/li>\n<li data-start=\"2675\" data-end=\"2706\">\n<p data-start=\"2677\" data-end=\"2706\"><strong data-start=\"2677\" data-end=\"2704\">Fumo suave e saboroso<\/strong><\/p>\n<\/li>\n<li data-start=\"2707\" data-end=\"2743\">\n<p data-start=\"2709\" data-end=\"2743\"><strong data-start=\"2709\" data-end=\"2741\">Bot\u00f5es revestidos com tricomas de primeira qualidade<\/strong><\/p>\n<\/li>\n<li data-start=\"2744\" data-end=\"2779\">\n<p data-start=\"2746\" data-end=\"2779\"><strong data-start=\"2746\" data-end=\"2777\">Expedi\u00e7\u00e3o discreta para todo o mundo<\/strong><\/p>\n<\/li>\n<\/ul>\n<h3 data-start=\"2786\" data-end=\"2822\"><strong data-start=\"2790\" data-end=\"2820\">\u00a0FAQs - Perguntas do comprador<\/strong><\/h3>\n<p data-start=\"2824\" data-end=\"2947\"><strong data-start=\"2824\" data-end=\"2878\">Q1: O Treasure Island CBD \u00e9 adequado para principiantes?<\/strong><br data-start=\"2878\" data-end=\"2881\" \/>Sim - efeitos suaves e relaxantes com um impacto psicoativo m\u00ednimo.<\/p>\n<p data-start=\"2949\" data-end=\"3038\"><strong data-start=\"2949\" data-end=\"2981\">Q2: Qual \u00e9 o seu sabor?<\/strong><br data-start=\"2981\" data-end=\"2984\" \/>Ligeiramente terroso com subtis notas herb\u00e1ceas e doces.<\/p>\n<p data-start=\"3040\" data-end=\"3122\"><strong data-start=\"3040\" data-end=\"3073\">Q3: Quanto tempo duram os efeitos?<\/strong><br data-start=\"3073\" data-end=\"3076\" \/>2-3 horas, consoante a dose e a toler\u00e2ncia.<\/p>\n<p data-start=\"3124\" data-end=\"3223\"><strong data-start=\"3124\" data-end=\"3160\">Q4: Posso utiliz\u00e1-lo durante o dia?<\/strong><br data-start=\"3160\" data-end=\"3163\" \/>Sim - o conte\u00fado rico em CBD proporciona calma sem intoxica\u00e7\u00e3o.<\/p>\n<p data-start=\"3225\" data-end=\"3318\"><strong data-start=\"3225\" data-end=\"3254\">Q5: A expedi\u00e7\u00e3o \u00e9 discreta?<\/strong><br data-start=\"3254\" data-end=\"3257\" \/>Sim - selado no v\u00e1cuo, \u00e0 prova de odores e enviado para todo o mundo.<\/p>","protected":false},"excerpt":{"rendered":"<p data-start=\"394\" data-end=\"586\">Calmo, relaxante e suave - <strong data-start=\"423\" data-end=\"460\">Flor da variedade Treasure Island CBD<\/strong> oferece bot\u00f5es de qualidade superior ricos em CBD com efeitos relaxantes. Perfeito para o al\u00edvio do stress, bem-estar e envio discreto para todo o mundo.<\/p>","protected":false},"featured_media":285,"comment_status":"open","ping_status":"closed","template":"","meta":[],"product_brand":[],"product_cat":[18],"product_tag":[],"class_list":{"0":"post-290","1":"product","2":"type-product","3":"status-publish","4":"has-post-thumbnail","6":"product_cat-cannabis-varieties","8":"first","9":"instock","10":"shipping-taxable","11":"purchasable","12":"product-type-simple"},"yoast_head":"<!-- This site is optimized with the Yoast SEO Premium plugin v26.0 (Yoast SEO v27.3) - https:\/\/yoast.com\/product\/yoast-seo-premium-wordpress\/ -->\n<title>Buy Treasure Island CBD Strain | CBD Flower<\/title>\n<meta name=\"description\" content=\"Relaxing and gentle \u2014 buy Treasure Island CBD strain flower for high-CBD effects, premium buds, and discreet worldwide shipping.\" \/>\n<meta name=\"robots\" content=\"index, follow, max-snippet:-1, max-image-preview:large, max-video-preview:-1\" \/>\n<link rel=\"canonical\" href=\"https:\/\/moodbudz.com\/pt\/product\/treasure-island-cbd-strain-flower\/\" \/>\n<meta property=\"og:locale\" content=\"pt_PT\" \/>\n<meta property=\"og:type\" content=\"article\" \/>\n<meta property=\"og:title\" content=\"Treasure Island CBD Strain Flower\" \/>\n<meta property=\"og:description\" content=\"Relaxing and gentle \u2014 buy Treasure Island CBD strain flower for high-CBD effects, premium buds, and discreet worldwide shipping.\" \/>\n<meta property=\"og:url\" content=\"https:\/\/moodbudz.com\/pt\/product\/treasure-island-cbd-strain-flower\/\" \/>\n<meta property=\"og:site_name\" content=\"MoodBudz\" \/>\n<meta property=\"article:modified_time\" content=\"2025-10-02T14:07:29+00:00\" \/>\n<meta property=\"og:image\" content=\"https:\/\/moodbudz.com\/wp-content\/uploads\/2025\/08\/treasure-island-cbd-strain-flower-sativa-cali-weed-cali-packs.webp\" \/>\n\t<meta property=\"og:image:width\" content=\"2560\" \/>\n\t<meta property=\"og:image:height\" content=\"1707\" \/>\n\t<meta property=\"og:image:type\" content=\"image\/webp\" \/>\n<meta name=\"twitter:card\" content=\"summary_large_image\" \/>\n<meta name=\"twitter:label1\" content=\"pre\u00e7o\" \/>\n\t<meta name=\"twitter:data1\" content=\"&#036;99.00\" \/>\n\t<meta name=\"twitter:label2\" content=\"Disponibilidade\" \/>\n\t<meta name=\"twitter:data2\" content=\"Em stock\" \/>\n<script type=\"application\/ld+json\" class=\"yoast-schema-graph\">{\"@context\":\"https:\\\/\\\/schema.org\",\"@graph\":[{\"@type\":\"WebPage\",\"@id\":\"https:\\\/\\\/moodbudz.com\\\/product\\\/treasure-island-cbd-strain-flower\\\/\",\"url\":\"https:\\\/\\\/moodbudz.com\\\/product\\\/treasure-island-cbd-strain-flower\\\/\",\"name\":\"Buy Treasure Island CBD Strain | CBD Flower\",\"isPartOf\":{\"@id\":\"https:\\\/\\\/moodbudz.com\\\/#website\"},\"primaryImageOfPage\":{\"@id\":\"https:\\\/\\\/moodbudz.com\\\/product\\\/treasure-island-cbd-strain-flower\\\/#primaryimage\"},\"image\":{\"@id\":\"https:\\\/\\\/moodbudz.com\\\/product\\\/treasure-island-cbd-strain-flower\\\/#primaryimage\"},\"thumbnailUrl\":\"https:\\\/\\\/moodbudz.com\\\/wp-content\\\/uploads\\\/2025\\\/08\\\/treasure-island-cbd-strain-flower-sativa-cali-weed-cali-packs.webp\",\"datePublished\":\"2025-08-08T19:53:03+00:00\",\"dateModified\":\"2025-10-02T14:07:29+00:00\",\"description\":\"Relaxing and gentle \u2014 buy Treasure Island CBD strain flower for high-CBD effects, premium buds, and discreet worldwide shipping.\",\"breadcrumb\":{\"@id\":\"https:\\\/\\\/moodbudz.com\\\/product\\\/treasure-island-cbd-strain-flower\\\/#breadcrumb\"},\"inLanguage\":\"pt-PT\",\"potentialAction\":[{\"@type\":\"ReadAction\",\"target\":[\"https:\\\/\\\/moodbudz.com\\\/product\\\/treasure-island-cbd-strain-flower\\\/\"]}]},{\"@type\":\"ImageObject\",\"inLanguage\":\"pt-PT\",\"@id\":\"https:\\\/\\\/moodbudz.com\\\/product\\\/treasure-island-cbd-strain-flower\\\/#primaryimage\",\"url\":\"https:\\\/\\\/moodbudz.com\\\/wp-content\\\/uploads\\\/2025\\\/08\\\/treasure-island-cbd-strain-flower-sativa-cali-weed-cali-packs.webp\",\"contentUrl\":\"https:\\\/\\\/moodbudz.com\\\/wp-content\\\/uploads\\\/2025\\\/08\\\/treasure-island-cbd-strain-flower-sativa-cali-weed-cali-packs.webp\",\"width\":2560,\"height\":1707,\"caption\":\"Treasure Island CBD Strain Flower - Sativa - cali weed | cali packs\"},{\"@type\":\"BreadcrumbList\",\"@id\":\"https:\\\/\\\/moodbudz.com\\\/product\\\/treasure-island-cbd-strain-flower\\\/#breadcrumb\",\"itemListElement\":[{\"@type\":\"ListItem\",\"position\":1,\"name\":\"Home\",\"item\":\"https:\\\/\\\/moodbudz.com\\\/\"},{\"@type\":\"ListItem\",\"position\":2,\"name\":\"Shop\",\"item\":\"https:\\\/\\\/moodbudz.com\\\/shop\\\/\"},{\"@type\":\"ListItem\",\"position\":3,\"name\":\"Treasure Island CBD Strain Flower\"}]},{\"@type\":\"WebSite\",\"@id\":\"https:\\\/\\\/moodbudz.com\\\/#website\",\"url\":\"https:\\\/\\\/moodbudz.com\\\/\",\"name\":\"MoodBudz\",\"description\":\"Buy Premium Cannabis Online Safely and Legally\",\"publisher\":{\"@id\":\"https:\\\/\\\/moodbudz.com\\\/#organization\"},\"alternateName\":\"MBudz\",\"potentialAction\":[{\"@type\":\"SearchAction\",\"target\":{\"@type\":\"EntryPoint\",\"urlTemplate\":\"https:\\\/\\\/moodbudz.com\\\/?s={search_term_string}\"},\"query-input\":{\"@type\":\"PropertyValueSpecification\",\"valueRequired\":true,\"valueName\":\"search_term_string\"}}],\"inLanguage\":\"pt-PT\"},{\"@type\":\"Organization\",\"@id\":\"https:\\\/\\\/moodbudz.com\\\/#organization\",\"name\":\"MoodBudz\",\"alternateName\":\"WeedBudz\",\"url\":\"https:\\\/\\\/moodbudz.com\\\/\",\"logo\":{\"@type\":\"ImageObject\",\"inLanguage\":\"pt-PT\",\"@id\":\"https:\\\/\\\/moodbudz.com\\\/#\\\/schema\\\/logo\\\/image\\\/\",\"url\":\"https:\\\/\\\/moodbudz.com\\\/wp-content\\\/uploads\\\/2025\\\/08\\\/Add-a-heading-1.png\",\"contentUrl\":\"https:\\\/\\\/moodbudz.com\\\/wp-content\\\/uploads\\\/2025\\\/08\\\/Add-a-heading-1.png\",\"width\":186,\"height\":65,\"caption\":\"MoodBudz\"},\"image\":{\"@id\":\"https:\\\/\\\/moodbudz.com\\\/#\\\/schema\\\/logo\\\/image\\\/\"},\"hasMerchantReturnPolicy\":{\"@type\":\"MerchantReturnPolicy\",\"merchantReturnLink\":\"https:\\\/\\\/moodbudz.com\\\/pt\\\/refund_returns\\\/\"}}]}<\/script>\n<meta property=\"product:brand\" content=\"simple\" \/>\n<meta property=\"product:price:amount\" content=\"99.00\" \/>\n<meta property=\"product:price:currency\" content=\"USD\" \/>\n<meta property=\"og:availability\" content=\"instock\" \/>\n<meta property=\"product:availability\" content=\"instock\" \/>\n<meta property=\"product:condition\" content=\"new\" \/>\n<!-- \/ Yoast SEO Premium plugin. -->","yoast_head_json":{"title":"Comprar Treasure Island CBD Strain | CBD Flower","description":"Relaxante e suave - compre a flor da variedade Treasure Island CBD para efeitos de CBD elevados, bot\u00f5es premium e envio discreto para todo o mundo.","robots":{"index":"index","follow":"follow","max-snippet":"max-snippet:-1","max-image-preview":"max-image-preview:large","max-video-preview":"max-video-preview:-1"},"canonical":"https:\/\/moodbudz.com\/pt\/product\/treasure-island-cbd-strain-flower\/","og_locale":"pt_PT","og_type":"article","og_title":"Treasure Island CBD Strain Flower","og_description":"Relaxing and gentle \u2014 buy Treasure Island CBD strain flower for high-CBD effects, premium buds, and discreet worldwide shipping.","og_url":"https:\/\/moodbudz.com\/pt\/product\/treasure-island-cbd-strain-flower\/","og_site_name":"MoodBudz","article_modified_time":"2025-10-02T14:07:29+00:00","og_image":[{"width":2560,"height":1707,"url":"https:\/\/moodbudz.com\/wp-content\/uploads\/2025\/08\/treasure-island-cbd-strain-flower-sativa-cali-weed-cali-packs.webp","type":"image\/webp"}],"twitter_card":"summary_large_image","twitter_misc":{"pre\u00e7o":"&#36;99.00","Disponibilidade":"Em stock"},"schema":{"@context":"https:\/\/schema.org","@graph":[{"@type":"WebPage","@id":"https:\/\/moodbudz.com\/product\/treasure-island-cbd-strain-flower\/","url":"https:\/\/moodbudz.com\/product\/treasure-island-cbd-strain-flower\/","name":"Comprar Treasure Island CBD Strain | CBD Flower","isPartOf":{"@id":"https:\/\/moodbudz.com\/#website"},"primaryImageOfPage":{"@id":"https:\/\/moodbudz.com\/product\/treasure-island-cbd-strain-flower\/#primaryimage"},"image":{"@id":"https:\/\/moodbudz.com\/product\/treasure-island-cbd-strain-flower\/#primaryimage"},"thumbnailUrl":"https:\/\/moodbudz.com\/wp-content\/uploads\/2025\/08\/treasure-island-cbd-strain-flower-sativa-cali-weed-cali-packs.webp","datePublished":"2025-08-08T19:53:03+00:00","dateModified":"2025-10-02T14:07:29+00:00","description":"Relaxante e suave - compre a flor da variedade Treasure Island CBD para efeitos de CBD elevados, bot\u00f5es premium e envio discreto para todo o mundo.","breadcrumb":{"@id":"https:\/\/moodbudz.com\/product\/treasure-island-cbd-strain-flower\/#breadcrumb"},"inLanguage":"pt-PT","potentialAction":[{"@type":"ReadAction","target":["https:\/\/moodbudz.com\/product\/treasure-island-cbd-strain-flower\/"]}]},{"@type":"ImageObject","inLanguage":"pt-PT","@id":"https:\/\/moodbudz.com\/product\/treasure-island-cbd-strain-flower\/#primaryimage","url":"https:\/\/moodbudz.com\/wp-content\/uploads\/2025\/08\/treasure-island-cbd-strain-flower-sativa-cali-weed-cali-packs.webp","contentUrl":"https:\/\/moodbudz.com\/wp-content\/uploads\/2025\/08\/treasure-island-cbd-strain-flower-sativa-cali-weed-cali-packs.webp","width":2560,"height":1707,"caption":"Treasure Island CBD Strain Flower - Sativa - cali weed | cali packs"},{"@type":"BreadcrumbList","@id":"https:\/\/moodbudz.com\/product\/treasure-island-cbd-strain-flower\/#breadcrumb","itemListElement":[{"@type":"ListItem","position":1,"name":"Home","item":"https:\/\/moodbudz.com\/"},{"@type":"ListItem","position":2,"name":"Shop","item":"https:\/\/moodbudz.com\/shop\/"},{"@type":"ListItem","position":3,"name":"Treasure Island CBD Strain Flower"}]},{"@type":"WebSite","@id":"https:\/\/moodbudz.com\/#website","url":"https:\/\/moodbudz.com\/","name":"MoodBudz","description":"Compre Cannabis Premium Online de Forma Segura e Legal","publisher":{"@id":"https:\/\/moodbudz.com\/#organization"},"alternateName":"MBudz","potentialAction":[{"@type":"SearchAction","target":{"@type":"EntryPoint","urlTemplate":"https:\/\/moodbudz.com\/?s={search_term_string}"},"query-input":{"@type":"PropertyValueSpecification","valueRequired":true,"valueName":"search_term_string"}}],"inLanguage":"pt-PT"},{"@type":"Organization","@id":"https:\/\/moodbudz.com\/#organization","name":"MoodBudz","alternateName":"WeedBudz","url":"https:\/\/moodbudz.com\/","logo":{"@type":"ImageObject","inLanguage":"pt-PT","@id":"https:\/\/moodbudz.com\/#\/schema\/logo\/image\/","url":"https:\/\/moodbudz.com\/wp-content\/uploads\/2025\/08\/Add-a-heading-1.png","contentUrl":"https:\/\/moodbudz.com\/wp-content\/uploads\/2025\/08\/Add-a-heading-1.png","width":186,"height":65,"caption":"MoodBudz"},"image":{"@id":"https:\/\/moodbudz.com\/#\/schema\/logo\/image\/"},"hasMerchantReturnPolicy":{"@type":"MerchantReturnPolicy","merchantReturnLink":"https:\/\/moodbudz.com\/pt\/refund_returns\/"}}]},"product_brand":"simple","product_price_amount":"99.00","product_price_currency":"USD","og_availability":"instock","product_availability":"instock","product_condition":"new"},"_links":{"self":[{"href":"https:\/\/moodbudz.com\/pt\/wp-json\/wp\/v2\/product\/290","targetHints":{"allow":["GET"]}}],"collection":[{"href":"https:\/\/moodbudz.com\/pt\/wp-json\/wp\/v2\/product"}],"about":[{"href":"https:\/\/moodbudz.com\/pt\/wp-json\/wp\/v2\/types\/product"}],"replies":[{"embeddable":true,"href":"https:\/\/moodbudz.com\/pt\/wp-json\/wp\/v2\/comments?post=290"}],"version-history":[{"count":1,"href":"https:\/\/moodbudz.com\/pt\/wp-json\/wp\/v2\/product\/290\/revisions"}],"predecessor-version":[{"id":19746,"href":"https:\/\/moodbudz.com\/pt\/wp-json\/wp\/v2\/product\/290\/revisions\/19746"}],"wp:featuredmedia":[{"embeddable":true,"href":"https:\/\/moodbudz.com\/pt\/wp-json\/wp\/v2\/media\/285"}],"wp:attachment":[{"href":"https:\/\/moodbudz.com\/pt\/wp-json\/wp\/v2\/media?parent=290"}],"wp:term":[{"taxonomy":"product_brand","embeddable":true,"href":"https:\/\/moodbudz.com\/pt\/wp-json\/wp\/v2\/product_brand?post=290"},{"taxonomy":"product_cat","embeddable":true,"href":"https:\/\/moodbudz.com\/pt\/wp-json\/wp\/v2\/product_cat?post=290"},{"taxonomy":"product_tag","embeddable":true,"href":"https:\/\/moodbudz.com\/pt\/wp-json\/wp\/v2\/product_tag?post=290"}],"curies":[{"name":"wp","href":"https:\/\/api.w.org\/{rel}","templated":true}]}}