{"id":305,"date":"2025-08-08T19:53:11","date_gmt":"2025-08-08T19:53:11","guid":{"rendered":"https:\/\/moodbudz.com\/product\/zereal-milk-smalls-cali-weed-cali-packs\/"},"modified":"2026-03-15T19:32:37","modified_gmt":"2026-03-15T19:32:37","slug":"zereal-leite-pequenos-pedacos","status":"publish","type":"product","link":"https:\/\/moodbudz.com\/pt\/product\/zereal-milk-smalls\/","title":{"rendered":"Zereal Milk Smalls"},"content":{"rendered":"<h3 data-start=\"557\" data-end=\"604\"><strong data-start=\"561\" data-end=\"602\">Why Buy Zereal Milk Smalls Strain<\/strong><\/h3>\n<p data-start=\"605\" data-end=\"905\">Quando <strong data-start=\"614\" data-end=\"640\">buy Zereal Milk strain<\/strong>, est\u00e1 a escolher um <strong data-start=\"660\" data-end=\"678\">h\u00edbrido premium<\/strong> conhecida pela sua <strong data-start=\"693\" data-end=\"765\">dessert-like cereal and vanilla flavor and smooth, balanced effects.<\/strong> Ideal para <strong data-start=\"776\" data-end=\"832\">al\u00edvio do stress, projectos criativos ou sess\u00f5es sociais<\/strong>, fornece uma <strong data-start=\"848\" data-end=\"903\">agrad\u00e1vel euforia com um suave relaxamento corporal.<\/strong><\/p>\n<p data-start=\"907\" data-end=\"1116\">Unlike ordinary hybrids that may feel harsh or inconsistent, Zereal Milk Smalls offers <strong data-start=\"994\" data-end=\"1059\">smooth, flavorful smoke with consistent and enjoyable effects<\/strong>, making it perfect for both new and experienced users.<\/p>\n<h3 data-start=\"1123\" data-end=\"1160\"><strong data-start=\"1127\" data-end=\"1158\">\u00a0Sabor, Aroma e Efeitos<\/strong><\/h3>\n<ul>\n<li data-start=\"1163\" data-end=\"1223\"><strong data-start=\"1163\" data-end=\"1173\">O gosto:<\/strong> Sweet cereal, vanilla, subtle creamy undertones<\/li>\n<li data-start=\"1226\" data-end=\"1283\"><strong data-start=\"1226\" data-end=\"1236\">Aroma:<\/strong> Dessert-like, sweet, with light herbal notes<\/li>\n<li data-start=\"1286\" data-end=\"1354\"><strong data-start=\"1286\" data-end=\"1298\">Efeitos:<\/strong> Eleva\u00e7\u00e3o, relaxamento, melhoria do humor, calma corporal suave<\/li>\n<li data-start=\"1357\" data-end=\"1425\"><strong data-start=\"1357\" data-end=\"1370\">Melhor utiliza\u00e7\u00e3o:<\/strong> Daytime, evening, creative projects, social sessions<\/li>\n<\/ul>\n<p data-start=\"1427\" data-end=\"1455\"><strong data-start=\"1427\" data-end=\"1453\">\u00a0Pontos problem\u00e1ticos resolvidos<\/strong><\/p>\n<ul>\n<li data-start=\"1458\" data-end=\"1545\">Want dessert-flavored hybrid buds? Zereal Milk Smalls delivers <strong data-start=\"1521\" data-end=\"1543\">sweet cereal hits.<\/strong><\/li>\n<li data-start=\"1548\" data-end=\"1646\">Need relaxation without sedation? Balanced effects provide <strong data-start=\"1607\" data-end=\"1644\">calm body buzz and mild euphoria.<\/strong><\/li>\n<li data-start=\"1649\" data-end=\"1719\">Tired of harsh smoke? Dense buds ensure <strong data-start=\"1689\" data-end=\"1717\">suaves e saborosas puxadas.<\/strong><\/li>\n<\/ul>\n<h3 data-start=\"1726\" data-end=\"1762\"><strong data-start=\"1730\" data-end=\"1760\">\u00a0<\/strong><strong data-start=\"2102\" data-end=\"2145\">Why Smokers Love Zereal Milk Smalls<\/strong><\/h3>\n<p data-start=\"2148\" data-end=\"2401\">Zereal Milk Smalls is loved for its <strong data-start=\"2184\" data-end=\"2260\"><a href=\"https:\/\/moodbudz.com\/pt\/product\/zkittlez-cannabis-strain\/\">sweet cereal<\/a> and vanilla flavor, smooth smoke, and balanced hybrid high.<\/strong> Perfeito para <strong data-start=\"2273\" data-end=\"2295\">utiliza\u00e7\u00e3o diurna ou nocturna<\/strong>, it delivers <strong data-start=\"2309\" data-end=\"2371\">uplifted mood, gentle body<a href=\"https:\/\/moodbudz.com\/pt\/product\/variety-allen-wrench-sativa\/\"> relaxation,<\/a> and flavorful smoke<\/strong> sem ser demasiado pesado.<\/p>\n<p data-start=\"2403\" data-end=\"2464\">Quando <strong data-start=\"2412\" data-end=\"2445\">buy Zereal Milk Smalls strain<\/strong>, est\u00e1 a receber:<\/p>\n<ul>\n<li><strong data-start=\"2467\" data-end=\"2497\">Dessert-like cereal flavor<\/strong> with creamy undertones<\/li>\n<li><strong data-start=\"2525\" data-end=\"2552\">efeitos h\u00edbridos equilibrados<\/strong> para o corpo e a mente<\/li>\n<li><strong data-start=\"2575\" data-end=\"2607\">Bot\u00f5es revestidos com tricomas de primeira qualidade<\/strong><\/li>\n<li><strong data-start=\"2612\" data-end=\"2643\">Expedi\u00e7\u00e3o discreta para todo o mundo<\/strong><\/li>\n<\/ul>\n<h3 data-start=\"2652\" data-end=\"2688\"><strong data-start=\"2656\" data-end=\"2686\">FAQs - Perguntas do comprador<\/strong><\/h3>\n<p data-start=\"2690\" data-end=\"2801\"><strong data-start=\"2690\" data-end=\"2738\">Q1: Is Zereal Milk Smalls beginner-friendly?<\/strong><br data-start=\"2738\" data-end=\"2741\" \/>Yes \u2014 smooth and flavorful, start with small doses if new.<\/p>\n<p data-start=\"2803\" data-end=\"2895\"><strong data-start=\"2803\" data-end=\"2835\">Q2: Qual \u00e9 o seu sabor?<\/strong><br data-start=\"2835\" data-end=\"2838\" \/>Sweet cereal and vanilla with subtle creamy undertones.<\/p>\n<p data-start=\"2897\" data-end=\"2979\"><strong data-start=\"2897\" data-end=\"2930\">Q3: Quanto tempo duram os efeitos?<\/strong><br data-start=\"2930\" data-end=\"2933\" \/>2-4 horas, consoante a dose e a toler\u00e2ncia.<\/p>\n<p data-start=\"2981\" data-end=\"3104\"><strong data-start=\"2981\" data-end=\"3025\">Q4: \u00c9 melhor para utilizar durante o dia ou \u00e0 noite?<\/strong><br data-start=\"3025\" data-end=\"3028\" \/>Ambos - pequenos golpes para levantar o \u00e2nimo durante o dia, doses maiores para relaxar \u00e0 noite.<\/p>\n<p data-start=\"3106\" data-end=\"3199\"><strong data-start=\"3106\" data-end=\"3135\">Q5: A expedi\u00e7\u00e3o \u00e9 discreta?<\/strong><br data-start=\"3135\" data-end=\"3138\" \/>Sim - selado no v\u00e1cuo, \u00e0 prova de odores e enviado para todo o mundo.<\/p>","protected":false},"excerpt":{"rendered":"<p data-start=\"314\" data-end=\"519\">Sweet, creamy, and flavorful \u2014 <strong data-start=\"345\" data-end=\"374\">Zereal Milk Smalls strain<\/strong> delivers smooth hybrid buds with uplifting yet relaxing effects. Perfect for daytime creativity or evening chill, discreet worldwide shipping.<\/p>","protected":false},"featured_media":20190,"comment_status":"open","ping_status":"closed","template":"","meta":[],"product_brand":[],"product_cat":[18],"product_tag":[],"class_list":{"0":"post-305","1":"product","2":"type-product","3":"status-publish","4":"has-post-thumbnail","6":"product_cat-cannabis-varieties","8":"first","9":"instock","10":"shipping-taxable","11":"purchasable","12":"product-type-simple"},"yoast_head":"<!-- This site is optimized with the Yoast SEO Premium plugin v26.0 (Yoast SEO v27.3) - https:\/\/yoast.com\/product\/yoast-seo-premium-wordpress\/ -->\n<title>Buy Zereal Milk Smalls Strain | Hybrid Weed<\/title>\n<meta name=\"description\" content=\"Sweet and dessert-like \u2014 buy Zereal Milk Smalls strain for hybrid effects, cereal-flavored buds, and discreet worldwide shipping\" \/>\n<meta name=\"robots\" content=\"index, follow, max-snippet:-1, max-image-preview:large, max-video-preview:-1\" \/>\n<link rel=\"canonical\" href=\"https:\/\/moodbudz.com\/pt\/product\/zereal-leite-pequenos-pedacos\/\" \/>\n<meta property=\"og:locale\" content=\"pt_PT\" \/>\n<meta property=\"og:type\" content=\"article\" \/>\n<meta property=\"og:title\" content=\"Zereal Milk Smalls\" \/>\n<meta property=\"og:description\" content=\"Sweet and dessert-like \u2014 buy Zereal Milk Smalls strain for hybrid effects, cereal-flavored buds, and discreet worldwide shipping\" \/>\n<meta property=\"og:url\" content=\"https:\/\/moodbudz.com\/pt\/product\/zereal-leite-pequenos-pedacos\/\" \/>\n<meta property=\"og:site_name\" content=\"MoodBudz\" \/>\n<meta property=\"article:modified_time\" content=\"2026-03-15T19:32:37+00:00\" \/>\n<meta property=\"og:image\" content=\"https:\/\/moodbudz.com\/wp-content\/uploads\/2025\/08\/Zereal-Milk-Smalls-Strain-Hybrid-Weed.jpg\" \/>\n\t<meta property=\"og:image:width\" content=\"500\" \/>\n\t<meta property=\"og:image:height\" content=\"500\" \/>\n\t<meta property=\"og:image:type\" content=\"image\/jpeg\" \/>\n<meta name=\"twitter:card\" content=\"summary_large_image\" \/>\n<meta name=\"twitter:label1\" content=\"pre\u00e7o\" \/>\n\t<meta name=\"twitter:data1\" content=\"&#036;120.00\" \/>\n\t<meta name=\"twitter:label2\" content=\"Disponibilidade\" \/>\n\t<meta name=\"twitter:data2\" content=\"Em stock\" \/>\n<script type=\"application\/ld+json\" class=\"yoast-schema-graph\">{\"@context\":\"https:\\\/\\\/schema.org\",\"@graph\":[{\"@type\":\"WebPage\",\"@id\":\"https:\\\/\\\/moodbudz.com\\\/product\\\/zereal-milk-smalls\\\/\",\"url\":\"https:\\\/\\\/moodbudz.com\\\/product\\\/zereal-milk-smalls\\\/\",\"name\":\"Buy Zereal Milk Smalls Strain | Hybrid Weed\",\"isPartOf\":{\"@id\":\"https:\\\/\\\/moodbudz.com\\\/#website\"},\"primaryImageOfPage\":{\"@id\":\"https:\\\/\\\/moodbudz.com\\\/product\\\/zereal-milk-smalls\\\/#primaryimage\"},\"image\":{\"@id\":\"https:\\\/\\\/moodbudz.com\\\/product\\\/zereal-milk-smalls\\\/#primaryimage\"},\"thumbnailUrl\":\"https:\\\/\\\/moodbudz.com\\\/wp-content\\\/uploads\\\/2025\\\/08\\\/Zereal-Milk-Smalls-Strain-Hybrid-Weed.jpg\",\"datePublished\":\"2025-08-08T19:53:11+00:00\",\"dateModified\":\"2026-03-15T19:32:37+00:00\",\"description\":\"Sweet and dessert-like \u2014 buy Zereal Milk Smalls strain for hybrid effects, cereal-flavored buds, and discreet worldwide shipping\",\"breadcrumb\":{\"@id\":\"https:\\\/\\\/moodbudz.com\\\/product\\\/zereal-milk-smalls\\\/#breadcrumb\"},\"inLanguage\":\"pt-PT\",\"potentialAction\":[{\"@type\":\"ReadAction\",\"target\":[\"https:\\\/\\\/moodbudz.com\\\/product\\\/zereal-milk-smalls\\\/\"]}]},{\"@type\":\"ImageObject\",\"inLanguage\":\"pt-PT\",\"@id\":\"https:\\\/\\\/moodbudz.com\\\/product\\\/zereal-milk-smalls\\\/#primaryimage\",\"url\":\"https:\\\/\\\/moodbudz.com\\\/wp-content\\\/uploads\\\/2025\\\/08\\\/Zereal-Milk-Smalls-Strain-Hybrid-Weed.jpg\",\"contentUrl\":\"https:\\\/\\\/moodbudz.com\\\/wp-content\\\/uploads\\\/2025\\\/08\\\/Zereal-Milk-Smalls-Strain-Hybrid-Weed.jpg\",\"width\":500,\"height\":500,\"caption\":\"Zereal Milk Smalls Strain Hybrid Weed\"},{\"@type\":\"BreadcrumbList\",\"@id\":\"https:\\\/\\\/moodbudz.com\\\/product\\\/zereal-milk-smalls\\\/#breadcrumb\",\"itemListElement\":[{\"@type\":\"ListItem\",\"position\":1,\"name\":\"Home\",\"item\":\"https:\\\/\\\/moodbudz.com\\\/\"},{\"@type\":\"ListItem\",\"position\":2,\"name\":\"Shop\",\"item\":\"https:\\\/\\\/moodbudz.com\\\/shop\\\/\"},{\"@type\":\"ListItem\",\"position\":3,\"name\":\"Zereal Milk Smalls\"}]},{\"@type\":\"WebSite\",\"@id\":\"https:\\\/\\\/moodbudz.com\\\/#website\",\"url\":\"https:\\\/\\\/moodbudz.com\\\/\",\"name\":\"MoodBudz\",\"description\":\"Buy Premium Cannabis Online Safely and Legally\",\"publisher\":{\"@id\":\"https:\\\/\\\/moodbudz.com\\\/#organization\"},\"alternateName\":\"MBudz\",\"potentialAction\":[{\"@type\":\"SearchAction\",\"target\":{\"@type\":\"EntryPoint\",\"urlTemplate\":\"https:\\\/\\\/moodbudz.com\\\/?s={search_term_string}\"},\"query-input\":{\"@type\":\"PropertyValueSpecification\",\"valueRequired\":true,\"valueName\":\"search_term_string\"}}],\"inLanguage\":\"pt-PT\"},{\"@type\":\"Organization\",\"@id\":\"https:\\\/\\\/moodbudz.com\\\/#organization\",\"name\":\"MoodBudz\",\"alternateName\":\"WeedBudz\",\"url\":\"https:\\\/\\\/moodbudz.com\\\/\",\"logo\":{\"@type\":\"ImageObject\",\"inLanguage\":\"pt-PT\",\"@id\":\"https:\\\/\\\/moodbudz.com\\\/#\\\/schema\\\/logo\\\/image\\\/\",\"url\":\"https:\\\/\\\/moodbudz.com\\\/wp-content\\\/uploads\\\/2025\\\/08\\\/Add-a-heading-1.png\",\"contentUrl\":\"https:\\\/\\\/moodbudz.com\\\/wp-content\\\/uploads\\\/2025\\\/08\\\/Add-a-heading-1.png\",\"width\":186,\"height\":65,\"caption\":\"MoodBudz\"},\"image\":{\"@id\":\"https:\\\/\\\/moodbudz.com\\\/#\\\/schema\\\/logo\\\/image\\\/\"},\"hasMerchantReturnPolicy\":{\"@type\":\"MerchantReturnPolicy\",\"merchantReturnLink\":\"https:\\\/\\\/moodbudz.com\\\/pt\\\/refund_returns\\\/\"}}]}<\/script>\n<meta property=\"product:brand\" content=\"simple\" \/>\n<meta property=\"product:price:amount\" content=\"120.00\" \/>\n<meta property=\"product:price:currency\" content=\"USD\" \/>\n<meta property=\"og:availability\" content=\"instock\" \/>\n<meta property=\"product:availability\" content=\"instock\" \/>\n<meta property=\"product:condition\" content=\"new\" \/>\n<!-- \/ Yoast SEO Premium plugin. -->","yoast_head_json":{"title":"Buy Zereal Milk Smalls Strain | Hybrid Weed","description":"Sweet and dessert-like \u2014 buy Zereal Milk Smalls strain for hybrid effects, cereal-flavored buds, and discreet worldwide shipping","robots":{"index":"index","follow":"follow","max-snippet":"max-snippet:-1","max-image-preview":"max-image-preview:large","max-video-preview":"max-video-preview:-1"},"canonical":"https:\/\/moodbudz.com\/pt\/product\/zereal-leite-pequenos-pedacos\/","og_locale":"pt_PT","og_type":"article","og_title":"Zereal Milk Smalls","og_description":"Sweet and dessert-like \u2014 buy Zereal Milk Smalls strain for hybrid effects, cereal-flavored buds, and discreet worldwide shipping","og_url":"https:\/\/moodbudz.com\/pt\/product\/zereal-leite-pequenos-pedacos\/","og_site_name":"MoodBudz","article_modified_time":"2026-03-15T19:32:37+00:00","og_image":[{"width":500,"height":500,"url":"https:\/\/moodbudz.com\/wp-content\/uploads\/2025\/08\/Zereal-Milk-Smalls-Strain-Hybrid-Weed.jpg","type":"image\/jpeg"}],"twitter_card":"summary_large_image","twitter_misc":{"pre\u00e7o":"&#36;120.00","Disponibilidade":"Em stock"},"schema":{"@context":"https:\/\/schema.org","@graph":[{"@type":"WebPage","@id":"https:\/\/moodbudz.com\/product\/zereal-milk-smalls\/","url":"https:\/\/moodbudz.com\/product\/zereal-milk-smalls\/","name":"Buy Zereal Milk Smalls Strain | Hybrid Weed","isPartOf":{"@id":"https:\/\/moodbudz.com\/#website"},"primaryImageOfPage":{"@id":"https:\/\/moodbudz.com\/product\/zereal-milk-smalls\/#primaryimage"},"image":{"@id":"https:\/\/moodbudz.com\/product\/zereal-milk-smalls\/#primaryimage"},"thumbnailUrl":"https:\/\/moodbudz.com\/wp-content\/uploads\/2025\/08\/Zereal-Milk-Smalls-Strain-Hybrid-Weed.jpg","datePublished":"2025-08-08T19:53:11+00:00","dateModified":"2026-03-15T19:32:37+00:00","description":"Sweet and dessert-like \u2014 buy Zereal Milk Smalls strain for hybrid effects, cereal-flavored buds, and discreet worldwide shipping","breadcrumb":{"@id":"https:\/\/moodbudz.com\/product\/zereal-milk-smalls\/#breadcrumb"},"inLanguage":"pt-PT","potentialAction":[{"@type":"ReadAction","target":["https:\/\/moodbudz.com\/product\/zereal-milk-smalls\/"]}]},{"@type":"ImageObject","inLanguage":"pt-PT","@id":"https:\/\/moodbudz.com\/product\/zereal-milk-smalls\/#primaryimage","url":"https:\/\/moodbudz.com\/wp-content\/uploads\/2025\/08\/Zereal-Milk-Smalls-Strain-Hybrid-Weed.jpg","contentUrl":"https:\/\/moodbudz.com\/wp-content\/uploads\/2025\/08\/Zereal-Milk-Smalls-Strain-Hybrid-Weed.jpg","width":500,"height":500,"caption":"Zereal Milk Smalls Strain Hybrid Weed"},{"@type":"BreadcrumbList","@id":"https:\/\/moodbudz.com\/product\/zereal-milk-smalls\/#breadcrumb","itemListElement":[{"@type":"ListItem","position":1,"name":"Home","item":"https:\/\/moodbudz.com\/"},{"@type":"ListItem","position":2,"name":"Shop","item":"https:\/\/moodbudz.com\/shop\/"},{"@type":"ListItem","position":3,"name":"Zereal Milk Smalls"}]},{"@type":"WebSite","@id":"https:\/\/moodbudz.com\/#website","url":"https:\/\/moodbudz.com\/","name":"MoodBudz","description":"Compre Cannabis Premium Online de Forma Segura e Legal","publisher":{"@id":"https:\/\/moodbudz.com\/#organization"},"alternateName":"MBudz","potentialAction":[{"@type":"SearchAction","target":{"@type":"EntryPoint","urlTemplate":"https:\/\/moodbudz.com\/?s={search_term_string}"},"query-input":{"@type":"PropertyValueSpecification","valueRequired":true,"valueName":"search_term_string"}}],"inLanguage":"pt-PT"},{"@type":"Organization","@id":"https:\/\/moodbudz.com\/#organization","name":"MoodBudz","alternateName":"WeedBudz","url":"https:\/\/moodbudz.com\/","logo":{"@type":"ImageObject","inLanguage":"pt-PT","@id":"https:\/\/moodbudz.com\/#\/schema\/logo\/image\/","url":"https:\/\/moodbudz.com\/wp-content\/uploads\/2025\/08\/Add-a-heading-1.png","contentUrl":"https:\/\/moodbudz.com\/wp-content\/uploads\/2025\/08\/Add-a-heading-1.png","width":186,"height":65,"caption":"MoodBudz"},"image":{"@id":"https:\/\/moodbudz.com\/#\/schema\/logo\/image\/"},"hasMerchantReturnPolicy":{"@type":"MerchantReturnPolicy","merchantReturnLink":"https:\/\/moodbudz.com\/pt\/refund_returns\/"}}]},"product_brand":"simple","product_price_amount":"120.00","product_price_currency":"USD","og_availability":"instock","product_availability":"instock","product_condition":"new"},"_links":{"self":[{"href":"https:\/\/moodbudz.com\/pt\/wp-json\/wp\/v2\/product\/305","targetHints":{"allow":["GET"]}}],"collection":[{"href":"https:\/\/moodbudz.com\/pt\/wp-json\/wp\/v2\/product"}],"about":[{"href":"https:\/\/moodbudz.com\/pt\/wp-json\/wp\/v2\/types\/product"}],"replies":[{"embeddable":true,"href":"https:\/\/moodbudz.com\/pt\/wp-json\/wp\/v2\/comments?post=305"}],"version-history":[{"count":3,"href":"https:\/\/moodbudz.com\/pt\/wp-json\/wp\/v2\/product\/305\/revisions"}],"predecessor-version":[{"id":20191,"href":"https:\/\/moodbudz.com\/pt\/wp-json\/wp\/v2\/product\/305\/revisions\/20191"}],"wp:featuredmedia":[{"embeddable":true,"href":"https:\/\/moodbudz.com\/pt\/wp-json\/wp\/v2\/media\/20190"}],"wp:attachment":[{"href":"https:\/\/moodbudz.com\/pt\/wp-json\/wp\/v2\/media?parent=305"}],"wp:term":[{"taxonomy":"product_brand","embeddable":true,"href":"https:\/\/moodbudz.com\/pt\/wp-json\/wp\/v2\/product_brand?post=305"},{"taxonomy":"product_cat","embeddable":true,"href":"https:\/\/moodbudz.com\/pt\/wp-json\/wp\/v2\/product_cat?post=305"},{"taxonomy":"product_tag","embeddable":true,"href":"https:\/\/moodbudz.com\/pt\/wp-json\/wp\/v2\/product_tag?post=305"}],"curies":[{"name":"wp","href":"https:\/\/api.w.org\/{rel}","templated":true}]}}